{"id":4099,"date":"2024-08-27T12:38:03","date_gmt":"2024-08-27T12:38:03","guid":{"rendered":"https:\/\/parrishandheimbecker-ag.com\/ph-central\/"},"modified":"2026-01-29T20:21:48","modified_gmt":"2026-01-29T20:21:48","slug":"ph-central","status":"publish","type":"page","link":"https:\/\/parrishandheimbecker-ag.com\/fr\/grain\/ph-central\/","title":{"rendered":"P&amp;H Central"},"content":{"rendered":"\n<section class=\"hero\" style=\"background: url('https:\/\/parrishandheimbecker-ag.com\/wp-content\/uploads\/2024\/09\/PHLCentral-Website-Header-master.webp') no-repeat center\/cover;\">\n    <div class=\"inner\">        \n        <div class=\"central-hero\">\n            <img decoding=\"async\" src=\"https:\/\/parrishandheimbecker-ag.com\/wp-content\/uploads\/2024\/09\/PH-Central_Tagline-V_RGB-master.webp\" alt=\"P&amp;H Central\">\n        <\/div>\n    <\/div>\n<\/section>\n<section class=\"breadcrumb-block\" style=\"background-color: #F2F3F1;\">\n    <div class=\"container\">\n        <p id=\"breadcrumbs\"><span><span><a href=\"https:\/\/parrishandheimbecker-ag.com\/fr\/\">Home<\/a><\/span><\/span><\/p>    <\/div>\n<\/section>\n\n\n\n<section id=\"award-block\" class=\"general\">\n    <div class=\"container\">\n        <div class=\"award-block-wrapper\">\n            <div>\n                <img loading=\"lazy\" decoding=\"async\" src=\"https:\/\/parrishandheimbecker-ag.com\/wp-content\/themes\/cropinputs\/img\/agtech-award.png\" alt=\"AgTech award\" class=\"award-image\" width=\"56\" height=\"51\" \/>\n            <\/div>\n\n            <div>\n                <p>P&#038;H is proud to announce that P&#038;H Central has won the 2025 AgTech Breakthrough Farm Management Solution of the Year Award.<\/p>\n            <\/div>\n        <\/div>\n        \n    <\/div>\n<\/section>\n\n\n\n<section class=\"general gray top\">\n    <div class=\"container halves\">\n\n                <div class=\"column\">\n                <div class=\"module text\"><h1>Mettez votre<br \/>\nentreprise en ligne.<\/h1>\n<p>P&amp;H Central est le portail en ligne de votre entreprise avec P&amp;H. Cr\u00e9ez des bons de commande de grains, consultez les prix, les contrats existants et bien plus encore via un navigateur web et des applications mobiles. Veuillez noter que <a href=\"https:\/\/pandhcentral.com\/\" target=\"_blank\" rel=\"noopener\">les premi\u00e8res connexions<\/a> doivent \u00eatre effectu\u00e9es via un navigateur Web pour commencer.<\/p>\n<p><a class=\"button tertiary\" href=\"https:\/\/pandhcentral.com\/\" target=\"_blank\" rel=\"noopener\">Connectez-vous \u00e0 P&amp;H Central<\/a><br \/>\nou<\/p>\n<h4>T\u00e9l\u00e9chargez l&#039;application<\/h4>\n<div class=\"store-icon\"><a class=\"btn-store-apple\" href=\"https:\/\/apps.apple.com\/app\/p-h-central\/id6504573253\" target=\"_blank\" rel=\"noopener\"><img loading=\"lazy\" decoding=\"async\" class=\"alignnone\" src=\"https:\/\/parrishandheimbecker-ag.com\/wp-content\/uploads\/2024\/08\/apple-store.png\" alt=\"application Apple Store\" width=\"162\" height=\"48\"><\/a><a class=\"btn-store-google\" href=\"https:\/\/play.google.com\/store\/apps\/details?id=com.phcentral.ph.ph_app\" target=\"_blank\" rel=\"noopener\"><img loading=\"lazy\" decoding=\"async\" class=\"alignnone wp-image-2808 size-full\" src=\"https:\/\/parrishandheimbecker-ag.com\/wp-content\/uploads\/2024\/08\/playstore.png\" alt=\"play store\" width=\"162\" height=\"48\"><\/a><\/div>\n<\/div>            <\/div>\n                    <div class=\"column\">\n                <div class=\"module video\"><\/div>            <\/div>\n            <\/div>\n<\/section>\n\n<section class=\"general gray top\">\n    <div class=\"container halves\">\n\n                <div class=\"column\">\n                <div class=\"module image\"><img decoding=\"async\" src=\"https:\/\/parrishandheimbecker-ag.com\/wp-content\/uploads\/2024\/08\/your_business_img.webp\" alt=\"Your Business Img\" \/><\/div>            <\/div>\n                    <div class=\"column\">\n                <div class=\"module text\"><h3>Votre entreprise. Vos r\u00e8gles.<\/h3>\n<p>Tout ce dont vous avez besoin pour g\u00e9rer votre entreprise est ici. Cr\u00e9ez et modifiez vos commandes d\u2019achat de grains en temps r\u00e9el, consultez vos contrats en cours et pass\u00e9s, comparez les prix, et bien plus encore. Ceci est votre portail pour faire des affaires avec P&amp;H, 24 heures sur 24, 365 jours par an.<\/p>\n<ul>\n<li>Cr\u00e9ez, modifiez et annulez des OTG en ligne.<\/li>\n<li>Acc\u00e9dez aux informations de votre compte et \u00e0 vos transactions pass\u00e9es.<\/li>\n<li>Consultez les d\u00e9tails d&#039;un contrat.<\/li>\n<li>Voir les billets d&#039;achat.<\/li>\n<li>V\u00e9rifiez le stockage et les charges non tarif\u00e9es.<\/li>\n<\/ul>\n<\/div>            <\/div>\n            <\/div>\n<\/section>\n\n<section class=\"testimonial gray multi\">\n    <div class=\"container\">\n    \n                    <div class=\"testimonialSlider\">\n                \n                    <div class=\"slide\">\n                       <!--  <div class=\"image\">\n                            <img decoding=\"async\" src=\"\" alt=\"\">\n                        <\/div> -->\n                        <div class=\"content\">\n                            <blockquote>Pouvoir cr\u00e9er un OTG en ligne, surtout lorsque le march\u00e9 \u00e9volue rapidement, est un vrai avantage.                        <\/blockquote>\n                            <div class=\"author\">\n                                <p>Brett Sinclair           <\/p>\n                                <p><\/p>\n                                <a href=\"tel:\"><\/a>\n                            <\/div>\n                        <\/div>\n                    <\/div>\n\n                \n                    <div class=\"slide\">\n                       <!--  <div class=\"image\">\n                            <img decoding=\"async\" src=\"\" alt=\"\">\n                        <\/div> -->\n                        <div class=\"content\">\n                            <blockquote>Je suis quelqu\u2019un qui aime faire les choses par lui-m\u00eame. Pouvoir consulter les OTG en ligne pour m&rsquo;assurer que je suis satisfait des choses avant d&rsquo;appuyer sur le bouton d&rsquo;envoi est tr\u00e8s utile.                      <\/blockquote>\n                            <div class=\"author\">\n                                <p>Lynn Thacker                      <\/p>\n                                <p><\/p>\n                                <a href=\"tel:\"><\/a>\n                            <\/div>\n                        <\/div>\n                    <\/div>\n\n                            <\/div>\n            <\/div>\n<\/section>\n<section class=\"white-block top\">\n    <div class=\"container halves\">\n    <div class=\"column\"><div class=\"module text\"><p><a class=\"button tertiary\" href=\"https:\/\/pandhcentral.com\/\" target=\"_blank\" rel=\"noopener\">Connectez-vous \u00e0 P&amp;H Central<\/a><br \/>\nou<\/p>\n<h4>T\u00e9l\u00e9chargez l&#039;application<\/h4>\n<div class=\"store-icon\"><a class=\"btn-store-apple\" href=\"https:\/\/apps.apple.com\/app\/p-h-central\/id6504573253\" target=\"_blank\" rel=\"noopener\"><img loading=\"lazy\" decoding=\"async\" class=\"alignnone\" src=\"https:\/\/parrishandheimbecker-ag.com\/wp-content\/uploads\/2024\/08\/apple-store.png\" alt=\"application Apple Store\" width=\"162\" height=\"48\"><\/a><a class=\"btn-store-google\" href=\"https:\/\/play.google.com\/store\/apps\/details?id=com.phcentral.ph.ph_app\" target=\"_blank\" rel=\"noopener\"><img loading=\"lazy\" decoding=\"async\" class=\"alignnone wp-image-2808 size-full\" src=\"https:\/\/parrishandheimbecker-ag.com\/wp-content\/uploads\/2024\/08\/playstore.png\" alt=\"play store\" width=\"162\" height=\"48\"><\/a><\/div>\n<\/div><\/div><div class=\"column\"><div class=\"module text\"><h3>Cr\u00e9er un compte<\/h3>\n<p>Si vous n&#039;avez pas encore de compte chez P&amp;H, appelez-nous et nous vous en cr\u00e9erons un.<\/p>\n<p>Appelez votre <a href=\"https:\/\/parrishandheimbecker-ag.com\/fr\/find-a-location\/\">succursale P&amp;H<\/a> locale<\/p>\n<\/div><\/div>    <\/div>\n<\/section>\n<section class=\"accordion gray\">\n    <div class=\"container\">\n    <div class=\"intro\"><h3 style=\"text-align: center\">Questions fr\u00e9quemment pos\u00e9es<\/h3>\n<\/div>        <div class=\"accordionItems  padding\" id=\"accordionItems-1\">\n            \n                    <div class=\"accordionItem\"><div class=\"accordionTitle accordionTitle-1\" id=\"accordionTitle-1-1\"><span>Comment acc\u00e9der \u00e0 P&amp;H Central?<\/span><\/div>\n                    <div class=\"accordionCopy accordionCopy-1\" id=\"accordionCopy-1-1\"><p>Vous pourrez acc\u00e9der \u00e0 P&amp;H Central sur votre ordinateur, tablette, Web mobile et application mobile via Google Play ou App Store. Veuillez noter que <a href=\"https:\/\/pandhcentral.com\/\" target=\"_blank\" rel=\"noopener\">les premi\u00e8res connexions<\/a> doivent \u00eatre effectu\u00e9es via un navigateur Web pour commencer; apr\u00e8s, les utilisateurs peuvent se connecter aux versions d&#039;applications mobiles.<\/p>\n<\/div><\/div>\n                \n                    <div class=\"accordionItem\"><div class=\"accordionTitle accordionTitle-1\" id=\"accordionTitle-2-1\"><span>Quelle adresse courriel dois-je utiliser pour me connecter \u00e0 P&amp;H Central?<\/span><\/div>\n                    <div class=\"accordionCopy accordionCopy-1\" id=\"accordionCopy-2-1\"><p>Utilisez l\u2019adresse courriel associ\u00e9e \u00e0 votre compte P&amp;H. Lors de votre premi\u00e8re connexion, vous devrez d\u00e9finir un nouveau mot de passe. Si vous n\u2019avez pas de compte P&amp;H, appelez votre <a href=\"https:\/\/parrishandheimbecker-ag.com\/fr\/find-a-location\/\">succursale P&amp;H<\/a> locale pour obtenir de l\u2019aide.<\/p>\n<\/div><\/div>\n                \n                    <div class=\"accordionItem\"><div class=\"accordionTitle accordionTitle-1\" id=\"accordionTitle-3-1\"><span>Comment r\u00e9initialiser mon mot de passe?<\/span><\/div>\n                    <div class=\"accordionCopy accordionCopy-1\" id=\"accordionCopy-3-1\"><p>Sur l\u2019\u00e9cran de connexion, s\u00e9lectionnez le lien \u00ab Mot de passe oubli\u00e9 \u00bb. Vous recevrez un courriel avec un lien pour r\u00e9initialiser votre mot de passe. Si vous ne recevez pas de lien dans les 5 minutes, v\u00e9rifiez votre filtre anti-spam ou appelez votre <a href=\"https:\/\/parrishandheimbecker-ag.com\/fr\/find-a-location\/\" target=\"_blank\" rel=\"noopener\">succursale P&amp;H<\/a> locale.<\/p>\n<\/div><\/div>\n                \n                    <div class=\"accordionItem\"><div class=\"accordionTitle accordionTitle-1\" id=\"accordionTitle-4-1\"><span>Qu&rsquo;advient-il de l&rsquo;application P&amp;H Direct?<\/span><\/div>\n                    <div class=\"accordionCopy accordionCopy-1\" id=\"accordionCopy-4-1\"><p>Apr\u00e8s le 15 juillet 2024, l&rsquo;application P&amp;H Direct ne sera plus mise \u00e0 jour. Une fois connect\u00e9 \u00e0 P&amp;H Central, nous vous recommandons de supprimer P&amp;H Direct de votre appareil mobile.  <\/p>\n<\/div><\/div>\n                \n                    <div class=\"accordionItem\"><div class=\"accordionTitle accordionTitle-1\" id=\"accordionTitle-5-1\"><span>Quoi de neuf sur P&amp;H Central?<\/span><\/div>\n                    <div class=\"accordionCopy accordionCopy-1\" id=\"accordionCopy-5-1\"><p>P&amp;H Central est une nouvelle plateforme num\u00e9rique am\u00e9lior\u00e9e qui comprend toutes les fonctionnalit\u00e9s de P&amp;H Direct et plus encore. Les nouveaux ajouts incluent\u00a0: la possibilit\u00e9 de cr\u00e9er, de modifier et d&rsquo;afficher des OTG en temps r\u00e9el, d&rsquo;avoir un acc\u00e8s mobile et de bureau, de visualiser les achats pass\u00e9s, d&rsquo;exporter des PDF et bien plus encore.  <\/p>\n<\/div><\/div>\n                \n                    <div class=\"accordionItem\"><div class=\"accordionTitle accordionTitle-1\" id=\"accordionTitle-6-1\"><span>J&rsquo;ai des questions techniques sur P&amp;H Central<\/span><\/div>\n                    <div class=\"accordionCopy accordionCopy-1\" id=\"accordionCopy-6-1\"><p>Veuillez visiter la section \u00ab Aide \u00bb du portail P&amp;H Central pour notre vid\u00e9o \u00ab Comment \u00e7a marche \u00bb et d&#039;autres ressources de formation ou appelez votre <a href=\"https:\/\/parrishandheimbecker-ag.com\/fr\/find-a-location\/\" target=\"_blank\" rel=\"noopener\">succursale P&amp;H<\/a> locale.<\/p>\n<\/div><\/div>\n                        <\/div>\n    <\/div>\n<\/section>\n<section class=\"cta white\">\n    <div class=\"container\">\n        <div class=\"left noimage\">\n            <h3 style=\"text-align: center\">Mettez votre entreprise en ligne.<\/h3>\n\n                            <div class=\"buttons\">\n                                            <a class=\"button primary\" href=\"https:\/\/pandhcentral.com\/\" target=\"\"><span>Log In <\/span><\/a>\n                                                        <\/div>\n                    <\/div>\n            <\/div>\n<\/section>","protected":false},"excerpt":{"rendered":"","protected":false},"author":2,"featured_media":0,"parent":4282,"menu_order":3,"comment_status":"closed","ping_status":"closed","template":"","meta":{"_acf_changed":true,"_relevanssi_hide_post":"","_relevanssi_hide_content":"","_relevanssi_pin_for_all":"","_relevanssi_pin_keywords":"","_relevanssi_unpin_keywords":"","_relevanssi_related_keywords":"","_relevanssi_related_include_ids":"","_relevanssi_related_exclude_ids":"","_relevanssi_related_no_append":"","_relevanssi_related_not_related":"","_relevanssi_related_posts":"2782,2176,2092,2052,507,2059","_relevanssi_noindex_reason":"","footnotes":""},"class_list":["post-4099","page","type-page","status-publish","hentry"],"acf":[],"yoast_head":"<!-- This site is optimized with the Yoast SEO Premium plugin v25.2 (Yoast SEO v27.4) - https:\/\/yoast.com\/product\/yoast-seo-premium-wordpress\/ -->\n<title>P&amp;H Central | P&amp;H<\/title>\n<meta name=\"description\" content=\"P&amp;H Central est le portail en ligne de votre entreprise avec P&amp;H. Cr\u00e9ez des bons de commande de grains, consultez les prix, les contrats existants et bien plus encore.\" \/>\n<meta name=\"robots\" content=\"index, follow, max-snippet:-1, max-image-preview:large, max-video-preview:-1\" \/>\n<link rel=\"canonical\" href=\"https:\/\/parrishandheimbecker-ag.com\/fr\/grain\/ph-central\/\" \/>\n<meta property=\"og:locale\" content=\"fr_FR\" \/>\n<meta property=\"og:type\" content=\"article\" \/>\n<meta property=\"og:title\" content=\"P&amp;H Central\" \/>\n<meta property=\"og:description\" content=\"P&amp;H Central est le portail en ligne de votre entreprise avec P&amp;H. Cr\u00e9ez des bons de commande de grains, consultez les prix, les contrats existants et bien plus encore.\" \/>\n<meta property=\"og:url\" content=\"https:\/\/parrishandheimbecker-ag.com\/fr\/grain\/ph-central\/\" \/>\n<meta property=\"og:site_name\" content=\"P&amp;H Crop Inputs and Grain\" \/>\n<meta property=\"article:publisher\" content=\"https:\/\/www.facebook.com\/ParrishHeimbecker\" \/>\n<meta property=\"article:modified_time\" content=\"2026-01-29T20:21:48+00:00\" \/>\n<meta name=\"twitter:card\" content=\"summary_large_image\" \/>\n<meta name=\"twitter:site\" content=\"@ParrishHeimbeck\" \/>\n<script type=\"application\/ld+json\" class=\"yoast-schema-graph\">{\"@context\":\"https:\\\/\\\/schema.org\",\"@graph\":[{\"@type\":\"WebPage\",\"@id\":\"https:\\\/\\\/parrishandheimbecker-ag.com\\\/fr\\\/grain\\\/ph-central\\\/\",\"url\":\"https:\\\/\\\/parrishandheimbecker-ag.com\\\/fr\\\/grain\\\/ph-central\\\/\",\"name\":\"P&H Central | P&H\",\"isPartOf\":{\"@id\":\"https:\\\/\\\/parrishandheimbecker-ag.com\\\/fr\\\/#website\"},\"datePublished\":\"2024-08-27T12:38:03+00:00\",\"dateModified\":\"2026-01-29T20:21:48+00:00\",\"description\":\"P&H Central est le portail en ligne de votre entreprise avec P&H. Cr\u00e9ez des bons de commande de grains, consultez les prix, les contrats existants et bien plus encore.\",\"breadcrumb\":{\"@id\":\"https:\\\/\\\/parrishandheimbecker-ag.com\\\/fr\\\/grain\\\/ph-central\\\/#breadcrumb\"},\"inLanguage\":\"fr-FR\",\"potentialAction\":[{\"@type\":\"ReadAction\",\"target\":[\"https:\\\/\\\/parrishandheimbecker-ag.com\\\/fr\\\/grain\\\/ph-central\\\/\"]}]},{\"@type\":\"BreadcrumbList\",\"@id\":\"https:\\\/\\\/parrishandheimbecker-ag.com\\\/fr\\\/grain\\\/ph-central\\\/#breadcrumb\",\"itemListElement\":[{\"@type\":\"ListItem\",\"position\":1,\"name\":\"Home\",\"item\":\"https:\\\/\\\/parrishandheimbecker-ag.com\\\/fr\\\/\"},{\"@type\":\"ListItem\",\"position\":2,\"name\":\"Grains\",\"item\":\"https:\\\/\\\/parrishandheimbecker-ag.com\\\/fr\\\/grain\\\/\"},{\"@type\":\"ListItem\",\"position\":3,\"name\":\"P&amp;H Central\"}]},{\"@type\":\"WebSite\",\"@id\":\"https:\\\/\\\/parrishandheimbecker-ag.com\\\/fr\\\/#website\",\"url\":\"https:\\\/\\\/parrishandheimbecker-ag.com\\\/fr\\\/\",\"name\":\"P&H Crop Inputs and Grain\",\"description\":\"\",\"publisher\":{\"@id\":\"https:\\\/\\\/parrishandheimbecker-ag.com\\\/fr\\\/#organization\"},\"alternateName\":\"Parrish & Heimbecker Crop Inputs and Grain\",\"potentialAction\":[{\"@type\":\"SearchAction\",\"target\":{\"@type\":\"EntryPoint\",\"urlTemplate\":\"https:\\\/\\\/parrishandheimbecker-ag.com\\\/fr\\\/?s={search_term_string}\"},\"query-input\":{\"@type\":\"PropertyValueSpecification\",\"valueRequired\":true,\"valueName\":\"search_term_string\"}}],\"inLanguage\":\"fr-FR\"},{\"@type\":\"Organization\",\"@id\":\"https:\\\/\\\/parrishandheimbecker-ag.com\\\/fr\\\/#organization\",\"name\":\"P&H Agriculture\",\"url\":\"https:\\\/\\\/parrishandheimbecker-ag.com\\\/fr\\\/\",\"logo\":{\"@type\":\"ImageObject\",\"inLanguage\":\"fr-FR\",\"@id\":\"https:\\\/\\\/parrishandheimbecker-ag.com\\\/fr\\\/#\\\/schema\\\/logo\\\/image\\\/\",\"url\":\"https:\\\/\\\/parrishandheimbecker-ag.com\\\/wp-content\\\/uploads\\\/2024\\\/08\\\/PH-Shield_Ampersand_Lockup_RGB-300x226-1.png\",\"contentUrl\":\"https:\\\/\\\/parrishandheimbecker-ag.com\\\/wp-content\\\/uploads\\\/2024\\\/08\\\/PH-Shield_Ampersand_Lockup_RGB-300x226-1.png\",\"width\":300,\"height\":226,\"caption\":\"P&H Agriculture\"},\"image\":{\"@id\":\"https:\\\/\\\/parrishandheimbecker-ag.com\\\/fr\\\/#\\\/schema\\\/logo\\\/image\\\/\"},\"sameAs\":[\"https:\\\/\\\/www.facebook.com\\\/ParrishHeimbecker\",\"https:\\\/\\\/x.com\\\/ParrishHeimbeck\"]}]}<\/script>\n<!-- \/ Yoast SEO Premium plugin. -->","yoast_head_json":{"title":"P&H Central | P&H","description":"P&H Central est le portail en ligne de votre entreprise avec P&H. Cr\u00e9ez des bons de commande de grains, consultez les prix, les contrats existants et bien plus encore.","robots":{"index":"index","follow":"follow","max-snippet":"max-snippet:-1","max-image-preview":"max-image-preview:large","max-video-preview":"max-video-preview:-1"},"canonical":"https:\/\/parrishandheimbecker-ag.com\/fr\/grain\/ph-central\/","og_locale":"fr_FR","og_type":"article","og_title":"P&amp;H Central","og_description":"P&H Central est le portail en ligne de votre entreprise avec P&H. Cr\u00e9ez des bons de commande de grains, consultez les prix, les contrats existants et bien plus encore.","og_url":"https:\/\/parrishandheimbecker-ag.com\/fr\/grain\/ph-central\/","og_site_name":"P&amp;H Crop Inputs and Grain","article_publisher":"https:\/\/www.facebook.com\/ParrishHeimbecker","article_modified_time":"2026-01-29T20:21:48+00:00","twitter_card":"summary_large_image","twitter_site":"@ParrishHeimbeck","schema":{"@context":"https:\/\/schema.org","@graph":[{"@type":"WebPage","@id":"https:\/\/parrishandheimbecker-ag.com\/fr\/grain\/ph-central\/","url":"https:\/\/parrishandheimbecker-ag.com\/fr\/grain\/ph-central\/","name":"P&H Central | P&H","isPartOf":{"@id":"https:\/\/parrishandheimbecker-ag.com\/fr\/#website"},"datePublished":"2024-08-27T12:38:03+00:00","dateModified":"2026-01-29T20:21:48+00:00","description":"P&H Central est le portail en ligne de votre entreprise avec P&H. Cr\u00e9ez des bons de commande de grains, consultez les prix, les contrats existants et bien plus encore.","breadcrumb":{"@id":"https:\/\/parrishandheimbecker-ag.com\/fr\/grain\/ph-central\/#breadcrumb"},"inLanguage":"fr-FR","potentialAction":[{"@type":"ReadAction","target":["https:\/\/parrishandheimbecker-ag.com\/fr\/grain\/ph-central\/"]}]},{"@type":"BreadcrumbList","@id":"https:\/\/parrishandheimbecker-ag.com\/fr\/grain\/ph-central\/#breadcrumb","itemListElement":[{"@type":"ListItem","position":1,"name":"Home","item":"https:\/\/parrishandheimbecker-ag.com\/fr\/"},{"@type":"ListItem","position":2,"name":"Grains","item":"https:\/\/parrishandheimbecker-ag.com\/fr\/grain\/"},{"@type":"ListItem","position":3,"name":"P&amp;H Central"}]},{"@type":"WebSite","@id":"https:\/\/parrishandheimbecker-ag.com\/fr\/#website","url":"https:\/\/parrishandheimbecker-ag.com\/fr\/","name":"P&H Crop Inputs and Grain","description":"","publisher":{"@id":"https:\/\/parrishandheimbecker-ag.com\/fr\/#organization"},"alternateName":"Parrish & Heimbecker Crop Inputs and Grain","potentialAction":[{"@type":"SearchAction","target":{"@type":"EntryPoint","urlTemplate":"https:\/\/parrishandheimbecker-ag.com\/fr\/?s={search_term_string}"},"query-input":{"@type":"PropertyValueSpecification","valueRequired":true,"valueName":"search_term_string"}}],"inLanguage":"fr-FR"},{"@type":"Organization","@id":"https:\/\/parrishandheimbecker-ag.com\/fr\/#organization","name":"P&H Agriculture","url":"https:\/\/parrishandheimbecker-ag.com\/fr\/","logo":{"@type":"ImageObject","inLanguage":"fr-FR","@id":"https:\/\/parrishandheimbecker-ag.com\/fr\/#\/schema\/logo\/image\/","url":"https:\/\/parrishandheimbecker-ag.com\/wp-content\/uploads\/2024\/08\/PH-Shield_Ampersand_Lockup_RGB-300x226-1.png","contentUrl":"https:\/\/parrishandheimbecker-ag.com\/wp-content\/uploads\/2024\/08\/PH-Shield_Ampersand_Lockup_RGB-300x226-1.png","width":300,"height":226,"caption":"P&H Agriculture"},"image":{"@id":"https:\/\/parrishandheimbecker-ag.com\/fr\/#\/schema\/logo\/image\/"},"sameAs":["https:\/\/www.facebook.com\/ParrishHeimbecker","https:\/\/x.com\/ParrishHeimbeck"]}]}},"_links":{"self":[{"href":"https:\/\/parrishandheimbecker-ag.com\/fr\/wp-json\/wp\/v2\/pages\/4099","targetHints":{"allow":["GET"]}}],"collection":[{"href":"https:\/\/parrishandheimbecker-ag.com\/fr\/wp-json\/wp\/v2\/pages"}],"about":[{"href":"https:\/\/parrishandheimbecker-ag.com\/fr\/wp-json\/wp\/v2\/types\/page"}],"author":[{"embeddable":true,"href":"https:\/\/parrishandheimbecker-ag.com\/fr\/wp-json\/wp\/v2\/users\/2"}],"replies":[{"embeddable":true,"href":"https:\/\/parrishandheimbecker-ag.com\/fr\/wp-json\/wp\/v2\/comments?post=4099"}],"version-history":[{"count":0,"href":"https:\/\/parrishandheimbecker-ag.com\/fr\/wp-json\/wp\/v2\/pages\/4099\/revisions"}],"up":[{"embeddable":true,"href":"https:\/\/parrishandheimbecker-ag.com\/fr\/wp-json\/wp\/v2\/pages\/4282"}],"wp:attachment":[{"href":"https:\/\/parrishandheimbecker-ag.com\/fr\/wp-json\/wp\/v2\/media?parent=4099"}],"curies":[{"name":"wp","href":"https:\/\/api.w.org\/{rel}","templated":true}]}}