{"id":4103,"date":"2024-08-22T15:28:45","date_gmt":"2024-08-22T15:28:45","guid":{"rendered":"https:\/\/parrishandheimbecker-ag.com\/about-us\/"},"modified":"2026-02-18T08:37:08","modified_gmt":"2026-02-18T08:37:08","slug":"about-us","status":"publish","type":"page","link":"https:\/\/parrishandheimbecker-ag.com\/fr\/about-us\/","title":{"rendered":"\u00c0 propos de nous"},"content":{"rendered":"\n<section class=\"hero image\" style=\"background: url(https:\/\/parrishandheimbecker-ag.com\/wp-content\/uploads\/2024\/08\/about-us-hero-1440x500-1.webp) no-repeat center\/cover;\">\n                <div class=\"overlay\"><\/div>\n    \n    <div class=\"container\">\n         <span class=\"headline\">\u00c0 PROPOS DE NOUS<\/span>\n                             <\/div>\n    <\/section>\n\n\n\n<section class=\"breadcrumb-block\" style=\"background-color: #ffffff;\">\n    <div class=\"container\">\n        <p id=\"breadcrumbs\"><span><span><a href=\"https:\/\/parrishandheimbecker-ag.com\/fr\/\">Home<\/a><\/span><\/span><\/p>    <\/div>\n<\/section>\n\n\n\n<section class=\"general white top\">\n    <div class=\"container\">\n\n                <div class=\"column\">\n                <div class=\"module text\"><h1>L&#039;UNE DES PLUS GRANDES ENTREPRISES AGROALIMENTAIRES DU CANADA<\/h1>\n<p>Notre organisation est une entreprise agroalimentaire familiale canadienne, avec plus de 115 ans de succ\u00e8s dans l\u2019industrie agricole. Parrish &amp; Heimbecker, Limited (P&amp;H) est une soci\u00e9t\u00e9 ax\u00e9e sur la croissance, diversifi\u00e9e et int\u00e9gr\u00e9e verticalement, avec des op\u00e9rations partout au Canada. Cela comprend la commercialisation des grains, les intrants agricoles, la minoterie et les usines d\u2019aliments pour animaux. Les multiples divisions de P&amp;H en font l\u2019une des plus grandes entreprises agroalimentaires int\u00e9gr\u00e9es au Canada. C&#039;est le plus grand minotier du pays et le troisi\u00e8me plus grand n\u00e9gociant en grains.<\/p>\n<h2>Une fi\u00e8re histoire<\/h2>\n<p>L&#039;entreprise a \u00e9t\u00e9 fond\u00e9e en 1909 lorsque deux familles de n\u00e9gociants en grains, dirig\u00e9es par WL Parrish de Brandon, au Manitoba, et Norman Heimbecker de Hanover, en Ontario, se sont unies pour devenir Parrish &amp; Heimbecker, Limited. Les membres de ces deux familles fondatrices poss\u00e8dent et dirigent toujours l\u2019entreprise plus d\u2019un si\u00e8cle plus tard. P&amp;H a connu une croissance substantielle d&#039;ann\u00e9e en ann\u00e9e avec des clients dans 24 pays et plus de 1 500 employ\u00e9s \u00e0 travers le Canada, y compris notre \u00e9quipe de minoterie chez P&amp;H Milling et nos fournisseurs d&#039;aliments pour b\u00e9tail chez New-Life Mills.<\/p>\n<\/div>            <\/div>\n            <\/div>\n<\/section>\n\n<section class=\"white-block top\">\n    <div class=\"container halves\">\n    <div class=\"column\"><div class=\"module text\"><h3>115 ans de succ\u00e8s dans l&#039;agroalimentaire<\/h3>\n<p><a class=\"button tertiary\" href=\"https:\/\/parrishandheimbecker-ag.com\/wp-content\/uploads\/2024\/08\/P_H_CompanyFolder_HiRes-1.pdf\" target=\"_blank\" rel=\"noopener\">Lire ici<\/a><\/p>\n<\/div><\/div><div class=\"column\"><div class=\"module text\"><h3>Bourse Passion &amp; Heart<\/h3>\n<p><a class=\"button tertiary\" href=\"https:\/\/parrishandheimbecker.com\/scholarship\/\" target=\"_blank\" rel=\"noopener\">En savoir plus<\/a><\/p>\n<\/div><\/div>    <\/div>\n<\/section>\n<section class=\"general white top\">\n    <div class=\"container\">\n\n                <div class=\"column\">\n                <div class=\"module text\"><h3>R\u00c9PUTATION ET QUALIT\u00c9<\/h3>\n<p>Les valeurs fondamentales d\u2019honn\u00eatet\u00e9 et d\u2019int\u00e9grit\u00e9 ont \u00e9t\u00e9 inculqu\u00e9es \u00e0 l\u2019entreprise par nos fondateurs et continuent d\u2019\u00eatre les principes directeurs de notre activit\u00e9 aujourd\u2019hui. Nous sommes fiers d&#039;\u00eatre un partenaire commercial de premier ordre qui se concentre sur l&#039;\u00e9coute et l&#039;apprentissage continu de la mani\u00e8re de s&#039;am\u00e9liorer afin de pouvoir r\u00e9pondre et d\u00e9passer les besoins de nos clients.<\/p>\n<h3>ENGAGEMENT ENVERS L&#039;AGRICULTURE CANADIENNE<\/h3>\n<p>Le groupe d\u2019entreprises P&amp;H s\u2019engage \u00e0 investir dans des installations de pointe et dans le d\u00e9veloppement continu d\u2019infrastructures qui soutiennent les producteurs agricoles canadiens. Notre activit\u00e9 couvre un large \u00e9ventail du secteur agroalimentaire et nous nous d\u00e9veloppons et nous adaptons constamment pour r\u00e9pondre aux demandes changeantes de nos clients et des consommateurs finaux.<\/p>\n<\/div>            <\/div>\n            <\/div>\n<\/section>\n\n<section class=\"general gray top\">\n    <div class=\"container halves\">\n\n                <div class=\"column\">\n                <div class=\"module text\"><p><span class=\"eyebrow\">CARRI\u00c8RES<\/span><\/p>\n<h2>REJOIGNEZ NOTRE \u00c9QUIPE PORT\u00c9E PAR L&#039;HISTOIRE ET LA MISSION!<\/h2>\n<p>Avec plus de 70 emplacements r\u00e9partis \u00e0 travers le pays et des liens commerciaux dans le monde entier, P&amp;H offre de nombreuses carri\u00e8res dans l\u2019agriculture canadienne.<\/p>\n<p><a class=\"button tertiary\" href=\"https:\/\/parrishandheimbecker.com\/company\/careers\/\" target=\"_blank\" rel=\"noopener\">Rejoignez-nous<\/a><\/p>\n<\/div>            <\/div>\n                    <div class=\"column\">\n                <div class=\"module image\"><img decoding=\"async\" src=\"https:\/\/parrishandheimbecker-ag.com\/wp-content\/uploads\/2024\/08\/herbicides-web-1.webp\" alt=\"Herbicides Web\" \/><\/div>            <\/div>\n            <\/div>\n<\/section>\n\n<section class=\"cta white\">\n    <div class=\"container\">\n        <div class=\"left noimage\">\n            <h2 style=\"text-align: center\">Au service du Canada depuis 115 ans<\/h2>\n\n                            <div class=\"buttons\">\n                                            <a class=\"button primary\" href=\"https:\/\/parrishandheimbecker-ag.com\/fr\/find-a-location\/\" target=\"\"><span>Contactez votre P&amp;H local<\/span><\/a>\n                                                        <\/div>\n                    <\/div>\n            <\/div>\n<\/section>","protected":false},"excerpt":{"rendered":"","protected":false},"author":2,"featured_media":0,"parent":0,"menu_order":7,"comment_status":"closed","ping_status":"closed","template":"","meta":{"_acf_changed":false,"_relevanssi_hide_post":"","_relevanssi_hide_content":"","_relevanssi_pin_for_all":"","_relevanssi_pin_keywords":"","_relevanssi_unpin_keywords":"","_relevanssi_related_keywords":"","_relevanssi_related_include_ids":"","_relevanssi_related_exclude_ids":"","_relevanssi_related_no_append":"","_relevanssi_related_not_related":"","_relevanssi_related_posts":"1,343,505,507,751,2049","_relevanssi_noindex_reason":"","footnotes":""},"class_list":["post-4103","page","type-page","status-publish","hentry"],"acf":[],"yoast_head":"<!-- This site is optimized with the Yoast SEO Premium plugin v25.2 (Yoast SEO v27.4) - https:\/\/yoast.com\/product\/yoast-seo-premium-wordpress\/ -->\n<title>Entreprise | P&amp;H<\/title>\n<meta name=\"description\" content=\"P&amp;H est un partenaire commercial de premier ordre, ax\u00e9 sur l&#039;\u00e9coute et l&#039;apprentissage continu afin d&#039;aligner et d&#039;adapter les services aux besoins des clients.\" \/>\n<meta name=\"robots\" content=\"index, follow, max-snippet:-1, max-image-preview:large, max-video-preview:-1\" \/>\n<link rel=\"canonical\" href=\"https:\/\/parrishandheimbecker-ag.com\/fr\/about-us\/\" \/>\n<meta property=\"og:locale\" content=\"fr_FR\" \/>\n<meta property=\"og:type\" content=\"article\" \/>\n<meta property=\"og:title\" content=\"\u00c0 propos de nous\" \/>\n<meta property=\"og:description\" content=\"P&amp;H est un partenaire commercial de premier ordre, ax\u00e9 sur l&#039;\u00e9coute et l&#039;apprentissage continu afin d&#039;aligner et d&#039;adapter les services aux besoins des clients.\" \/>\n<meta property=\"og:url\" content=\"https:\/\/parrishandheimbecker-ag.com\/fr\/about-us\/\" \/>\n<meta property=\"og:site_name\" content=\"P&amp;H Crop Inputs and Grain\" \/>\n<meta property=\"article:publisher\" content=\"https:\/\/www.facebook.com\/ParrishHeimbecker\" \/>\n<meta property=\"article:modified_time\" content=\"2026-02-18T08:37:08+00:00\" \/>\n<meta name=\"twitter:card\" content=\"summary_large_image\" \/>\n<meta name=\"twitter:site\" content=\"@ParrishHeimbeck\" \/>\n<script type=\"application\/ld+json\" class=\"yoast-schema-graph\">{\"@context\":\"https:\\\/\\\/schema.org\",\"@graph\":[{\"@type\":\"WebPage\",\"@id\":\"https:\\\/\\\/parrishandheimbecker-ag.com\\\/fr\\\/about-us\\\/\",\"url\":\"https:\\\/\\\/parrishandheimbecker-ag.com\\\/fr\\\/about-us\\\/\",\"name\":\"Entreprise | P&H\",\"isPartOf\":{\"@id\":\"https:\\\/\\\/parrishandheimbecker-ag.com\\\/fr\\\/#website\"},\"datePublished\":\"2024-08-22T15:28:45+00:00\",\"dateModified\":\"2026-02-18T08:37:08+00:00\",\"description\":\"P&H est un partenaire commercial de premier ordre, ax\u00e9 sur l'\u00e9coute et l'apprentissage continu afin d'aligner et d'adapter les services aux besoins des clients.\",\"breadcrumb\":{\"@id\":\"https:\\\/\\\/parrishandheimbecker-ag.com\\\/fr\\\/about-us\\\/#breadcrumb\"},\"inLanguage\":\"fr-FR\",\"potentialAction\":[{\"@type\":\"ReadAction\",\"target\":[\"https:\\\/\\\/parrishandheimbecker-ag.com\\\/fr\\\/about-us\\\/\"]}]},{\"@type\":\"BreadcrumbList\",\"@id\":\"https:\\\/\\\/parrishandheimbecker-ag.com\\\/fr\\\/about-us\\\/#breadcrumb\",\"itemListElement\":[{\"@type\":\"ListItem\",\"position\":1,\"name\":\"Home\",\"item\":\"https:\\\/\\\/parrishandheimbecker-ag.com\\\/fr\\\/\"},{\"@type\":\"ListItem\",\"position\":2,\"name\":\"\u00c0 propos de nous\"}]},{\"@type\":\"WebSite\",\"@id\":\"https:\\\/\\\/parrishandheimbecker-ag.com\\\/fr\\\/#website\",\"url\":\"https:\\\/\\\/parrishandheimbecker-ag.com\\\/fr\\\/\",\"name\":\"P&H Crop Inputs and Grain\",\"description\":\"\",\"publisher\":{\"@id\":\"https:\\\/\\\/parrishandheimbecker-ag.com\\\/fr\\\/#organization\"},\"alternateName\":\"Parrish & Heimbecker Crop Inputs and Grain\",\"potentialAction\":[{\"@type\":\"SearchAction\",\"target\":{\"@type\":\"EntryPoint\",\"urlTemplate\":\"https:\\\/\\\/parrishandheimbecker-ag.com\\\/fr\\\/?s={search_term_string}\"},\"query-input\":{\"@type\":\"PropertyValueSpecification\",\"valueRequired\":true,\"valueName\":\"search_term_string\"}}],\"inLanguage\":\"fr-FR\"},{\"@type\":\"Organization\",\"@id\":\"https:\\\/\\\/parrishandheimbecker-ag.com\\\/fr\\\/#organization\",\"name\":\"P&H Agriculture\",\"url\":\"https:\\\/\\\/parrishandheimbecker-ag.com\\\/fr\\\/\",\"logo\":{\"@type\":\"ImageObject\",\"inLanguage\":\"fr-FR\",\"@id\":\"https:\\\/\\\/parrishandheimbecker-ag.com\\\/fr\\\/#\\\/schema\\\/logo\\\/image\\\/\",\"url\":\"https:\\\/\\\/parrishandheimbecker-ag.com\\\/wp-content\\\/uploads\\\/2024\\\/08\\\/PH-Shield_Ampersand_Lockup_RGB-300x226-1.png\",\"contentUrl\":\"https:\\\/\\\/parrishandheimbecker-ag.com\\\/wp-content\\\/uploads\\\/2024\\\/08\\\/PH-Shield_Ampersand_Lockup_RGB-300x226-1.png\",\"width\":300,\"height\":226,\"caption\":\"P&H Agriculture\"},\"image\":{\"@id\":\"https:\\\/\\\/parrishandheimbecker-ag.com\\\/fr\\\/#\\\/schema\\\/logo\\\/image\\\/\"},\"sameAs\":[\"https:\\\/\\\/www.facebook.com\\\/ParrishHeimbecker\",\"https:\\\/\\\/x.com\\\/ParrishHeimbeck\"]}]}<\/script>\n<!-- \/ Yoast SEO Premium plugin. -->","yoast_head_json":{"title":"Entreprise | P&H","description":"P&H est un partenaire commercial de premier ordre, ax\u00e9 sur l'\u00e9coute et l'apprentissage continu afin d'aligner et d'adapter les services aux besoins des clients.","robots":{"index":"index","follow":"follow","max-snippet":"max-snippet:-1","max-image-preview":"max-image-preview:large","max-video-preview":"max-video-preview:-1"},"canonical":"https:\/\/parrishandheimbecker-ag.com\/fr\/about-us\/","og_locale":"fr_FR","og_type":"article","og_title":"\u00c0 propos de nous","og_description":"P&H est un partenaire commercial de premier ordre, ax\u00e9 sur l'\u00e9coute et l'apprentissage continu afin d'aligner et d'adapter les services aux besoins des clients.","og_url":"https:\/\/parrishandheimbecker-ag.com\/fr\/about-us\/","og_site_name":"P&amp;H Crop Inputs and Grain","article_publisher":"https:\/\/www.facebook.com\/ParrishHeimbecker","article_modified_time":"2026-02-18T08:37:08+00:00","twitter_card":"summary_large_image","twitter_site":"@ParrishHeimbeck","schema":{"@context":"https:\/\/schema.org","@graph":[{"@type":"WebPage","@id":"https:\/\/parrishandheimbecker-ag.com\/fr\/about-us\/","url":"https:\/\/parrishandheimbecker-ag.com\/fr\/about-us\/","name":"Entreprise | P&H","isPartOf":{"@id":"https:\/\/parrishandheimbecker-ag.com\/fr\/#website"},"datePublished":"2024-08-22T15:28:45+00:00","dateModified":"2026-02-18T08:37:08+00:00","description":"P&H est un partenaire commercial de premier ordre, ax\u00e9 sur l'\u00e9coute et l'apprentissage continu afin d'aligner et d'adapter les services aux besoins des clients.","breadcrumb":{"@id":"https:\/\/parrishandheimbecker-ag.com\/fr\/about-us\/#breadcrumb"},"inLanguage":"fr-FR","potentialAction":[{"@type":"ReadAction","target":["https:\/\/parrishandheimbecker-ag.com\/fr\/about-us\/"]}]},{"@type":"BreadcrumbList","@id":"https:\/\/parrishandheimbecker-ag.com\/fr\/about-us\/#breadcrumb","itemListElement":[{"@type":"ListItem","position":1,"name":"Home","item":"https:\/\/parrishandheimbecker-ag.com\/fr\/"},{"@type":"ListItem","position":2,"name":"\u00c0 propos de nous"}]},{"@type":"WebSite","@id":"https:\/\/parrishandheimbecker-ag.com\/fr\/#website","url":"https:\/\/parrishandheimbecker-ag.com\/fr\/","name":"P&H Crop Inputs and Grain","description":"","publisher":{"@id":"https:\/\/parrishandheimbecker-ag.com\/fr\/#organization"},"alternateName":"Parrish & Heimbecker Crop Inputs and Grain","potentialAction":[{"@type":"SearchAction","target":{"@type":"EntryPoint","urlTemplate":"https:\/\/parrishandheimbecker-ag.com\/fr\/?s={search_term_string}"},"query-input":{"@type":"PropertyValueSpecification","valueRequired":true,"valueName":"search_term_string"}}],"inLanguage":"fr-FR"},{"@type":"Organization","@id":"https:\/\/parrishandheimbecker-ag.com\/fr\/#organization","name":"P&H Agriculture","url":"https:\/\/parrishandheimbecker-ag.com\/fr\/","logo":{"@type":"ImageObject","inLanguage":"fr-FR","@id":"https:\/\/parrishandheimbecker-ag.com\/fr\/#\/schema\/logo\/image\/","url":"https:\/\/parrishandheimbecker-ag.com\/wp-content\/uploads\/2024\/08\/PH-Shield_Ampersand_Lockup_RGB-300x226-1.png","contentUrl":"https:\/\/parrishandheimbecker-ag.com\/wp-content\/uploads\/2024\/08\/PH-Shield_Ampersand_Lockup_RGB-300x226-1.png","width":300,"height":226,"caption":"P&H Agriculture"},"image":{"@id":"https:\/\/parrishandheimbecker-ag.com\/fr\/#\/schema\/logo\/image\/"},"sameAs":["https:\/\/www.facebook.com\/ParrishHeimbecker","https:\/\/x.com\/ParrishHeimbeck"]}]}},"_links":{"self":[{"href":"https:\/\/parrishandheimbecker-ag.com\/fr\/wp-json\/wp\/v2\/pages\/4103","targetHints":{"allow":["GET"]}}],"collection":[{"href":"https:\/\/parrishandheimbecker-ag.com\/fr\/wp-json\/wp\/v2\/pages"}],"about":[{"href":"https:\/\/parrishandheimbecker-ag.com\/fr\/wp-json\/wp\/v2\/types\/page"}],"author":[{"embeddable":true,"href":"https:\/\/parrishandheimbecker-ag.com\/fr\/wp-json\/wp\/v2\/users\/2"}],"replies":[{"embeddable":true,"href":"https:\/\/parrishandheimbecker-ag.com\/fr\/wp-json\/wp\/v2\/comments?post=4103"}],"version-history":[{"count":0,"href":"https:\/\/parrishandheimbecker-ag.com\/fr\/wp-json\/wp\/v2\/pages\/4103\/revisions"}],"wp:attachment":[{"href":"https:\/\/parrishandheimbecker-ag.com\/fr\/wp-json\/wp\/v2\/media?parent=4103"}],"curies":[{"name":"wp","href":"https:\/\/api.w.org\/{rel}","templated":true}]}}