{"id":4158,"date":"2025-01-13T02:30:50","date_gmt":"2025-01-13T02:30:50","guid":{"rendered":"https:\/\/parrishandheimbecker-ag.com\/hard-red-wheat-program\/"},"modified":"2026-02-18T07:48:38","modified_gmt":"2026-02-18T07:48:38","slug":"hard-red-wheat-program","status":"publish","type":"page","link":"https:\/\/parrishandheimbecker-ag.com\/fr\/hard-red-wheat-program\/","title":{"rendered":"Programme de bl\u00e9 dur rouge"},"content":{"rendered":"\n<section class=\"hero image\" style=\"background: url(https:\/\/parrishandheimbecker-ag.com\/wp-content\/uploads\/2024\/09\/2016_Wheat19-scaled-1.jpg) no-repeat center\/cover;\">\n                <div class=\"overlay\"><\/div>\n    \n    <div class=\"container\">\n         <span class=\"headline\">PROGRAMME DE BL\u00c9 DUR ROUGE PREMIUM<\/span>\n         <div class=\"subhead\">Sp\u00e9cial Ontario<\/div>                    <\/div>\n    <\/section>\n\n\n\n<section class=\"breadcrumb-block\" style=\"background-color: #ffffff;\">\n    <div class=\"container\">\n        <p id=\"breadcrumbs\"><span><span><a href=\"https:\/\/parrishandheimbecker-ag.com\/fr\/\">Home<\/a><\/span><\/span><\/p>    <\/div>\n<\/section>\n\n\n\n<section class=\"general white top\">\n    <div class=\"container\">\n\n                <div class=\"column\">\n                <div class=\"module text\"><h1>Qualit\u00e9 sup\u00e9rieure du plus grand meunier de farine du Canada<\/h1>\n<p><strong><\/strong>Comptez sur des rendements \u00e9lev\u00e9s, des prot\u00e9ines \u00e9lev\u00e9es et de bons profits avec notre programme de bl\u00e9 dur rouge premium. Fort d\u2019une vaste expertise dans la minoterie et les march\u00e9s que nous servons, P&amp;H garantit la qualit\u00e9 de la graine \u00e0 la table.<\/p>\n<p>Nous transformons le bl\u00e9 canadien en farine de qualit\u00e9 sup\u00e9rieure dans nos installations de Lethbridge, en Alberta, de Hanovre, de Cambridge, d&#039;Acton et de Hamilton, en Ontario, et d&#039;Halifax, en Nouvelle-\u00c9cosse. Pour mieux vous servir, nous agrandissons notre usine de Hamilton et avons commenc\u00e9 la construction d&#039;une nouvelle usine de mouture \u00e0 Red Deer, en Alberta.<\/p>\n<h2>Field to Market<\/h2>\n<p>P&amp;H s&#039;associe \u00e0 Field to Market Canada pour fournir des mesures agronomiques et de durabilit\u00e9 pour notre programme de bl\u00e9 dur rouge premium (HRW). En comparant les donn\u00e9es de terrain, nous visons \u00e0 am\u00e9liorer les rendements agronomiques, les pratiques de durabilit\u00e9 et la qualit\u00e9 du bl\u00e9, garantissant ainsi une am\u00e9lioration continue pour les agriculteurs et l&#039;industrie.<\/p>\n<\/div>            <\/div>\n            <\/div>\n<\/section>\n\n<section class=\"general gray top\">\n    <div class=\"container halves\">\n\n                <div class=\"column\">\n                <div class=\"module text\"><h3>Disponible pour nos clients de l&#039;Ontario<\/h3>\n<h2>Points forts du programme<\/h2>\n<ul>\n<li><strong>Vari\u00e9t\u00e9s\u00a0<\/strong>: Adrianus, PRO81, Redford<\/li>\n<li><strong>Semences certifi\u00e9es<\/strong> : <a href=\"https:\/\/parrishandheimbecker-ag.com\/fr\/find-a-location\/\">achet\u00e9es chez P&amp;H<\/a><\/li>\n<li><strong>Rapport de superficie<\/strong> : d\u00e9clarez vos superficies plant\u00e9es finales en novembre et vos superficies d\u00e9truites par l&#039;hiver en mai<\/li>\n<li><strong>Rapports de rendement<\/strong> : signalez tout probl\u00e8me connu susceptible d&#039;avoir un impact sur le rendement avant la r\u00e9colte<\/li>\n<li><strong>Quantit\u00e9 contractuelle<\/strong> : contrat jusqu&#039;\u00e0 90 bu\/ac sur le programme premium<\/li>\n<li><strong><\/strong>Teneur minimale en prot\u00e9ines : doit \u00eatre de 10 %<\/li>\n<\/ul>\n<\/div>            <\/div>\n                    <div class=\"column\">\n                <div class=\"module image\"><img decoding=\"async\" src=\"https:\/\/parrishandheimbecker-ag.com\/wp-content\/uploads\/2024\/09\/Partner_CMS_200x70.png\" alt=\"Partner Cms 200x70\" \/><\/div>            <\/div>\n            <\/div>\n<\/section>\n\n<section class=\"general white top\">\n    <div class=\"container halves\">\n\n                <div class=\"column\">\n                <div class=\"module text\"><h3>Comment vous \u00eates r\u00e9mun\u00e9r\u00e9<\/h3>\n<p><img loading=\"lazy\" decoding=\"async\" class=\"alignright wp-image-3755 size-full\" src=\"https:\/\/parrishandheimbecker-ag.com\/wp-content\/uploads\/2025\/03\/2025-pricing-v2.jpg\" alt=\"Tarification 2025 V2\" width=\"431\" height=\"576\" srcset=\"https:\/\/parrishandheimbecker-ag.com\/wp-content\/uploads\/2025\/03\/2025-pricing-v2.jpg 431w, https:\/\/parrishandheimbecker-ag.com\/wp-content\/uploads\/2025\/03\/2025-pricing-v2-224x300.jpg 224w\" sizes=\"auto, (max-width: 431px) 100vw, 431px\" \/><\/p>\n<\/div>            <\/div>\n                    <div class=\"column\">\n                <div class=\"module text\"><h3>Paiement prot\u00e9ines<\/h3>\n<p><img loading=\"lazy\" decoding=\"async\" class=\"alignright size-medium wp-image-3558\" src=\"https:\/\/parrishandheimbecker-ag.com\/wp-content\/uploads\/2024\/09\/HRW-protein-payment-2023-1-236x300.png\" alt=\"Paiement prot\u00e9ines du HRW 2023 (1)\" width=\"236\" height=\"300\" srcset=\"https:\/\/parrishandheimbecker-ag.com\/wp-content\/uploads\/2024\/09\/HRW-protein-payment-2023-1-236x300.png 236w, https:\/\/parrishandheimbecker-ag.com\/wp-content\/uploads\/2024\/09\/HRW-protein-payment-2023-1.png 284w\" sizes=\"auto, (max-width: 236px) 100vw, 236px\" \/><\/p>\n<\/div>            <\/div>\n            <\/div>\n<\/section>\n\n<section class=\"general white top\">\n    <div class=\"container\">\n\n                <div class=\"column\">\n                <div class=\"module text\"><h4>L&#039;offre expire le 14 avril 2025 ou lorsque le programme est complet.<\/h4>\n<p>Le tonnage du bl\u00e9 dur rouge premium produit au-del\u00e0 des quantit\u00e9s contractuelles sera soumis \u00e0 la valeur marchande actuelle au moment de la livraison. La base doit \u00eatre fix\u00e9e sur tout le tonnage au moyen d&#039;un prix forfaitaire ou d&#039;un contrat de base d&#039;ici le 13 ao\u00fbt 2026. La disponibilit\u00e9 et les prix des programmes sont sujets \u00e0 changement sans pr\u00e9avis.<\/p>\n<\/div>            <\/div>\n            <\/div>\n<\/section>\n\n<section class=\"cta white\">\n    <div class=\"container\">\n        <div class=\"left noimage\">\n            <h2>IL EST PAYANT DE REJOINDRE LE PROGRAMME DE BL\u00c9 DUR ROUGE PREMIUM DE P&amp;H<\/h2>\n\n                            <div class=\"buttons\">\n                                            <a class=\"button primary\" href=\"https:\/\/parrishandheimbecker-ag.com\/find-a-location\/\" target=\"_blank\"><span>Find a location<\/span><\/a>\n                                                        <\/div>\n                    <\/div>\n            <\/div>\n<\/section>","protected":false},"excerpt":{"rendered":"","protected":false},"author":2,"featured_media":0,"parent":0,"menu_order":14,"comment_status":"closed","ping_status":"closed","template":"","meta":{"_acf_changed":true,"_relevanssi_hide_post":"","_relevanssi_hide_content":"","_relevanssi_pin_for_all":"","_relevanssi_pin_keywords":"","_relevanssi_unpin_keywords":"","_relevanssi_related_keywords":"","_relevanssi_related_include_ids":"","_relevanssi_related_exclude_ids":"","_relevanssi_related_no_append":"","_relevanssi_related_not_related":"","_relevanssi_related_posts":"3648,2439,2762,2745,3708,2092","_relevanssi_noindex_reason":"","footnotes":""},"class_list":["post-4158","page","type-page","status-publish","hentry"],"acf":[],"yoast_head":"<!-- This site is optimized with the Yoast SEO Premium plugin v25.2 (Yoast SEO v26.8) - https:\/\/yoast.com\/product\/yoast-seo-premium-wordpress\/ -->\n<title>Programme de bl\u00e9 dur rouge - P&amp;H Crop Inputs and Grain<\/title>\n<meta name=\"robots\" content=\"index, follow, max-snippet:-1, max-image-preview:large, max-video-preview:-1\" \/>\n<link rel=\"canonical\" href=\"https:\/\/parrishandheimbecker-ag.com\/fr\/hard-red-wheat-program\/\" \/>\n<meta property=\"og:locale\" content=\"fr_FR\" \/>\n<meta property=\"og:type\" content=\"article\" \/>\n<meta property=\"og:title\" content=\"Programme de bl\u00e9 dur rouge\" \/>\n<meta property=\"og:url\" content=\"https:\/\/parrishandheimbecker-ag.com\/fr\/hard-red-wheat-program\/\" \/>\n<meta property=\"og:site_name\" content=\"P&amp;H Crop Inputs and Grain\" \/>\n<meta property=\"article:publisher\" content=\"https:\/\/www.facebook.com\/ParrishHeimbecker\" \/>\n<meta property=\"article:modified_time\" content=\"2026-02-18T07:48:38+00:00\" \/>\n<meta name=\"twitter:card\" content=\"summary_large_image\" \/>\n<meta name=\"twitter:site\" content=\"@ParrishHeimbeck\" \/>\n<script type=\"application\/ld+json\" class=\"yoast-schema-graph\">{\"@context\":\"https:\/\/schema.org\",\"@graph\":[{\"@type\":\"WebPage\",\"@id\":\"https:\/\/parrishandheimbecker-ag.com\/fr\/hard-red-wheat-program\/\",\"url\":\"https:\/\/parrishandheimbecker-ag.com\/fr\/hard-red-wheat-program\/\",\"name\":\"Programme de bl\u00e9 dur rouge - P&amp;H Crop Inputs and Grain\",\"isPartOf\":{\"@id\":\"https:\/\/parrishandheimbecker-ag.com\/fr\/#website\"},\"datePublished\":\"2025-01-13T02:30:50+00:00\",\"dateModified\":\"2026-02-18T07:48:38+00:00\",\"breadcrumb\":{\"@id\":\"https:\/\/parrishandheimbecker-ag.com\/fr\/hard-red-wheat-program\/#breadcrumb\"},\"inLanguage\":\"fr-FR\",\"potentialAction\":[{\"@type\":\"ReadAction\",\"target\":[\"https:\/\/parrishandheimbecker-ag.com\/fr\/hard-red-wheat-program\/\"]}]},{\"@type\":\"BreadcrumbList\",\"@id\":\"https:\/\/parrishandheimbecker-ag.com\/fr\/hard-red-wheat-program\/#breadcrumb\",\"itemListElement\":[{\"@type\":\"ListItem\",\"position\":1,\"name\":\"Home\",\"item\":\"https:\/\/parrishandheimbecker-ag.com\/fr\/\"},{\"@type\":\"ListItem\",\"position\":2,\"name\":\"Programme de bl\u00e9 dur rouge\"}]},{\"@type\":\"WebSite\",\"@id\":\"https:\/\/parrishandheimbecker-ag.com\/fr\/#website\",\"url\":\"https:\/\/parrishandheimbecker-ag.com\/fr\/\",\"name\":\"P&H Crop Inputs and Grain\",\"description\":\"\",\"publisher\":{\"@id\":\"https:\/\/parrishandheimbecker-ag.com\/fr\/#organization\"},\"alternateName\":\"Parrish & Heimbecker Crop Inputs and Grain\",\"potentialAction\":[{\"@type\":\"SearchAction\",\"target\":{\"@type\":\"EntryPoint\",\"urlTemplate\":\"https:\/\/parrishandheimbecker-ag.com\/fr\/?s={search_term_string}\"},\"query-input\":{\"@type\":\"PropertyValueSpecification\",\"valueRequired\":true,\"valueName\":\"search_term_string\"}}],\"inLanguage\":\"fr-FR\"},{\"@type\":\"Organization\",\"@id\":\"https:\/\/parrishandheimbecker-ag.com\/fr\/#organization\",\"name\":\"P&H Agriculture\",\"url\":\"https:\/\/parrishandheimbecker-ag.com\/fr\/\",\"logo\":{\"@type\":\"ImageObject\",\"inLanguage\":\"fr-FR\",\"@id\":\"https:\/\/parrishandheimbecker-ag.com\/fr\/#\/schema\/logo\/image\/\",\"url\":\"https:\/\/parrishandheimbecker-ag.com\/wp-content\/uploads\/2024\/08\/PH-Shield_Ampersand_Lockup_RGB-300x226-1.png\",\"contentUrl\":\"https:\/\/parrishandheimbecker-ag.com\/wp-content\/uploads\/2024\/08\/PH-Shield_Ampersand_Lockup_RGB-300x226-1.png\",\"width\":300,\"height\":226,\"caption\":\"P&H Agriculture\"},\"image\":{\"@id\":\"https:\/\/parrishandheimbecker-ag.com\/fr\/#\/schema\/logo\/image\/\"},\"sameAs\":[\"https:\/\/www.facebook.com\/ParrishHeimbecker\",\"https:\/\/x.com\/ParrishHeimbeck\"]}]}<\/script>\n<!-- \/ Yoast SEO Premium plugin. -->","yoast_head_json":{"title":"Programme de bl\u00e9 dur rouge - P&amp;H Crop Inputs and Grain","robots":{"index":"index","follow":"follow","max-snippet":"max-snippet:-1","max-image-preview":"max-image-preview:large","max-video-preview":"max-video-preview:-1"},"canonical":"https:\/\/parrishandheimbecker-ag.com\/fr\/hard-red-wheat-program\/","og_locale":"fr_FR","og_type":"article","og_title":"Programme de bl\u00e9 dur rouge","og_url":"https:\/\/parrishandheimbecker-ag.com\/fr\/hard-red-wheat-program\/","og_site_name":"P&amp;H Crop Inputs and Grain","article_publisher":"https:\/\/www.facebook.com\/ParrishHeimbecker","article_modified_time":"2026-02-18T07:48:38+00:00","twitter_card":"summary_large_image","twitter_site":"@ParrishHeimbeck","schema":{"@context":"https:\/\/schema.org","@graph":[{"@type":"WebPage","@id":"https:\/\/parrishandheimbecker-ag.com\/fr\/hard-red-wheat-program\/","url":"https:\/\/parrishandheimbecker-ag.com\/fr\/hard-red-wheat-program\/","name":"Programme de bl\u00e9 dur rouge - P&amp;H Crop Inputs and Grain","isPartOf":{"@id":"https:\/\/parrishandheimbecker-ag.com\/fr\/#website"},"datePublished":"2025-01-13T02:30:50+00:00","dateModified":"2026-02-18T07:48:38+00:00","breadcrumb":{"@id":"https:\/\/parrishandheimbecker-ag.com\/fr\/hard-red-wheat-program\/#breadcrumb"},"inLanguage":"fr-FR","potentialAction":[{"@type":"ReadAction","target":["https:\/\/parrishandheimbecker-ag.com\/fr\/hard-red-wheat-program\/"]}]},{"@type":"BreadcrumbList","@id":"https:\/\/parrishandheimbecker-ag.com\/fr\/hard-red-wheat-program\/#breadcrumb","itemListElement":[{"@type":"ListItem","position":1,"name":"Home","item":"https:\/\/parrishandheimbecker-ag.com\/fr\/"},{"@type":"ListItem","position":2,"name":"Programme de bl\u00e9 dur rouge"}]},{"@type":"WebSite","@id":"https:\/\/parrishandheimbecker-ag.com\/fr\/#website","url":"https:\/\/parrishandheimbecker-ag.com\/fr\/","name":"P&H Crop Inputs and Grain","description":"","publisher":{"@id":"https:\/\/parrishandheimbecker-ag.com\/fr\/#organization"},"alternateName":"Parrish & Heimbecker Crop Inputs and Grain","potentialAction":[{"@type":"SearchAction","target":{"@type":"EntryPoint","urlTemplate":"https:\/\/parrishandheimbecker-ag.com\/fr\/?s={search_term_string}"},"query-input":{"@type":"PropertyValueSpecification","valueRequired":true,"valueName":"search_term_string"}}],"inLanguage":"fr-FR"},{"@type":"Organization","@id":"https:\/\/parrishandheimbecker-ag.com\/fr\/#organization","name":"P&H Agriculture","url":"https:\/\/parrishandheimbecker-ag.com\/fr\/","logo":{"@type":"ImageObject","inLanguage":"fr-FR","@id":"https:\/\/parrishandheimbecker-ag.com\/fr\/#\/schema\/logo\/image\/","url":"https:\/\/parrishandheimbecker-ag.com\/wp-content\/uploads\/2024\/08\/PH-Shield_Ampersand_Lockup_RGB-300x226-1.png","contentUrl":"https:\/\/parrishandheimbecker-ag.com\/wp-content\/uploads\/2024\/08\/PH-Shield_Ampersand_Lockup_RGB-300x226-1.png","width":300,"height":226,"caption":"P&H Agriculture"},"image":{"@id":"https:\/\/parrishandheimbecker-ag.com\/fr\/#\/schema\/logo\/image\/"},"sameAs":["https:\/\/www.facebook.com\/ParrishHeimbecker","https:\/\/x.com\/ParrishHeimbeck"]}]}},"_links":{"self":[{"href":"https:\/\/parrishandheimbecker-ag.com\/fr\/wp-json\/wp\/v2\/pages\/4158","targetHints":{"allow":["GET"]}}],"collection":[{"href":"https:\/\/parrishandheimbecker-ag.com\/fr\/wp-json\/wp\/v2\/pages"}],"about":[{"href":"https:\/\/parrishandheimbecker-ag.com\/fr\/wp-json\/wp\/v2\/types\/page"}],"author":[{"embeddable":true,"href":"https:\/\/parrishandheimbecker-ag.com\/fr\/wp-json\/wp\/v2\/users\/2"}],"replies":[{"embeddable":true,"href":"https:\/\/parrishandheimbecker-ag.com\/fr\/wp-json\/wp\/v2\/comments?post=4158"}],"version-history":[{"count":0,"href":"https:\/\/parrishandheimbecker-ag.com\/fr\/wp-json\/wp\/v2\/pages\/4158\/revisions"}],"wp:attachment":[{"href":"https:\/\/parrishandheimbecker-ag.com\/fr\/wp-json\/wp\/v2\/media?parent=4158"}],"curies":[{"name":"wp","href":"https:\/\/api.w.org\/{rel}","templated":true}]}}