{"id":4161,"date":"2024-08-15T21:10:00","date_gmt":"2024-08-15T21:10:00","guid":{"rendered":"https:\/\/parrishandheimbecker-ag.com\/crop-inputs\/"},"modified":"2026-01-29T13:18:35","modified_gmt":"2026-01-29T13:18:35","slug":"crop-inputs","status":"publish","type":"page","link":"https:\/\/parrishandheimbecker-ag.com\/fr\/crop-inputs\/","title":{"rendered":"Intrants agricoles"},"content":{"rendered":"\n<section class=\"hero image\" style=\"background: url(https:\/\/parrishandheimbecker-ag.com\/wp-content\/uploads\/2024\/09\/2016_Mossleigh-21-scaled.jpg) no-repeat center\/cover;\">\n                <div class=\"overlay\"><\/div>\n    \n    <div class=\"container\">\n         <span class=\"headline\">INTRANTS AGRICOLES<\/span>\n                             <\/div>\n    <\/section>\n\n\n\n<section class=\"breadcrumb-block\" style=\"background-color: #F2F3F1;\">\n    <div class=\"container\">\n        <p id=\"breadcrumbs\"><span><span><a href=\"https:\/\/parrishandheimbecker-ag.com\/fr\/\">Home<\/a><\/span><\/span><\/p>    <\/div>\n<\/section>\n\n\n\n<section class=\"cards bg gray\">\n    <div class=\"container\">\n        <div class=\"intro\"><h1 style=\"text-align: center\">INTRANTS AGRICOLES<\/h1>\n<p style=\"text-align: center\">Vous comptez sur chaque intrant pour qu\u2019il soit le meilleur pour votre exploitation, afin de produire une culture saine, productive et rentable. P&amp;H fournit les meilleures solutions pour chaque \u00e9tape du d\u00e9veloppement de vos cultures ; des semences \u00e0 la protection des cultures en passant par la gestion des nutriments, nous vous aiderons \u00e0 tirer le meilleur parti de vos cultures chaque ann\u00e9e.<\/p>\n<\/div>        \n                <div class=\"card no-content\" style=\"background-image: url(https:\/\/parrishandheimbecker-ag.com\/wp-content\/uploads\/2024\/09\/categoryimage-2.png);\">\n                    \n                                            <a href=\"\/crop-inputs\/crop-protection\/\" target=\"\" class=\"button secondary\">\n                            Protection des cultures                        <\/a>\n                                    <\/div>\n            \n                <div class=\"card no-content\" style=\"background-image: url(https:\/\/parrishandheimbecker-ag.com\/wp-content\/uploads\/2024\/09\/categoryimage-1.png);\">\n                    \n                                            <a href=\"\/crop-inputs\/crop-nutrients\/\" target=\"\" class=\"button secondary\">\n                            Nutriments agricoles                        <\/a>\n                                    <\/div>\n            \n                <div class=\"card no-content\" style=\"background-image: url(https:\/\/parrishandheimbecker-ag.com\/wp-content\/uploads\/2024\/09\/Category-Image-3.png);\">\n                    \n                                            <a href=\"\/crop-inputs\/seed\/\" target=\"\" class=\"button secondary\">\n                            Seed Products                        <\/a>\n                                    <\/div>\n                <\/div>\n<\/section>\n\n<section class=\"testimonial white single\">\n    <div class=\"container\">\n                <div class=\"image\">\n                <img decoding=\"async\" src=\"https:\/\/parrishandheimbecker-ag.com\/wp-content\/uploads\/2025\/04\/Untitled-design.png\" alt=\"Untitled Design\">\n            <\/div>\n            <div class=\"content\">\n            <h4 class=\"eyebrow\">Des connaissances in\u00e9gal\u00e9es<\/h4>\n                <p>Nous avons constat\u00e9 que le secteur des intrants agricoles chez P&amp;H avait beaucoup \u00e0 offrir, ainsi que des connaissances in\u00e9gal\u00e9es.<\/p>\n                <hr>\n                <div class=\"author\">\n                    <p class=\"name\">Jamie F<\/p>\n                    <p>Brooksby, Saskatchewan<\/p>\n                    <a href=\"tel:\"><\/a>\n                <\/div>\n            <\/div>\n        \n            <\/div>\n<\/section>\n<section class=\"cta white\">\n    <div class=\"container\">\n        <div class=\"left noimage\">\n            \n                            <div class=\"buttons\">\n                                            <a class=\"button primary\" href=\"https:\/\/parrishandheimbecker-ag.com\/fr\/find-a-location\/\" target=\"\"><span>Contactez votre P&amp;H local<\/span><\/a>\n                                                        <\/div>\n                    <\/div>\n            <\/div>\n<\/section>","protected":false},"excerpt":{"rendered":"","protected":false},"author":2,"featured_media":0,"parent":0,"menu_order":2,"comment_status":"closed","ping_status":"closed","template":"","meta":{"_acf_changed":true,"_relevanssi_hide_post":"","_relevanssi_hide_content":"","_relevanssi_pin_for_all":"","_relevanssi_pin_keywords":"","_relevanssi_unpin_keywords":"","_relevanssi_related_keywords":"","_relevanssi_related_include_ids":"","_relevanssi_related_exclude_ids":"","_relevanssi_related_no_append":"","_relevanssi_related_not_related":"","_relevanssi_related_posts":"2049,2050,2123,2092,2747,2052","_relevanssi_noindex_reason":"","footnotes":""},"class_list":["post-4161","page","type-page","status-publish","hentry"],"acf":[],"yoast_head":"<!-- This site is optimized with the Yoast SEO Premium plugin v25.2 (Yoast SEO v27.4) - https:\/\/yoast.com\/product\/yoast-seo-premium-wordpress\/ -->\n<title>Intrants agricoles | P&amp;H<\/title>\n<meta name=\"description\" content=\"Intrants agricoles | P&amp;H Des semences aux nutriments en passant par la protection des cultures, nous proposons des solutions de pointe pour chaque \u00e9tape de votre cycle de culture.\" \/>\n<meta name=\"robots\" content=\"index, follow, max-snippet:-1, max-image-preview:large, max-video-preview:-1\" \/>\n<link rel=\"canonical\" href=\"https:\/\/parrishandheimbecker-ag.com\/fr\/crop-inputs\/\" \/>\n<meta property=\"og:locale\" content=\"fr_FR\" \/>\n<meta property=\"og:type\" content=\"article\" \/>\n<meta property=\"og:title\" content=\"Intrants agricoles\" \/>\n<meta property=\"og:description\" content=\"Intrants agricoles | P&amp;H Des semences aux nutriments en passant par la protection des cultures, nous proposons des solutions de pointe pour chaque \u00e9tape de votre cycle de culture.\" \/>\n<meta property=\"og:url\" content=\"https:\/\/parrishandheimbecker-ag.com\/fr\/crop-inputs\/\" \/>\n<meta property=\"og:site_name\" content=\"P&amp;H Crop Inputs and Grain\" \/>\n<meta property=\"article:publisher\" content=\"https:\/\/www.facebook.com\/ParrishHeimbecker\" \/>\n<meta property=\"article:modified_time\" content=\"2026-01-29T13:18:35+00:00\" \/>\n<meta name=\"twitter:card\" content=\"summary_large_image\" \/>\n<meta name=\"twitter:site\" content=\"@ParrishHeimbeck\" \/>\n<script type=\"application\/ld+json\" class=\"yoast-schema-graph\">{\"@context\":\"https:\\\/\\\/schema.org\",\"@graph\":[{\"@type\":\"WebPage\",\"@id\":\"https:\\\/\\\/parrishandheimbecker-ag.com\\\/fr\\\/crop-inputs\\\/\",\"url\":\"https:\\\/\\\/parrishandheimbecker-ag.com\\\/fr\\\/crop-inputs\\\/\",\"name\":\"Intrants agricoles | P&H\",\"isPartOf\":{\"@id\":\"https:\\\/\\\/parrishandheimbecker-ag.com\\\/fr\\\/#website\"},\"datePublished\":\"2024-08-15T21:10:00+00:00\",\"dateModified\":\"2026-01-29T13:18:35+00:00\",\"description\":\"Intrants agricoles | P&H Des semences aux nutriments en passant par la protection des cultures, nous proposons des solutions de pointe pour chaque \u00e9tape de votre cycle de culture.\",\"breadcrumb\":{\"@id\":\"https:\\\/\\\/parrishandheimbecker-ag.com\\\/fr\\\/crop-inputs\\\/#breadcrumb\"},\"inLanguage\":\"fr-FR\",\"potentialAction\":[{\"@type\":\"ReadAction\",\"target\":[\"https:\\\/\\\/parrishandheimbecker-ag.com\\\/fr\\\/crop-inputs\\\/\"]}]},{\"@type\":\"BreadcrumbList\",\"@id\":\"https:\\\/\\\/parrishandheimbecker-ag.com\\\/fr\\\/crop-inputs\\\/#breadcrumb\",\"itemListElement\":[{\"@type\":\"ListItem\",\"position\":1,\"name\":\"Home\",\"item\":\"https:\\\/\\\/parrishandheimbecker-ag.com\\\/fr\\\/\"},{\"@type\":\"ListItem\",\"position\":2,\"name\":\"Intrants agricoles\"}]},{\"@type\":\"WebSite\",\"@id\":\"https:\\\/\\\/parrishandheimbecker-ag.com\\\/fr\\\/#website\",\"url\":\"https:\\\/\\\/parrishandheimbecker-ag.com\\\/fr\\\/\",\"name\":\"P&H Crop Inputs and Grain\",\"description\":\"\",\"publisher\":{\"@id\":\"https:\\\/\\\/parrishandheimbecker-ag.com\\\/fr\\\/#organization\"},\"alternateName\":\"Parrish & Heimbecker Crop Inputs and Grain\",\"potentialAction\":[{\"@type\":\"SearchAction\",\"target\":{\"@type\":\"EntryPoint\",\"urlTemplate\":\"https:\\\/\\\/parrishandheimbecker-ag.com\\\/fr\\\/?s={search_term_string}\"},\"query-input\":{\"@type\":\"PropertyValueSpecification\",\"valueRequired\":true,\"valueName\":\"search_term_string\"}}],\"inLanguage\":\"fr-FR\"},{\"@type\":\"Organization\",\"@id\":\"https:\\\/\\\/parrishandheimbecker-ag.com\\\/fr\\\/#organization\",\"name\":\"P&H Agriculture\",\"url\":\"https:\\\/\\\/parrishandheimbecker-ag.com\\\/fr\\\/\",\"logo\":{\"@type\":\"ImageObject\",\"inLanguage\":\"fr-FR\",\"@id\":\"https:\\\/\\\/parrishandheimbecker-ag.com\\\/fr\\\/#\\\/schema\\\/logo\\\/image\\\/\",\"url\":\"https:\\\/\\\/parrishandheimbecker-ag.com\\\/wp-content\\\/uploads\\\/2024\\\/08\\\/PH-Shield_Ampersand_Lockup_RGB-300x226-1.png\",\"contentUrl\":\"https:\\\/\\\/parrishandheimbecker-ag.com\\\/wp-content\\\/uploads\\\/2024\\\/08\\\/PH-Shield_Ampersand_Lockup_RGB-300x226-1.png\",\"width\":300,\"height\":226,\"caption\":\"P&H Agriculture\"},\"image\":{\"@id\":\"https:\\\/\\\/parrishandheimbecker-ag.com\\\/fr\\\/#\\\/schema\\\/logo\\\/image\\\/\"},\"sameAs\":[\"https:\\\/\\\/www.facebook.com\\\/ParrishHeimbecker\",\"https:\\\/\\\/x.com\\\/ParrishHeimbeck\"]}]}<\/script>\n<!-- \/ Yoast SEO Premium plugin. -->","yoast_head_json":{"title":"Intrants agricoles | P&H","description":"Intrants agricoles | P&H Des semences aux nutriments en passant par la protection des cultures, nous proposons des solutions de pointe pour chaque \u00e9tape de votre cycle de culture.","robots":{"index":"index","follow":"follow","max-snippet":"max-snippet:-1","max-image-preview":"max-image-preview:large","max-video-preview":"max-video-preview:-1"},"canonical":"https:\/\/parrishandheimbecker-ag.com\/fr\/crop-inputs\/","og_locale":"fr_FR","og_type":"article","og_title":"Intrants agricoles","og_description":"Intrants agricoles | P&H Des semences aux nutriments en passant par la protection des cultures, nous proposons des solutions de pointe pour chaque \u00e9tape de votre cycle de culture.","og_url":"https:\/\/parrishandheimbecker-ag.com\/fr\/crop-inputs\/","og_site_name":"P&amp;H Crop Inputs and Grain","article_publisher":"https:\/\/www.facebook.com\/ParrishHeimbecker","article_modified_time":"2026-01-29T13:18:35+00:00","twitter_card":"summary_large_image","twitter_site":"@ParrishHeimbeck","schema":{"@context":"https:\/\/schema.org","@graph":[{"@type":"WebPage","@id":"https:\/\/parrishandheimbecker-ag.com\/fr\/crop-inputs\/","url":"https:\/\/parrishandheimbecker-ag.com\/fr\/crop-inputs\/","name":"Intrants agricoles | P&H","isPartOf":{"@id":"https:\/\/parrishandheimbecker-ag.com\/fr\/#website"},"datePublished":"2024-08-15T21:10:00+00:00","dateModified":"2026-01-29T13:18:35+00:00","description":"Intrants agricoles | P&H Des semences aux nutriments en passant par la protection des cultures, nous proposons des solutions de pointe pour chaque \u00e9tape de votre cycle de culture.","breadcrumb":{"@id":"https:\/\/parrishandheimbecker-ag.com\/fr\/crop-inputs\/#breadcrumb"},"inLanguage":"fr-FR","potentialAction":[{"@type":"ReadAction","target":["https:\/\/parrishandheimbecker-ag.com\/fr\/crop-inputs\/"]}]},{"@type":"BreadcrumbList","@id":"https:\/\/parrishandheimbecker-ag.com\/fr\/crop-inputs\/#breadcrumb","itemListElement":[{"@type":"ListItem","position":1,"name":"Home","item":"https:\/\/parrishandheimbecker-ag.com\/fr\/"},{"@type":"ListItem","position":2,"name":"Intrants agricoles"}]},{"@type":"WebSite","@id":"https:\/\/parrishandheimbecker-ag.com\/fr\/#website","url":"https:\/\/parrishandheimbecker-ag.com\/fr\/","name":"P&H Crop Inputs and Grain","description":"","publisher":{"@id":"https:\/\/parrishandheimbecker-ag.com\/fr\/#organization"},"alternateName":"Parrish & Heimbecker Crop Inputs and Grain","potentialAction":[{"@type":"SearchAction","target":{"@type":"EntryPoint","urlTemplate":"https:\/\/parrishandheimbecker-ag.com\/fr\/?s={search_term_string}"},"query-input":{"@type":"PropertyValueSpecification","valueRequired":true,"valueName":"search_term_string"}}],"inLanguage":"fr-FR"},{"@type":"Organization","@id":"https:\/\/parrishandheimbecker-ag.com\/fr\/#organization","name":"P&H Agriculture","url":"https:\/\/parrishandheimbecker-ag.com\/fr\/","logo":{"@type":"ImageObject","inLanguage":"fr-FR","@id":"https:\/\/parrishandheimbecker-ag.com\/fr\/#\/schema\/logo\/image\/","url":"https:\/\/parrishandheimbecker-ag.com\/wp-content\/uploads\/2024\/08\/PH-Shield_Ampersand_Lockup_RGB-300x226-1.png","contentUrl":"https:\/\/parrishandheimbecker-ag.com\/wp-content\/uploads\/2024\/08\/PH-Shield_Ampersand_Lockup_RGB-300x226-1.png","width":300,"height":226,"caption":"P&H Agriculture"},"image":{"@id":"https:\/\/parrishandheimbecker-ag.com\/fr\/#\/schema\/logo\/image\/"},"sameAs":["https:\/\/www.facebook.com\/ParrishHeimbecker","https:\/\/x.com\/ParrishHeimbeck"]}]}},"_links":{"self":[{"href":"https:\/\/parrishandheimbecker-ag.com\/fr\/wp-json\/wp\/v2\/pages\/4161","targetHints":{"allow":["GET"]}}],"collection":[{"href":"https:\/\/parrishandheimbecker-ag.com\/fr\/wp-json\/wp\/v2\/pages"}],"about":[{"href":"https:\/\/parrishandheimbecker-ag.com\/fr\/wp-json\/wp\/v2\/types\/page"}],"author":[{"embeddable":true,"href":"https:\/\/parrishandheimbecker-ag.com\/fr\/wp-json\/wp\/v2\/users\/2"}],"replies":[{"embeddable":true,"href":"https:\/\/parrishandheimbecker-ag.com\/fr\/wp-json\/wp\/v2\/comments?post=4161"}],"version-history":[{"count":0,"href":"https:\/\/parrishandheimbecker-ag.com\/fr\/wp-json\/wp\/v2\/pages\/4161\/revisions"}],"wp:attachment":[{"href":"https:\/\/parrishandheimbecker-ag.com\/fr\/wp-json\/wp\/v2\/media?parent=4161"}],"curies":[{"name":"wp","href":"https:\/\/api.w.org\/{rel}","templated":true}]}}