{"id":4237,"date":"2022-09-13T14:57:40","date_gmt":"2022-09-13T14:57:40","guid":{"rendered":"https:\/\/parrishandheimbecker-ag.com\/homepage\/"},"modified":"2026-02-18T08:09:10","modified_gmt":"2026-02-18T08:09:10","slug":"homepage","status":"publish","type":"page","link":"https:\/\/parrishandheimbecker-ag.com\/fr\/","title":{"rendered":"Page d&rsquo;accueil"},"content":{"rendered":"\n<section class=\"hero image\" style=\"background: url(https:\/\/parrishandheimbecker-ag.com\/wp-content\/uploads\/2024\/08\/Hero-Image_1440x500.webp) no-repeat center\/cover;\">\n                <div class=\"overlay\"><\/div>\n    \n    <div class=\"container\">\n         <span class=\"headline\">OPTIMISEZ LE POTENTIEL DE VOTRE FERME<\/span>\n         <div class=\"subhead\">Intrants c\u00e9r\u00e9aliers et agricoles<\/div>                        <a class=\"button primary\" href=\"https:\/\/parrishandheimbecker-ag.com\/fr\/find-a-location\/\" target=\"\"><span>Trouvez votre emplacement<\/span><\/a>\n                    <\/div>\n    <\/section>\n\n\n\n<section class=\"cards bg gray\">\n    <div class=\"container\">\n        <div class=\"intro\"><h1 style=\"text-align: center\">LES GRANDES R\u00c9COLTES COMMENCENT ICI<\/h1>\n<p style=\"text-align: center\">Parrish &amp; Heimbecker est fier d\u2019offrir aux communaut\u00e9s agricoles du Canada des intrants agricoles et des solutions agronomiques de premi\u00e8re qualit\u00e9. Faites confiance \u00e0 notre \u00e9quipe pour des conseils d\u2019experts sur la protection des cultures, les semences certifi\u00e9es, les nutriments et la commercialisation des grains, tandis que nous \u00e9tablissons des partenariats \u00e0 long terme pour produire les meilleurs r\u00e9sultats ann\u00e9e apr\u00e8s ann\u00e9e.<\/p>\n<\/div>        \n                <div class=\"card no-content\" style=\"background-image: url(https:\/\/parrishandheimbecker-ag.com\/wp-content\/uploads\/2024\/08\/crop-protection.webp);\">\n                    \n                                            <a href=\"\/crop-inputs\/crop-protection\/\" target=\"\" class=\"button secondary\">\n                            Protection des cultures                        <\/a>\n                                    <\/div>\n            \n                <div class=\"card no-content\" style=\"background-image: url(https:\/\/parrishandheimbecker-ag.com\/wp-content\/uploads\/2024\/08\/seed-products.webp);\">\n                    \n                                            <a href=\"\/crop-inputs\/seed\/\" target=\"\" class=\"button secondary\">\n                            Produits de semences                        <\/a>\n                                    <\/div>\n            \n                <div class=\"card no-content\" style=\"background-image: url(https:\/\/parrishandheimbecker-ag.com\/wp-content\/uploads\/2024\/08\/crop-nutrients.webp);\">\n                    \n                                            <a href=\"\/crop-inputs\/crop-nutrients\/\" target=\"\" class=\"button secondary\">\n                            Nutriments agricoles                        <\/a>\n                                    <\/div>\n            \n                <div class=\"card no-content\" style=\"background-image: url(https:\/\/parrishandheimbecker-ag.com\/wp-content\/uploads\/2024\/08\/grain-services.webp);\">\n                    \n                                            <a href=\"\/grain\/\" target=\"\" class=\"button secondary\">\n                            Services c\u00e9r\u00e9aliers                        <\/a>\n                                    <\/div>\n                <\/div>\n<\/section>\n\n<section class=\"general white center\">\n    <div class=\"container halves\">\n\n                <div class=\"column\">\n                <div class=\"module text\"><p><span class=\"eyebrow\">P&amp;H Central<\/span><\/p>\n<h2>Votre entreprise. Vos r\u00e8gles.<\/h2>\n<p>P&amp;H Central est le portail en ligne de votre entreprise avec P&amp;H. Cr\u00e9ez des bons de commande de grains, consultez les prix, vos contacts existants et bien plus encore.<\/p>\n<p><a class=\"button tertiary\" href=\"grain\/ph-central\/\" target=\"_self\">En savoir plus sur P&amp;H Central<\/a><\/p>\n<\/div>            <\/div>\n                    <div class=\"column\">\n                <div class=\"module video\"><\/div>            <\/div>\n            <\/div>\n<\/section>\n\n<section class=\"posts gray\">\n    <div class=\"container\">\n        <h4>Articles r\u00e9cents<\/h4>\n        <a class=\"viewall\" href=\"https:\/\/parrishandheimbecker-ag.com\/fr\/blog\/\">View All Posts<\/a>\n\n                                  <div class=\"columns\">\n                    \n                        <a class=\"post\" href=\"https:\/\/parrishandheimbecker-ag.com\/winter-wheat-crop-scouting-tips-for-2026\/\">\n                            <div class=\"content\">\n                                <h3>Winter Wheat Crop Scouting Tips for 2026<\/h3>\n                                <div class=\"meta\">\n                                    <span class=\"date\">30 mars 2026<\/span>\n                                    <span class=\"category\">Eastern Canada<\/span>\n                                <\/div>\n                            <\/div>\n                        <\/a>\n                    \n                        <a class=\"post\" href=\"https:\/\/parrishandheimbecker-ag.com\/rootella-healthy-soil-healthy-farms\/\">\n                            <div class=\"content\">\n                                <h3>Rootella: Healthy Soil, Healthy Farms<\/h3>\n                                <div class=\"meta\">\n                                    <span class=\"date\">26 f\u00e9vrier 2026<\/span>\n                                    <span class=\"category\">Eastern Canada, Western Canada<\/span>\n                                <\/div>\n                            <\/div>\n                        <\/a>\n                    \n                        <a class=\"post\" href=\"https:\/\/parrishandheimbecker-ag.com\/navigating-uncertainty-a-farmers-guide-to-grain-fertilizer-and-the-global-markets\/\">\n                            <div class=\"content\">\n                                <h3>Navigating Uncertainty: A farmer&rsquo;s guide to grain, fertilizer, and the global markets<\/h3>\n                                <div class=\"meta\">\n                                    <span class=\"date\">3 f\u00e9vrier 2026<\/span>\n                                    <span class=\"category\">Eastern Canada, Western Canada<\/span>\n                                <\/div>\n                            <\/div>\n                        <\/a>\n                    \n                        <a class=\"post\" href=\"https:\/\/parrishandheimbecker-ag.com\/fr\/consider-marketing-old-and-new-crop-now\/\">\n                            <div class=\"content\">\n                                <h3>Envisagez de commercialiser d\u00e8s maintenant les anciennes et les nouvelles r\u00e9coltes<\/h3>\n                                <div class=\"meta\">\n                                    <span class=\"date\">29 janvier 2026<\/span>\n                                    <span class=\"category\">Eastern Canada, Western Canada<\/span>\n                                <\/div>\n                            <\/div>\n                        <\/a>\n                    \n                        <a class=\"post\" href=\"https:\/\/parrishandheimbecker-ag.com\/consider-marketing-old-and-new-crop-now\/\">\n                            <div class=\"content\">\n                                <h3>Consider Marketing Old and New Crop Now<\/h3>\n                                <div class=\"meta\">\n                                    <span class=\"date\">29 janvier 2026<\/span>\n                                    <span class=\"category\">Eastern Canada, Western Canada<\/span>\n                                <\/div>\n                            <\/div>\n                        <\/a>\n                                    <\/div>\n                        <\/div>\n<\/section>\n\n<section class=\"cta white\">\n    <div class=\"container\">\n        <div class=\"left noimage\">\n            <h3>Plus de 40 emplacements pour vous servir.<\/h3>\n\n                            <div class=\"buttons\">\n                                            <a class=\"button primary\" href=\"https:\/\/parrishandheimbecker-ag.com\/fr\/find-a-location\/\" target=\"\"><span>Contactez votre P&amp;H local<\/span><\/a>\n                                                        <\/div>\n                    <\/div>\n            <\/div>\n<\/section>","protected":false},"excerpt":{"rendered":"","protected":false},"author":2,"featured_media":0,"parent":0,"menu_order":0,"comment_status":"closed","ping_status":"open","template":"","meta":{"_acf_changed":true,"_relevanssi_hide_post":"","_relevanssi_hide_content":"","_relevanssi_pin_for_all":"","_relevanssi_pin_keywords":"","_relevanssi_unpin_keywords":"","_relevanssi_related_keywords":"","_relevanssi_related_include_ids":"","_relevanssi_related_exclude_ids":"","_relevanssi_related_no_append":"","_relevanssi_related_not_related":"","_relevanssi_related_posts":"343,751,2049,2050,2052,2059","_relevanssi_noindex_reason":"","footnotes":""},"class_list":["post-4237","page","type-page","status-publish","hentry"],"acf":[],"yoast_head":"<!-- This site is optimized with the Yoast SEO Premium plugin v25.2 (Yoast SEO v26.8) - https:\/\/yoast.com\/product\/yoast-seo-premium-wordpress\/ -->\n<title>Parrish and Heimbecker | P&amp;H<\/title>\n<meta name=\"description\" content=\"Parrish &amp; Heimbecker | P&amp;H soutient les agriculteurs avec des services agronomiques, des intrants agricoles et des conseils d&#039;experts personnalis\u00e9s.\" \/>\n<meta name=\"robots\" content=\"index, follow, max-snippet:-1, max-image-preview:large, max-video-preview:-1\" \/>\n<link rel=\"canonical\" href=\"https:\/\/parrishandheimbecker-ag.com\/fr\/\" \/>\n<meta property=\"og:locale\" content=\"fr_FR\" \/>\n<meta property=\"og:type\" content=\"article\" \/>\n<meta property=\"og:title\" content=\"Page d&#039;accueil\" \/>\n<meta property=\"og:description\" content=\"Parrish &amp; Heimbecker | P&amp;H soutient les agriculteurs avec des services agronomiques, des intrants agricoles et des conseils d&#039;experts personnalis\u00e9s.\" \/>\n<meta property=\"og:url\" content=\"https:\/\/parrishandheimbecker-ag.com\/fr\/\" \/>\n<meta property=\"og:site_name\" content=\"P&amp;H Crop Inputs and Grain\" \/>\n<meta property=\"article:publisher\" content=\"https:\/\/www.facebook.com\/ParrishHeimbecker\" \/>\n<meta property=\"article:modified_time\" content=\"2026-02-18T08:09:10+00:00\" \/>\n<meta name=\"twitter:card\" content=\"summary_large_image\" \/>\n<meta name=\"twitter:site\" content=\"@ParrishHeimbeck\" \/>\n<script type=\"application\/ld+json\" class=\"yoast-schema-graph\">{\"@context\":\"https:\/\/schema.org\",\"@graph\":[{\"@type\":\"WebPage\",\"@id\":\"https:\/\/parrishandheimbecker-ag.com\/fr\/\",\"url\":\"https:\/\/parrishandheimbecker-ag.com\/fr\/\",\"name\":\"Parrish and Heimbecker | P&H\",\"isPartOf\":{\"@id\":\"https:\/\/parrishandheimbecker-ag.com\/fr\/#website\"},\"datePublished\":\"2022-09-13T14:57:40+00:00\",\"dateModified\":\"2026-02-18T08:09:10+00:00\",\"description\":\"Parrish & Heimbecker | P&H soutient les agriculteurs avec des services agronomiques, des intrants agricoles et des conseils d'experts personnalis\u00e9s.\",\"breadcrumb\":{\"@id\":\"https:\/\/parrishandheimbecker-ag.com\/fr\/#breadcrumb\"},\"inLanguage\":\"fr-FR\",\"potentialAction\":[{\"@type\":\"ReadAction\",\"target\":[\"https:\/\/parrishandheimbecker-ag.com\/fr\/\"]}]},{\"@type\":\"BreadcrumbList\",\"@id\":\"https:\/\/parrishandheimbecker-ag.com\/fr\/#breadcrumb\",\"itemListElement\":[{\"@type\":\"ListItem\",\"position\":1,\"name\":\"Home\",\"item\":\"https:\/\/parrishandheimbecker-ag.com\/fr\/\"},{\"@type\":\"ListItem\",\"position\":2,\"name\":\"Page d&#8217;accueil\"}]},{\"@type\":\"WebSite\",\"@id\":\"https:\/\/parrishandheimbecker-ag.com\/fr\/#website\",\"url\":\"https:\/\/parrishandheimbecker-ag.com\/fr\/\",\"name\":\"P&H Crop Inputs and Grain\",\"description\":\"\",\"publisher\":{\"@id\":\"https:\/\/parrishandheimbecker-ag.com\/fr\/#organization\"},\"alternateName\":\"Parrish & Heimbecker Crop Inputs and Grain\",\"potentialAction\":[{\"@type\":\"SearchAction\",\"target\":{\"@type\":\"EntryPoint\",\"urlTemplate\":\"https:\/\/parrishandheimbecker-ag.com\/fr\/?s={search_term_string}\"},\"query-input\":{\"@type\":\"PropertyValueSpecification\",\"valueRequired\":true,\"valueName\":\"search_term_string\"}}],\"inLanguage\":\"fr-FR\"},{\"@type\":\"Organization\",\"@id\":\"https:\/\/parrishandheimbecker-ag.com\/fr\/#organization\",\"name\":\"P&H Agriculture\",\"url\":\"https:\/\/parrishandheimbecker-ag.com\/fr\/\",\"logo\":{\"@type\":\"ImageObject\",\"inLanguage\":\"fr-FR\",\"@id\":\"https:\/\/parrishandheimbecker-ag.com\/fr\/#\/schema\/logo\/image\/\",\"url\":\"https:\/\/parrishandheimbecker-ag.com\/wp-content\/uploads\/2024\/08\/PH-Shield_Ampersand_Lockup_RGB-300x226-1.png\",\"contentUrl\":\"https:\/\/parrishandheimbecker-ag.com\/wp-content\/uploads\/2024\/08\/PH-Shield_Ampersand_Lockup_RGB-300x226-1.png\",\"width\":300,\"height\":226,\"caption\":\"P&H Agriculture\"},\"image\":{\"@id\":\"https:\/\/parrishandheimbecker-ag.com\/fr\/#\/schema\/logo\/image\/\"},\"sameAs\":[\"https:\/\/www.facebook.com\/ParrishHeimbecker\",\"https:\/\/x.com\/ParrishHeimbeck\"]}]}<\/script>\n<!-- \/ Yoast SEO Premium plugin. -->","yoast_head_json":{"title":"Parrish and Heimbecker | P&H","description":"Parrish & Heimbecker | P&H soutient les agriculteurs avec des services agronomiques, des intrants agricoles et des conseils d'experts personnalis\u00e9s.","robots":{"index":"index","follow":"follow","max-snippet":"max-snippet:-1","max-image-preview":"max-image-preview:large","max-video-preview":"max-video-preview:-1"},"canonical":"https:\/\/parrishandheimbecker-ag.com\/fr\/","og_locale":"fr_FR","og_type":"article","og_title":"Page d'accueil","og_description":"Parrish & Heimbecker | P&H soutient les agriculteurs avec des services agronomiques, des intrants agricoles et des conseils d'experts personnalis\u00e9s.","og_url":"https:\/\/parrishandheimbecker-ag.com\/fr\/","og_site_name":"P&amp;H Crop Inputs and Grain","article_publisher":"https:\/\/www.facebook.com\/ParrishHeimbecker","article_modified_time":"2026-02-18T08:09:10+00:00","twitter_card":"summary_large_image","twitter_site":"@ParrishHeimbeck","schema":{"@context":"https:\/\/schema.org","@graph":[{"@type":"WebPage","@id":"https:\/\/parrishandheimbecker-ag.com\/fr\/","url":"https:\/\/parrishandheimbecker-ag.com\/fr\/","name":"Parrish and Heimbecker | P&H","isPartOf":{"@id":"https:\/\/parrishandheimbecker-ag.com\/fr\/#website"},"datePublished":"2022-09-13T14:57:40+00:00","dateModified":"2026-02-18T08:09:10+00:00","description":"Parrish & Heimbecker | P&H soutient les agriculteurs avec des services agronomiques, des intrants agricoles et des conseils d'experts personnalis\u00e9s.","breadcrumb":{"@id":"https:\/\/parrishandheimbecker-ag.com\/fr\/#breadcrumb"},"inLanguage":"fr-FR","potentialAction":[{"@type":"ReadAction","target":["https:\/\/parrishandheimbecker-ag.com\/fr\/"]}]},{"@type":"BreadcrumbList","@id":"https:\/\/parrishandheimbecker-ag.com\/fr\/#breadcrumb","itemListElement":[{"@type":"ListItem","position":1,"name":"Home","item":"https:\/\/parrishandheimbecker-ag.com\/fr\/"},{"@type":"ListItem","position":2,"name":"Page d&#8217;accueil"}]},{"@type":"WebSite","@id":"https:\/\/parrishandheimbecker-ag.com\/fr\/#website","url":"https:\/\/parrishandheimbecker-ag.com\/fr\/","name":"P&H Crop Inputs and Grain","description":"","publisher":{"@id":"https:\/\/parrishandheimbecker-ag.com\/fr\/#organization"},"alternateName":"Parrish & Heimbecker Crop Inputs and Grain","potentialAction":[{"@type":"SearchAction","target":{"@type":"EntryPoint","urlTemplate":"https:\/\/parrishandheimbecker-ag.com\/fr\/?s={search_term_string}"},"query-input":{"@type":"PropertyValueSpecification","valueRequired":true,"valueName":"search_term_string"}}],"inLanguage":"fr-FR"},{"@type":"Organization","@id":"https:\/\/parrishandheimbecker-ag.com\/fr\/#organization","name":"P&H Agriculture","url":"https:\/\/parrishandheimbecker-ag.com\/fr\/","logo":{"@type":"ImageObject","inLanguage":"fr-FR","@id":"https:\/\/parrishandheimbecker-ag.com\/fr\/#\/schema\/logo\/image\/","url":"https:\/\/parrishandheimbecker-ag.com\/wp-content\/uploads\/2024\/08\/PH-Shield_Ampersand_Lockup_RGB-300x226-1.png","contentUrl":"https:\/\/parrishandheimbecker-ag.com\/wp-content\/uploads\/2024\/08\/PH-Shield_Ampersand_Lockup_RGB-300x226-1.png","width":300,"height":226,"caption":"P&H Agriculture"},"image":{"@id":"https:\/\/parrishandheimbecker-ag.com\/fr\/#\/schema\/logo\/image\/"},"sameAs":["https:\/\/www.facebook.com\/ParrishHeimbecker","https:\/\/x.com\/ParrishHeimbeck"]}]}},"_links":{"self":[{"href":"https:\/\/parrishandheimbecker-ag.com\/fr\/wp-json\/wp\/v2\/pages\/4237","targetHints":{"allow":["GET"]}}],"collection":[{"href":"https:\/\/parrishandheimbecker-ag.com\/fr\/wp-json\/wp\/v2\/pages"}],"about":[{"href":"https:\/\/parrishandheimbecker-ag.com\/fr\/wp-json\/wp\/v2\/types\/page"}],"author":[{"embeddable":true,"href":"https:\/\/parrishandheimbecker-ag.com\/fr\/wp-json\/wp\/v2\/users\/2"}],"replies":[{"embeddable":true,"href":"https:\/\/parrishandheimbecker-ag.com\/fr\/wp-json\/wp\/v2\/comments?post=4237"}],"version-history":[{"count":0,"href":"https:\/\/parrishandheimbecker-ag.com\/fr\/wp-json\/wp\/v2\/pages\/4237\/revisions"}],"wp:attachment":[{"href":"https:\/\/parrishandheimbecker-ag.com\/fr\/wp-json\/wp\/v2\/media?parent=4237"}],"curies":[{"name":"wp","href":"https:\/\/api.w.org\/{rel}","templated":true}]}}