{"id":4273,"date":"2024-08-22T19:27:13","date_gmt":"2024-08-22T19:27:13","guid":{"rendered":"https:\/\/parrishandheimbecker-ag.com\/crop-scouting\/"},"modified":"2026-02-18T08:15:42","modified_gmt":"2026-02-18T08:15:42","slug":"crop-scouting","status":"publish","type":"page","link":"https:\/\/parrishandheimbecker-ag.com\/fr\/crop-scouting\/","title":{"rendered":"Reconnaissance des cultures"},"content":{"rendered":"\n<section class=\"hero image\" style=\"background: url(https:\/\/parrishandheimbecker-ag.com\/wp-content\/uploads\/2024\/08\/crop-scouting-2880x1620-1-scaled.webp) no-repeat center\/cover;\">\n                <div class=\"overlay\"><\/div>\n    \n    <div class=\"container\">\n         <span class=\"headline\">RECONNAISSANCE DES CULTURES<\/span>\n                             <\/div>\n    <\/section>\n\n\n\n<section class=\"breadcrumb-block\" style=\"background-color: #ffffff;\">\n    <div class=\"container\">\n        <p id=\"breadcrumbs\"><span><span><a href=\"https:\/\/parrishandheimbecker-ag.com\/fr\/\">Home<\/a><\/span><\/span><\/p>    <\/div>\n<\/section>\n\n\n\n<section class=\"general white top\">\n    <div class=\"container\">\n\n                <div class=\"column\">\n                <div class=\"module text\"><h1>AM\u00c9LIOREZ LE RENDEMENT ET LA QUALIT\u00c9 DE VOS R\u00c9COLTES GR\u00c2CE \u00c0 UNE EXPERTISE DES R\u00c9COLTES<\/h1>\n<p><span data-preserver-spaces=\"true\">Chez P&amp;H, nous reconnaissons le r\u00f4le essentiel que joue une gestion efficace des cultures pour obtenir un rendement et une qualit\u00e9 optimaux. Nos agronomes qualifi\u00e9s (P.Ag. Ou Tech. Ag) fournit des services complets de reconnaissance des cultures con\u00e7us pour identifier et traiter les pressions qui peuvent avoir un impact sur vos cultures.<\/span><\/p>\n<h2><strong><span data-preserver-spaces=\"true\">Pourquoi choisir les services de reconnaissance des cultures P&amp;H\u00a0?<\/span><\/strong><\/h2>\n<ul>\n<li><strong><span data-preserver-spaces=\"true\">Expertise <\/span><\/strong>sur le terrain : <span data-preserver-spaces=\"true\">Nos agronomes parcourront vos champs pour effectuer des inspections approfondies, garantissant qu&#039;aucun probl\u00e8me ne passe inaper\u00e7u. Leur expertise leur permet de d\u00e9tecter les probl\u00e8mes potentiels \u00e0 un stade pr\u00e9coce, vous fournissant ainsi des informations opportunes et pr\u00e9cises.<\/span><\/li>\n<li><strong><span data-preserver-spaces=\"true\">Recommandations personnalis\u00e9es<\/span><\/strong> : Sur la<span data-preserver-spaces=\"true\"> base de leurs observations sur le terrain, nos agronomes recommanderont les produits<strong><a class=\"editor-rtfLink\" href=\"https:\/\/parrishandheimbecker-ag.com\/fr\/crop-inputs\/crop-protection\/\" target=\"_blank\" rel=\"noopener\"><span data-preserver-spaces=\"true\"> et strat\u00e9gies de protection des cultures<\/span><\/a><\/strong> les plus efficaces<\/span><span data-preserver-spaces=\"true\"> pour r\u00e9soudre les probl\u00e8mes sp\u00e9cifiques identifi\u00e9s, vous aidant ainsi \u00e0 remettre votre culture sur la bonne voie.<\/span><\/li>\n<\/ul>\n<h2><strong><span data-preserver-spaces=\"true\">Principaux domaines d&#039;int\u00e9r\u00eat<\/span><\/strong><\/h2>\n<ul>\n<li><strong><span data-preserver-spaces=\"true\">Identification et gestion des mauvaises herbes<\/span><\/strong><span data-preserver-spaces=\"true\"> : L\u2019identification pr\u00e9coce des mauvaises herbes est essentielle pour \u00e9viter qu\u2019elles ne deviennent un probl\u00e8me important. Notre \u00e9quipe vous aidera \u00e0 g\u00e9rer efficacement la pression des mauvaises herbes afin de prot\u00e9ger le rendement et la qualit\u00e9 de vos cultures.<\/span><\/li>\n<li><strong><span data-preserver-spaces=\"true\">D\u00e9tection des maladies et des insectes<\/span><\/strong> : nous<span data-preserver-spaces=\"true\"> identifions et diagnostiquons les maladies et les insectes d\u00e8s le d\u00e9but, vous permettant ainsi de prendre des mesures rapides pour att\u00e9nuer leur impact sur vos cultures.<\/span><\/li>\n<li><strong><span data-preserver-spaces=\"true\">Solutions aux carences en nutriments<\/span><\/strong> : Nos<span data-preserver-spaces=\"true\"> agronomes peuvent <\/span>identifier les<span data-preserver-spaces=\"true\"> carences <span data-preserver-spaces=\"true\">en nutriments<\/span> qui peuvent entraver la croissance de vos cultures et recommander des mesures correctives appropri\u00e9es pour garantir que vos cultures re\u00e7oivent les nutriments dont elles ont besoin.<\/span><\/li>\n<li><strong><span data-preserver-spaces=\"true\">R\u00e9solution des probl\u00e8mes li\u00e9s \u00e0 l&#039;ensemencement et aux conditions<\/span><\/strong> m\u00e9t\u00e9orologiques : de<span data-preserver-spaces=\"true\"> la r\u00e9solution des probl\u00e8mes caus\u00e9s par<\/span><span data-preserver-spaces=\"true\"> la profondeur et le moment de l&#039;ensemencement<strong><a class=\"editor-rtfLink\" href=\"https:\/\/parrishandheimbecker-ag.com\/fr\/crop-inputs\/seed\/\" target=\"_blank\" rel=\"noopener\"><span data-preserver-spaces=\"true\"><\/span><\/a><\/strong> \u00e0 la gestion des d\u00e9fis li\u00e9s aux conditions m\u00e9t\u00e9orologiques, nos experts vous aideront \u00e0 comprendre et \u00e0 r\u00e9soudre ces probl\u00e8mes pour favoriser une sant\u00e9 optimale des cultures.<\/span><\/li>\n<\/ul>\n<p><span data-preserver-spaces=\"true\">Ne laissez pas les pressions potentielles qui nuisent au rendement passer inaper\u00e7ues : faites confiance \u00e0 P&amp;H pour garder vos cultures saines et productives.<\/span><\/p>\n<\/div>            <\/div>\n            <\/div>\n<\/section>\n\n<section class=\"cta white\">\n    <div class=\"container\">\n        <div class=\"left noimage\">\n            <h3 style=\"text-align: center\"><strong>Expertise terrain et recommandations sur mesure<\/strong><\/h3>\n\n                            <div class=\"buttons\">\n                                            <a class=\"button primary\" href=\"https:\/\/parrishandheimbecker-ag.com\/fr\/find-a-location\/\" target=\"\"><span>Contactez votre agronome P&amp;H Agrologist<\/span><\/a>\n                                                        <\/div>\n                    <\/div>\n            <\/div>\n<\/section>","protected":false},"excerpt":{"rendered":"","protected":false},"author":2,"featured_media":0,"parent":0,"menu_order":1,"comment_status":"closed","ping_status":"closed","template":"","meta":{"_acf_changed":true,"_relevanssi_hide_post":"","_relevanssi_hide_content":"","_relevanssi_pin_for_all":"","_relevanssi_pin_keywords":"","_relevanssi_unpin_keywords":"","_relevanssi_related_keywords":"","_relevanssi_related_include_ids":"","_relevanssi_related_exclude_ids":"","_relevanssi_related_no_append":"","_relevanssi_related_not_related":"","_relevanssi_related_posts":"2664,2762,2772,2359,2745,2747","_relevanssi_noindex_reason":"","footnotes":""},"class_list":["post-4273","page","type-page","status-publish","hentry"],"acf":[],"yoast_head":"<!-- This site is optimized with the Yoast SEO Premium plugin v25.2 (Yoast SEO v27.4) - https:\/\/yoast.com\/product\/yoast-seo-premium-wordpress\/ -->\n<title>Reconnaissance des cultures | P&amp;H<\/title>\n<meta name=\"description\" content=\"Reconnaissance des cultures | P&amp;H offre des services de reconnaissance pour assurer la meilleure sant\u00e9 de vos cultures et de vos terres, de l&#039;identification des mauvaises herbes aux carences en nutriments.\" \/>\n<meta name=\"robots\" content=\"index, follow, max-snippet:-1, max-image-preview:large, max-video-preview:-1\" \/>\n<link rel=\"canonical\" href=\"https:\/\/parrishandheimbecker-ag.com\/fr\/crop-scouting\/\" \/>\n<meta property=\"og:locale\" content=\"fr_FR\" \/>\n<meta property=\"og:type\" content=\"article\" \/>\n<meta property=\"og:title\" content=\"Reconnaissance des cultures\" \/>\n<meta property=\"og:description\" content=\"Reconnaissance des cultures | P&amp;H offre des services de reconnaissance pour assurer la meilleure sant\u00e9 de vos cultures et de vos terres, de l&#039;identification des mauvaises herbes aux carences en nutriments.\" \/>\n<meta property=\"og:url\" content=\"https:\/\/parrishandheimbecker-ag.com\/fr\/crop-scouting\/\" \/>\n<meta property=\"og:site_name\" content=\"P&amp;H Crop Inputs and Grain\" \/>\n<meta property=\"article:publisher\" content=\"https:\/\/www.facebook.com\/ParrishHeimbecker\" \/>\n<meta property=\"article:modified_time\" content=\"2026-02-18T08:15:42+00:00\" \/>\n<meta name=\"twitter:card\" content=\"summary_large_image\" \/>\n<meta name=\"twitter:site\" content=\"@ParrishHeimbeck\" \/>\n<script type=\"application\/ld+json\" class=\"yoast-schema-graph\">{\"@context\":\"https:\\\/\\\/schema.org\",\"@graph\":[{\"@type\":\"WebPage\",\"@id\":\"https:\\\/\\\/parrishandheimbecker-ag.com\\\/fr\\\/crop-scouting\\\/\",\"url\":\"https:\\\/\\\/parrishandheimbecker-ag.com\\\/fr\\\/crop-scouting\\\/\",\"name\":\"Reconnaissance des cultures | P&H\",\"isPartOf\":{\"@id\":\"https:\\\/\\\/parrishandheimbecker-ag.com\\\/fr\\\/#website\"},\"datePublished\":\"2024-08-22T19:27:13+00:00\",\"dateModified\":\"2026-02-18T08:15:42+00:00\",\"description\":\"Reconnaissance des cultures | P&H offre des services de reconnaissance pour assurer la meilleure sant\u00e9 de vos cultures et de vos terres, de l'identification des mauvaises herbes aux carences en nutriments.\",\"breadcrumb\":{\"@id\":\"https:\\\/\\\/parrishandheimbecker-ag.com\\\/fr\\\/crop-scouting\\\/#breadcrumb\"},\"inLanguage\":\"fr-FR\",\"potentialAction\":[{\"@type\":\"ReadAction\",\"target\":[\"https:\\\/\\\/parrishandheimbecker-ag.com\\\/fr\\\/crop-scouting\\\/\"]}]},{\"@type\":\"BreadcrumbList\",\"@id\":\"https:\\\/\\\/parrishandheimbecker-ag.com\\\/fr\\\/crop-scouting\\\/#breadcrumb\",\"itemListElement\":[{\"@type\":\"ListItem\",\"position\":1,\"name\":\"Home\",\"item\":\"https:\\\/\\\/parrishandheimbecker-ag.com\\\/fr\\\/\"},{\"@type\":\"ListItem\",\"position\":2,\"name\":\"Reconnaissance des cultures\"}]},{\"@type\":\"WebSite\",\"@id\":\"https:\\\/\\\/parrishandheimbecker-ag.com\\\/fr\\\/#website\",\"url\":\"https:\\\/\\\/parrishandheimbecker-ag.com\\\/fr\\\/\",\"name\":\"P&H Crop Inputs and Grain\",\"description\":\"\",\"publisher\":{\"@id\":\"https:\\\/\\\/parrishandheimbecker-ag.com\\\/fr\\\/#organization\"},\"alternateName\":\"Parrish & Heimbecker Crop Inputs and Grain\",\"potentialAction\":[{\"@type\":\"SearchAction\",\"target\":{\"@type\":\"EntryPoint\",\"urlTemplate\":\"https:\\\/\\\/parrishandheimbecker-ag.com\\\/fr\\\/?s={search_term_string}\"},\"query-input\":{\"@type\":\"PropertyValueSpecification\",\"valueRequired\":true,\"valueName\":\"search_term_string\"}}],\"inLanguage\":\"fr-FR\"},{\"@type\":\"Organization\",\"@id\":\"https:\\\/\\\/parrishandheimbecker-ag.com\\\/fr\\\/#organization\",\"name\":\"P&H Agriculture\",\"url\":\"https:\\\/\\\/parrishandheimbecker-ag.com\\\/fr\\\/\",\"logo\":{\"@type\":\"ImageObject\",\"inLanguage\":\"fr-FR\",\"@id\":\"https:\\\/\\\/parrishandheimbecker-ag.com\\\/fr\\\/#\\\/schema\\\/logo\\\/image\\\/\",\"url\":\"https:\\\/\\\/parrishandheimbecker-ag.com\\\/wp-content\\\/uploads\\\/2024\\\/08\\\/PH-Shield_Ampersand_Lockup_RGB-300x226-1.png\",\"contentUrl\":\"https:\\\/\\\/parrishandheimbecker-ag.com\\\/wp-content\\\/uploads\\\/2024\\\/08\\\/PH-Shield_Ampersand_Lockup_RGB-300x226-1.png\",\"width\":300,\"height\":226,\"caption\":\"P&H Agriculture\"},\"image\":{\"@id\":\"https:\\\/\\\/parrishandheimbecker-ag.com\\\/fr\\\/#\\\/schema\\\/logo\\\/image\\\/\"},\"sameAs\":[\"https:\\\/\\\/www.facebook.com\\\/ParrishHeimbecker\",\"https:\\\/\\\/x.com\\\/ParrishHeimbeck\"]}]}<\/script>\n<!-- \/ Yoast SEO Premium plugin. -->","yoast_head_json":{"title":"Reconnaissance des cultures | P&H","description":"Reconnaissance des cultures | P&H offre des services de reconnaissance pour assurer la meilleure sant\u00e9 de vos cultures et de vos terres, de l'identification des mauvaises herbes aux carences en nutriments.","robots":{"index":"index","follow":"follow","max-snippet":"max-snippet:-1","max-image-preview":"max-image-preview:large","max-video-preview":"max-video-preview:-1"},"canonical":"https:\/\/parrishandheimbecker-ag.com\/fr\/crop-scouting\/","og_locale":"fr_FR","og_type":"article","og_title":"Reconnaissance des cultures","og_description":"Reconnaissance des cultures | P&H offre des services de reconnaissance pour assurer la meilleure sant\u00e9 de vos cultures et de vos terres, de l'identification des mauvaises herbes aux carences en nutriments.","og_url":"https:\/\/parrishandheimbecker-ag.com\/fr\/crop-scouting\/","og_site_name":"P&amp;H Crop Inputs and Grain","article_publisher":"https:\/\/www.facebook.com\/ParrishHeimbecker","article_modified_time":"2026-02-18T08:15:42+00:00","twitter_card":"summary_large_image","twitter_site":"@ParrishHeimbeck","schema":{"@context":"https:\/\/schema.org","@graph":[{"@type":"WebPage","@id":"https:\/\/parrishandheimbecker-ag.com\/fr\/crop-scouting\/","url":"https:\/\/parrishandheimbecker-ag.com\/fr\/crop-scouting\/","name":"Reconnaissance des cultures | P&H","isPartOf":{"@id":"https:\/\/parrishandheimbecker-ag.com\/fr\/#website"},"datePublished":"2024-08-22T19:27:13+00:00","dateModified":"2026-02-18T08:15:42+00:00","description":"Reconnaissance des cultures | P&H offre des services de reconnaissance pour assurer la meilleure sant\u00e9 de vos cultures et de vos terres, de l'identification des mauvaises herbes aux carences en nutriments.","breadcrumb":{"@id":"https:\/\/parrishandheimbecker-ag.com\/fr\/crop-scouting\/#breadcrumb"},"inLanguage":"fr-FR","potentialAction":[{"@type":"ReadAction","target":["https:\/\/parrishandheimbecker-ag.com\/fr\/crop-scouting\/"]}]},{"@type":"BreadcrumbList","@id":"https:\/\/parrishandheimbecker-ag.com\/fr\/crop-scouting\/#breadcrumb","itemListElement":[{"@type":"ListItem","position":1,"name":"Home","item":"https:\/\/parrishandheimbecker-ag.com\/fr\/"},{"@type":"ListItem","position":2,"name":"Reconnaissance des cultures"}]},{"@type":"WebSite","@id":"https:\/\/parrishandheimbecker-ag.com\/fr\/#website","url":"https:\/\/parrishandheimbecker-ag.com\/fr\/","name":"P&H Crop Inputs and Grain","description":"","publisher":{"@id":"https:\/\/parrishandheimbecker-ag.com\/fr\/#organization"},"alternateName":"Parrish & Heimbecker Crop Inputs and Grain","potentialAction":[{"@type":"SearchAction","target":{"@type":"EntryPoint","urlTemplate":"https:\/\/parrishandheimbecker-ag.com\/fr\/?s={search_term_string}"},"query-input":{"@type":"PropertyValueSpecification","valueRequired":true,"valueName":"search_term_string"}}],"inLanguage":"fr-FR"},{"@type":"Organization","@id":"https:\/\/parrishandheimbecker-ag.com\/fr\/#organization","name":"P&H Agriculture","url":"https:\/\/parrishandheimbecker-ag.com\/fr\/","logo":{"@type":"ImageObject","inLanguage":"fr-FR","@id":"https:\/\/parrishandheimbecker-ag.com\/fr\/#\/schema\/logo\/image\/","url":"https:\/\/parrishandheimbecker-ag.com\/wp-content\/uploads\/2024\/08\/PH-Shield_Ampersand_Lockup_RGB-300x226-1.png","contentUrl":"https:\/\/parrishandheimbecker-ag.com\/wp-content\/uploads\/2024\/08\/PH-Shield_Ampersand_Lockup_RGB-300x226-1.png","width":300,"height":226,"caption":"P&H Agriculture"},"image":{"@id":"https:\/\/parrishandheimbecker-ag.com\/fr\/#\/schema\/logo\/image\/"},"sameAs":["https:\/\/www.facebook.com\/ParrishHeimbecker","https:\/\/x.com\/ParrishHeimbeck"]}]}},"_links":{"self":[{"href":"https:\/\/parrishandheimbecker-ag.com\/fr\/wp-json\/wp\/v2\/pages\/4273","targetHints":{"allow":["GET"]}}],"collection":[{"href":"https:\/\/parrishandheimbecker-ag.com\/fr\/wp-json\/wp\/v2\/pages"}],"about":[{"href":"https:\/\/parrishandheimbecker-ag.com\/fr\/wp-json\/wp\/v2\/types\/page"}],"author":[{"embeddable":true,"href":"https:\/\/parrishandheimbecker-ag.com\/fr\/wp-json\/wp\/v2\/users\/2"}],"replies":[{"embeddable":true,"href":"https:\/\/parrishandheimbecker-ag.com\/fr\/wp-json\/wp\/v2\/comments?post=4273"}],"version-history":[{"count":0,"href":"https:\/\/parrishandheimbecker-ag.com\/fr\/wp-json\/wp\/v2\/pages\/4273\/revisions"}],"wp:attachment":[{"href":"https:\/\/parrishandheimbecker-ag.com\/fr\/wp-json\/wp\/v2\/media?parent=4273"}],"curies":[{"name":"wp","href":"https:\/\/api.w.org\/{rel}","templated":true}]}}