{"id":4274,"date":"2024-08-22T15:04:11","date_gmt":"2024-08-22T15:04:11","guid":{"rendered":"https:\/\/parrishandheimbecker-ag.com\/delivery-fulfillment\/"},"modified":"2026-02-18T08:15:42","modified_gmt":"2026-02-18T08:15:42","slug":"delivery-fulfillment","status":"publish","type":"page","link":"https:\/\/parrishandheimbecker-ag.com\/fr\/delivery-fulfillment\/","title":{"rendered":"Livraison et ex\u00e9cution"},"content":{"rendered":"\n<section class=\"hero image\" style=\"background: url(https:\/\/parrishandheimbecker-ag.com\/wp-content\/uploads\/2024\/08\/delivery-fulfillment-web.webp) no-repeat center\/cover;\">\n                <div class=\"overlay\"><\/div>\n    \n    <div class=\"container\">\n         <span class=\"headline\">LIVRAISON ET EX\u00c9CUTION<\/span>\n                             <\/div>\n    <\/section>\n\n\n\n<section class=\"breadcrumb-block\" style=\"background-color: #ffffff;\">\n    <div class=\"container\">\n        <p id=\"breadcrumbs\"><span><span><a href=\"https:\/\/parrishandheimbecker-ag.com\/fr\/\">Home<\/a><\/span><\/span><\/p>    <\/div>\n<\/section>\n\n\n\n<section class=\"general white \">\n    <div class=\"container\">\n\n                <div class=\"column\">\n                <div class=\"module text\"><h1>Nos experts vous couvrent<\/h1>\n<p>Notre \u00e9quipe d\u2019experts utilise une approche prescriptive pour faire des recommandations de produits d\u2019intrants agricoles sur mesure en fonction de vos besoins sp\u00e9cifiques. Avec une s\u00e9lection compl\u00e8te de produits d&#039;intrants agricoles, nous garantissons que vos recommandations sont mises en \u0153uvre efficacement. Nous organisons \u00e9galement une livraison rapide, en apportant nos produits de qualit\u00e9 sup\u00e9rieure directement \u00e0 votre ferme. <a href=\"https:\/\/parrishandheimbecker-ag.com\/fr\/crop-inputs\/\"><\/a>Explorez notre page Intrants agricoles pour d\u00e9couvrir la gamme diversifi\u00e9e de semences, de produits de protection des cultures et de nutriments pour cultures que nous proposons.<\/p>\n<h2>Livraison directe d&#039;engrais \u00e0 la ferme<\/h2>\n<p>Nous proposons une livraison directe d&#039;engrais \u00e0 la ferme, garantissant que vous recevez les nutriments dont vous avez besoin directement \u00e0 votre porte. Notre service de livraison fiable vous fait gagner du temps et des efforts, afin que vous puissiez vous concentrer sur ce qui compte le plus : vos r\u00e9coltes. Faites confiance \u00e0 l\u2019\u00e9quipe P&amp;H pour vous livrer les engrais essentiels dont vous avez besoin, exactement au moment o\u00f9 vous en avez besoin.<\/p>\n<h2>Application personnalis\u00e9e<\/h2>\n<p>Notre flotte avanc\u00e9e d&#039;\u00e9quipements d&#039;application d&#039;engrais et de professionnels qualifi\u00e9s garantit que les nutriments sont appliqu\u00e9s pr\u00e9cis\u00e9ment quand et o\u00f9 vos champs en ont besoin. De plus, louez du mat\u00e9riel d&#039;application (side dresser) pour vous donner la flexibilit\u00e9 de g\u00e9rer vos applications de mani\u00e8re autonome. Veuillez noter que les services de location et d&#039;application personnalis\u00e9e sont disponibles dans certains emplacements P&amp;H.<\/p>\n<\/div>            <\/div>\n            <\/div>\n<\/section>\n\n<section class=\"cta white\">\n    <div class=\"container\">\n        <div class=\"left noimage\">\n            <h3 style=\"text-align: center\">Demande de livraison \u00e0 la ferme<\/h3>\n\n                            <div class=\"buttons\">\n                                            <a class=\"button primary\" href=\"https:\/\/parrishandheimbecker-ag.com\/fr\/find-a-location\/\" target=\"\"><span>Contactez votre P&amp;H local<\/span><\/a>\n                                                        <\/div>\n                    <\/div>\n            <\/div>\n<\/section>","protected":false},"excerpt":{"rendered":"","protected":false},"author":2,"featured_media":0,"parent":0,"menu_order":2,"comment_status":"closed","ping_status":"closed","template":"","meta":{"_acf_changed":true,"_relevanssi_hide_post":"","_relevanssi_hide_content":"","_relevanssi_pin_for_all":"","_relevanssi_pin_keywords":"","_relevanssi_unpin_keywords":"","_relevanssi_related_keywords":"","_relevanssi_related_include_ids":"","_relevanssi_related_exclude_ids":"","_relevanssi_related_no_append":"","_relevanssi_related_not_related":"","_relevanssi_related_posts":"2454,2606,2126,2176,1,343","_relevanssi_noindex_reason":"","footnotes":""},"class_list":["post-4274","page","type-page","status-publish","hentry"],"acf":[],"yoast_head":"<!-- This site is optimized with the Yoast SEO Premium plugin v25.2 (Yoast SEO v26.8) - https:\/\/yoast.com\/product\/yoast-seo-premium-wordpress\/ -->\n<title>Livraison et ex\u00e9cution | P&amp;H<\/title>\n<meta name=\"description\" content=\"Laissez notre \u00e9quipe d&#039;experts g\u00e9rer la logistique de vos commandes avec une livraison directe d&#039;engrais \u00e0 la ferme et une application personnalis\u00e9e.\" \/>\n<meta name=\"robots\" content=\"index, follow, max-snippet:-1, max-image-preview:large, max-video-preview:-1\" \/>\n<link rel=\"canonical\" href=\"https:\/\/parrishandheimbecker-ag.com\/fr\/delivery-fulfillment\/\" \/>\n<meta property=\"og:locale\" content=\"fr_FR\" \/>\n<meta property=\"og:type\" content=\"article\" \/>\n<meta property=\"og:title\" content=\"Livraison et ex\u00e9cution\" \/>\n<meta property=\"og:description\" content=\"Laissez notre \u00e9quipe d&#039;experts g\u00e9rer la logistique de vos commandes avec une livraison directe d&#039;engrais \u00e0 la ferme et une application personnalis\u00e9e.\" \/>\n<meta property=\"og:url\" content=\"https:\/\/parrishandheimbecker-ag.com\/fr\/delivery-fulfillment\/\" \/>\n<meta property=\"og:site_name\" content=\"P&amp;H Crop Inputs and Grain\" \/>\n<meta property=\"article:publisher\" content=\"https:\/\/www.facebook.com\/ParrishHeimbecker\" \/>\n<meta property=\"article:modified_time\" content=\"2026-02-18T08:15:42+00:00\" \/>\n<meta name=\"twitter:card\" content=\"summary_large_image\" \/>\n<meta name=\"twitter:site\" content=\"@ParrishHeimbeck\" \/>\n<script type=\"application\/ld+json\" class=\"yoast-schema-graph\">{\"@context\":\"https:\/\/schema.org\",\"@graph\":[{\"@type\":\"WebPage\",\"@id\":\"https:\/\/parrishandheimbecker-ag.com\/fr\/delivery-fulfillment\/\",\"url\":\"https:\/\/parrishandheimbecker-ag.com\/fr\/delivery-fulfillment\/\",\"name\":\"Livraison et ex\u00e9cution | P&H\",\"isPartOf\":{\"@id\":\"https:\/\/parrishandheimbecker-ag.com\/fr\/#website\"},\"datePublished\":\"2024-08-22T15:04:11+00:00\",\"dateModified\":\"2026-02-18T08:15:42+00:00\",\"description\":\"Laissez notre \u00e9quipe d'experts g\u00e9rer la logistique de vos commandes avec une livraison directe d'engrais \u00e0 la ferme et une application personnalis\u00e9e.\",\"breadcrumb\":{\"@id\":\"https:\/\/parrishandheimbecker-ag.com\/fr\/delivery-fulfillment\/#breadcrumb\"},\"inLanguage\":\"fr-FR\",\"potentialAction\":[{\"@type\":\"ReadAction\",\"target\":[\"https:\/\/parrishandheimbecker-ag.com\/fr\/delivery-fulfillment\/\"]}]},{\"@type\":\"BreadcrumbList\",\"@id\":\"https:\/\/parrishandheimbecker-ag.com\/fr\/delivery-fulfillment\/#breadcrumb\",\"itemListElement\":[{\"@type\":\"ListItem\",\"position\":1,\"name\":\"Home\",\"item\":\"https:\/\/parrishandheimbecker-ag.com\/fr\/\"},{\"@type\":\"ListItem\",\"position\":2,\"name\":\"Livraison et ex\u00e9cution\"}]},{\"@type\":\"WebSite\",\"@id\":\"https:\/\/parrishandheimbecker-ag.com\/fr\/#website\",\"url\":\"https:\/\/parrishandheimbecker-ag.com\/fr\/\",\"name\":\"P&H Crop Inputs and Grain\",\"description\":\"\",\"publisher\":{\"@id\":\"https:\/\/parrishandheimbecker-ag.com\/fr\/#organization\"},\"alternateName\":\"Parrish & Heimbecker Crop Inputs and Grain\",\"potentialAction\":[{\"@type\":\"SearchAction\",\"target\":{\"@type\":\"EntryPoint\",\"urlTemplate\":\"https:\/\/parrishandheimbecker-ag.com\/fr\/?s={search_term_string}\"},\"query-input\":{\"@type\":\"PropertyValueSpecification\",\"valueRequired\":true,\"valueName\":\"search_term_string\"}}],\"inLanguage\":\"fr-FR\"},{\"@type\":\"Organization\",\"@id\":\"https:\/\/parrishandheimbecker-ag.com\/fr\/#organization\",\"name\":\"P&H Agriculture\",\"url\":\"https:\/\/parrishandheimbecker-ag.com\/fr\/\",\"logo\":{\"@type\":\"ImageObject\",\"inLanguage\":\"fr-FR\",\"@id\":\"https:\/\/parrishandheimbecker-ag.com\/fr\/#\/schema\/logo\/image\/\",\"url\":\"https:\/\/parrishandheimbecker-ag.com\/wp-content\/uploads\/2024\/08\/PH-Shield_Ampersand_Lockup_RGB-300x226-1.png\",\"contentUrl\":\"https:\/\/parrishandheimbecker-ag.com\/wp-content\/uploads\/2024\/08\/PH-Shield_Ampersand_Lockup_RGB-300x226-1.png\",\"width\":300,\"height\":226,\"caption\":\"P&H Agriculture\"},\"image\":{\"@id\":\"https:\/\/parrishandheimbecker-ag.com\/fr\/#\/schema\/logo\/image\/\"},\"sameAs\":[\"https:\/\/www.facebook.com\/ParrishHeimbecker\",\"https:\/\/x.com\/ParrishHeimbeck\"]}]}<\/script>\n<!-- \/ Yoast SEO Premium plugin. -->","yoast_head_json":{"title":"Livraison et ex\u00e9cution | P&H","description":"Laissez notre \u00e9quipe d'experts g\u00e9rer la logistique de vos commandes avec une livraison directe d'engrais \u00e0 la ferme et une application personnalis\u00e9e.","robots":{"index":"index","follow":"follow","max-snippet":"max-snippet:-1","max-image-preview":"max-image-preview:large","max-video-preview":"max-video-preview:-1"},"canonical":"https:\/\/parrishandheimbecker-ag.com\/fr\/delivery-fulfillment\/","og_locale":"fr_FR","og_type":"article","og_title":"Livraison et ex\u00e9cution","og_description":"Laissez notre \u00e9quipe d'experts g\u00e9rer la logistique de vos commandes avec une livraison directe d'engrais \u00e0 la ferme et une application personnalis\u00e9e.","og_url":"https:\/\/parrishandheimbecker-ag.com\/fr\/delivery-fulfillment\/","og_site_name":"P&amp;H Crop Inputs and Grain","article_publisher":"https:\/\/www.facebook.com\/ParrishHeimbecker","article_modified_time":"2026-02-18T08:15:42+00:00","twitter_card":"summary_large_image","twitter_site":"@ParrishHeimbeck","schema":{"@context":"https:\/\/schema.org","@graph":[{"@type":"WebPage","@id":"https:\/\/parrishandheimbecker-ag.com\/fr\/delivery-fulfillment\/","url":"https:\/\/parrishandheimbecker-ag.com\/fr\/delivery-fulfillment\/","name":"Livraison et ex\u00e9cution | P&H","isPartOf":{"@id":"https:\/\/parrishandheimbecker-ag.com\/fr\/#website"},"datePublished":"2024-08-22T15:04:11+00:00","dateModified":"2026-02-18T08:15:42+00:00","description":"Laissez notre \u00e9quipe d'experts g\u00e9rer la logistique de vos commandes avec une livraison directe d'engrais \u00e0 la ferme et une application personnalis\u00e9e.","breadcrumb":{"@id":"https:\/\/parrishandheimbecker-ag.com\/fr\/delivery-fulfillment\/#breadcrumb"},"inLanguage":"fr-FR","potentialAction":[{"@type":"ReadAction","target":["https:\/\/parrishandheimbecker-ag.com\/fr\/delivery-fulfillment\/"]}]},{"@type":"BreadcrumbList","@id":"https:\/\/parrishandheimbecker-ag.com\/fr\/delivery-fulfillment\/#breadcrumb","itemListElement":[{"@type":"ListItem","position":1,"name":"Home","item":"https:\/\/parrishandheimbecker-ag.com\/fr\/"},{"@type":"ListItem","position":2,"name":"Livraison et ex\u00e9cution"}]},{"@type":"WebSite","@id":"https:\/\/parrishandheimbecker-ag.com\/fr\/#website","url":"https:\/\/parrishandheimbecker-ag.com\/fr\/","name":"P&H Crop Inputs and Grain","description":"","publisher":{"@id":"https:\/\/parrishandheimbecker-ag.com\/fr\/#organization"},"alternateName":"Parrish & Heimbecker Crop Inputs and Grain","potentialAction":[{"@type":"SearchAction","target":{"@type":"EntryPoint","urlTemplate":"https:\/\/parrishandheimbecker-ag.com\/fr\/?s={search_term_string}"},"query-input":{"@type":"PropertyValueSpecification","valueRequired":true,"valueName":"search_term_string"}}],"inLanguage":"fr-FR"},{"@type":"Organization","@id":"https:\/\/parrishandheimbecker-ag.com\/fr\/#organization","name":"P&H Agriculture","url":"https:\/\/parrishandheimbecker-ag.com\/fr\/","logo":{"@type":"ImageObject","inLanguage":"fr-FR","@id":"https:\/\/parrishandheimbecker-ag.com\/fr\/#\/schema\/logo\/image\/","url":"https:\/\/parrishandheimbecker-ag.com\/wp-content\/uploads\/2024\/08\/PH-Shield_Ampersand_Lockup_RGB-300x226-1.png","contentUrl":"https:\/\/parrishandheimbecker-ag.com\/wp-content\/uploads\/2024\/08\/PH-Shield_Ampersand_Lockup_RGB-300x226-1.png","width":300,"height":226,"caption":"P&H Agriculture"},"image":{"@id":"https:\/\/parrishandheimbecker-ag.com\/fr\/#\/schema\/logo\/image\/"},"sameAs":["https:\/\/www.facebook.com\/ParrishHeimbecker","https:\/\/x.com\/ParrishHeimbeck"]}]}},"_links":{"self":[{"href":"https:\/\/parrishandheimbecker-ag.com\/fr\/wp-json\/wp\/v2\/pages\/4274","targetHints":{"allow":["GET"]}}],"collection":[{"href":"https:\/\/parrishandheimbecker-ag.com\/fr\/wp-json\/wp\/v2\/pages"}],"about":[{"href":"https:\/\/parrishandheimbecker-ag.com\/fr\/wp-json\/wp\/v2\/types\/page"}],"author":[{"embeddable":true,"href":"https:\/\/parrishandheimbecker-ag.com\/fr\/wp-json\/wp\/v2\/users\/2"}],"replies":[{"embeddable":true,"href":"https:\/\/parrishandheimbecker-ag.com\/fr\/wp-json\/wp\/v2\/comments?post=4274"}],"version-history":[{"count":0,"href":"https:\/\/parrishandheimbecker-ag.com\/fr\/wp-json\/wp\/v2\/pages\/4274\/revisions"}],"wp:attachment":[{"href":"https:\/\/parrishandheimbecker-ag.com\/fr\/wp-json\/wp\/v2\/media?parent=4274"}],"curies":[{"name":"wp","href":"https:\/\/api.w.org\/{rel}","templated":true}]}}