{"id":4276,"date":"2024-08-22T19:27:21","date_gmt":"2024-08-22T19:27:21","guid":{"rendered":"https:\/\/parrishandheimbecker-ag.com\/soil-sampling\/"},"modified":"2026-02-18T08:15:43","modified_gmt":"2026-02-18T08:15:43","slug":"soil-sampling","status":"publish","type":"page","link":"https:\/\/parrishandheimbecker-ag.com\/fr\/soil-sampling\/","title":{"rendered":"\u00c9chantillonnage du sol"},"content":{"rendered":"\n<section class=\"hero image\" style=\"background: url(https:\/\/parrishandheimbecker-ag.com\/wp-content\/uploads\/2024\/08\/Soil2-rotated.png) no-repeat center\/cover;\">\n                <div class=\"overlay\"><\/div>\n    \n    <div class=\"container\">\n         <span class=\"headline\">\u00c9CHANTILLONNAGE DU SOL<\/span>\n                             <\/div>\n    <\/section>\n\n\n\n<section class=\"breadcrumb-block\" style=\"background-color: #ffffff;\">\n    <div class=\"container\">\n        <p id=\"breadcrumbs\"><span><span><a href=\"https:\/\/parrishandheimbecker-ag.com\/fr\/\">Home<\/a><\/span><\/span><\/p>    <\/div>\n<\/section>\n\n\n\n<section class=\"general white top\">\n    <div class=\"container\">\n\n                <div class=\"column\">\n                <div class=\"module text\"><h1>C&#039;EST SIMPLE : LES PRODUCTEURS AYANT DES RENDEMENTS PLUS \u00c9LEV\u00c9S ANALYSERONT LE SOL PLUS SOUVENT PAR \u00c9CHANTILLONNAGE.<\/h1>\n<p>L\u2019un de vos biens les plus pr\u00e9cieux est le sol dans lequel poussent vos cultures. Cela signifie qu\u2019il est essentiel de savoir quels nutriments sont disponibles si vous cherchez \u00e0 cultiver une culture \u00e0 plus haut rendement. Les prix des engrais ayant un impact plus important sur les d\u00e9penses cette saison, des tests de sol actuels et pr\u00e9cis sont essentiels \u00e0 la rentabilit\u00e9 \u2013 et votre agronome P&amp;H peut vous aider.<\/p>\n<h2>Analysez r\u00e9guli\u00e8rement votre sol et concentrez-vous sur les principes des 4B<\/h2>\n<p>Un test de sol ne consiste pas seulement \u00e0 \u00e9valuer les niveaux d\u2019azote. Un test de sol peut fournir d\u2019autres informations utiles telles que l\u2019acidit\u00e9 du sol, le sodium et les sels solubles, la mati\u00e8re organique, la capacit\u00e9 d\u2019\u00e9change cationique et le pH.<\/p>\n<p>Dans les 4B de la gestion des nutriments, l\u2019objectif est d\u2019appliquer la bonne source, au bon taux, au bon moment et au bon endroit. Consultez notre page <a href=\"https:\/\/parrishandheimbecker-ag.com\/fr\/crop-inputs\/crop-nutrients\/\">Efficacit\u00e9 d\u2019utilisation <\/a>des engrais pour un examen approfondi de la strat\u00e9gie 4B.<\/p>\n<h2>Trouvez l&#039;essentiel dans cinq grandes cat\u00e9gories<\/h2>\n<p>Les informations les plus pr\u00e9cieuses d\u2019un test de sol proviendront probablement de la mesure de ces cinq grands groupes :<\/p>\n<ul>\n<li><strong>Mati\u00e8re organique (H4<\/strong>) \u2013 Compos\u00e9s \u00e0 base de carbone pr\u00e9sents dans le sol qui servent souvent de r\u00e9serve de nutriments.<\/li>\n<li><strong>pH du sol (H4<\/strong>) \u2013 L\u2019acidit\u00e9 ou l\u2019alcalinit\u00e9 du sol, qui peut affecter la disponibilit\u00e9 des nutriments.<\/li>\n<li><strong>Capacit\u00e9 d&#039;\u00e9change cationique (CEC) (H4<\/strong>) \u2013 Une caract\u00e9ristique inh\u00e9rente du sol qui est difficile \u00e0 modifier de mani\u00e8re significative et qui influence la capacit\u00e9 du sol \u00e0 retenir les nutriments essentiels.<\/li>\n<li><strong><a href=\"https:\/\/parrishandheimbecker-ag.com\/fr\/soil-sampling-fertilizer-application\/\">Nitrate<\/a>-N (H4<\/strong>) \u2013 Forme d\u2019azote soluble dans l\u2019eau qui est facilement disponible pour l\u2019absorption par les plantes.<\/li>\n<li><strong>Macro et micronutriments extractibles (H4<\/strong>) \u2013 Les nutriments essentiels qui sont disponibles pour la plante et dont la culture a besoin pour produire un rendement \u00e9conomique maximal.<\/li>\n<\/ul>\n<h2>Faites appel \u00e0 un agrologue professionnel pour interpr\u00e9ter les r\u00e9sultats<\/h2>\n<p>Votre expert P&amp;H peut transformer un rapport g\u00e9n\u00e9r\u00e9 en laboratoire en recommandations personnalis\u00e9es, particuli\u00e8rement importantes pour identifier le plus grand facteur limitant de votre sol. Combler cette lacune est souvent votre plus grande opportunit\u00e9.<\/p>\n<\/div>            <\/div>\n            <\/div>\n<\/section>\n\n<section class=\"cta white\">\n    <div class=\"container\">\n        <div class=\"left noimage\">\n            <h2 style=\"text-align: center\">R\u00e9servez votre analyse de sol avec nous<\/h2>\n\n                            <div class=\"buttons\">\n                                            <a class=\"button primary\" href=\"https:\/\/parrishandheimbecker-ag.com\/fr\/find-a-location\/\" target=\"\"><span>Contactez votre agronome P&amp;H Agrologist<\/span><\/a>\n                                                        <\/div>\n                    <\/div>\n            <\/div>\n<\/section>","protected":false},"excerpt":{"rendered":"","protected":false},"author":2,"featured_media":0,"parent":0,"menu_order":4,"comment_status":"closed","ping_status":"closed","template":"","meta":{"_acf_changed":true,"_relevanssi_hide_post":"","_relevanssi_hide_content":"","_relevanssi_pin_for_all":"","_relevanssi_pin_keywords":"","_relevanssi_unpin_keywords":"","_relevanssi_related_keywords":"","_relevanssi_related_include_ids":"","_relevanssi_related_exclude_ids":"","_relevanssi_related_no_append":"","_relevanssi_related_not_related":"","_relevanssi_related_posts":"2049,2663,2606,2181,2086,2641","_relevanssi_noindex_reason":"","footnotes":""},"class_list":["post-4276","page","type-page","status-publish","hentry"],"acf":[],"yoast_head":"<!-- This site is optimized with the Yoast SEO Premium plugin v25.2 (Yoast SEO v27.4) - https:\/\/yoast.com\/product\/yoast-seo-premium-wordpress\/ -->\n<title>\u00c9chantillonnage du sol | P&amp;H<\/title>\n<meta name=\"description\" content=\"L\u2019\u00e9chantillonnage du sol avec P&amp;H peut vous aider \u00e0 comprendre votre profil nutritionnel et \u00e0 mieux utiliser vos intrants et vos ressources.\" \/>\n<meta name=\"robots\" content=\"index, follow, max-snippet:-1, max-image-preview:large, max-video-preview:-1\" \/>\n<link rel=\"canonical\" href=\"https:\/\/parrishandheimbecker-ag.com\/fr\/soil-sampling\/\" \/>\n<meta property=\"og:locale\" content=\"fr_FR\" \/>\n<meta property=\"og:type\" content=\"article\" \/>\n<meta property=\"og:title\" content=\"\u00c9chantillonnage du sol\" \/>\n<meta property=\"og:description\" content=\"L\u2019\u00e9chantillonnage du sol avec P&amp;H peut vous aider \u00e0 comprendre votre profil nutritionnel et \u00e0 mieux utiliser vos intrants et vos ressources.\" \/>\n<meta property=\"og:url\" content=\"https:\/\/parrishandheimbecker-ag.com\/fr\/soil-sampling\/\" \/>\n<meta property=\"og:site_name\" content=\"P&amp;H Crop Inputs and Grain\" \/>\n<meta property=\"article:publisher\" content=\"https:\/\/www.facebook.com\/ParrishHeimbecker\" \/>\n<meta property=\"article:modified_time\" content=\"2026-02-18T08:15:43+00:00\" \/>\n<meta name=\"twitter:card\" content=\"summary_large_image\" \/>\n<meta name=\"twitter:site\" content=\"@ParrishHeimbeck\" \/>\n<script type=\"application\/ld+json\" class=\"yoast-schema-graph\">{\"@context\":\"https:\\\/\\\/schema.org\",\"@graph\":[{\"@type\":\"WebPage\",\"@id\":\"https:\\\/\\\/parrishandheimbecker-ag.com\\\/fr\\\/soil-sampling\\\/\",\"url\":\"https:\\\/\\\/parrishandheimbecker-ag.com\\\/fr\\\/soil-sampling\\\/\",\"name\":\"\u00c9chantillonnage du sol | P&H\",\"isPartOf\":{\"@id\":\"https:\\\/\\\/parrishandheimbecker-ag.com\\\/fr\\\/#website\"},\"datePublished\":\"2024-08-22T19:27:21+00:00\",\"dateModified\":\"2026-02-18T08:15:43+00:00\",\"description\":\"L\u2019\u00e9chantillonnage du sol avec P&H peut vous aider \u00e0 comprendre votre profil nutritionnel et \u00e0 mieux utiliser vos intrants et vos ressources.\",\"breadcrumb\":{\"@id\":\"https:\\\/\\\/parrishandheimbecker-ag.com\\\/fr\\\/soil-sampling\\\/#breadcrumb\"},\"inLanguage\":\"fr-FR\",\"potentialAction\":[{\"@type\":\"ReadAction\",\"target\":[\"https:\\\/\\\/parrishandheimbecker-ag.com\\\/fr\\\/soil-sampling\\\/\"]}]},{\"@type\":\"BreadcrumbList\",\"@id\":\"https:\\\/\\\/parrishandheimbecker-ag.com\\\/fr\\\/soil-sampling\\\/#breadcrumb\",\"itemListElement\":[{\"@type\":\"ListItem\",\"position\":1,\"name\":\"Home\",\"item\":\"https:\\\/\\\/parrishandheimbecker-ag.com\\\/fr\\\/\"},{\"@type\":\"ListItem\",\"position\":2,\"name\":\"\u00c9chantillonnage du sol\"}]},{\"@type\":\"WebSite\",\"@id\":\"https:\\\/\\\/parrishandheimbecker-ag.com\\\/fr\\\/#website\",\"url\":\"https:\\\/\\\/parrishandheimbecker-ag.com\\\/fr\\\/\",\"name\":\"P&H Crop Inputs and Grain\",\"description\":\"\",\"publisher\":{\"@id\":\"https:\\\/\\\/parrishandheimbecker-ag.com\\\/fr\\\/#organization\"},\"alternateName\":\"Parrish & Heimbecker Crop Inputs and Grain\",\"potentialAction\":[{\"@type\":\"SearchAction\",\"target\":{\"@type\":\"EntryPoint\",\"urlTemplate\":\"https:\\\/\\\/parrishandheimbecker-ag.com\\\/fr\\\/?s={search_term_string}\"},\"query-input\":{\"@type\":\"PropertyValueSpecification\",\"valueRequired\":true,\"valueName\":\"search_term_string\"}}],\"inLanguage\":\"fr-FR\"},{\"@type\":\"Organization\",\"@id\":\"https:\\\/\\\/parrishandheimbecker-ag.com\\\/fr\\\/#organization\",\"name\":\"P&H Agriculture\",\"url\":\"https:\\\/\\\/parrishandheimbecker-ag.com\\\/fr\\\/\",\"logo\":{\"@type\":\"ImageObject\",\"inLanguage\":\"fr-FR\",\"@id\":\"https:\\\/\\\/parrishandheimbecker-ag.com\\\/fr\\\/#\\\/schema\\\/logo\\\/image\\\/\",\"url\":\"https:\\\/\\\/parrishandheimbecker-ag.com\\\/wp-content\\\/uploads\\\/2024\\\/08\\\/PH-Shield_Ampersand_Lockup_RGB-300x226-1.png\",\"contentUrl\":\"https:\\\/\\\/parrishandheimbecker-ag.com\\\/wp-content\\\/uploads\\\/2024\\\/08\\\/PH-Shield_Ampersand_Lockup_RGB-300x226-1.png\",\"width\":300,\"height\":226,\"caption\":\"P&H Agriculture\"},\"image\":{\"@id\":\"https:\\\/\\\/parrishandheimbecker-ag.com\\\/fr\\\/#\\\/schema\\\/logo\\\/image\\\/\"},\"sameAs\":[\"https:\\\/\\\/www.facebook.com\\\/ParrishHeimbecker\",\"https:\\\/\\\/x.com\\\/ParrishHeimbeck\"]}]}<\/script>\n<!-- \/ Yoast SEO Premium plugin. -->","yoast_head_json":{"title":"\u00c9chantillonnage du sol | P&H","description":"L\u2019\u00e9chantillonnage du sol avec P&H peut vous aider \u00e0 comprendre votre profil nutritionnel et \u00e0 mieux utiliser vos intrants et vos ressources.","robots":{"index":"index","follow":"follow","max-snippet":"max-snippet:-1","max-image-preview":"max-image-preview:large","max-video-preview":"max-video-preview:-1"},"canonical":"https:\/\/parrishandheimbecker-ag.com\/fr\/soil-sampling\/","og_locale":"fr_FR","og_type":"article","og_title":"\u00c9chantillonnage du sol","og_description":"L\u2019\u00e9chantillonnage du sol avec P&H peut vous aider \u00e0 comprendre votre profil nutritionnel et \u00e0 mieux utiliser vos intrants et vos ressources.","og_url":"https:\/\/parrishandheimbecker-ag.com\/fr\/soil-sampling\/","og_site_name":"P&amp;H Crop Inputs and Grain","article_publisher":"https:\/\/www.facebook.com\/ParrishHeimbecker","article_modified_time":"2026-02-18T08:15:43+00:00","twitter_card":"summary_large_image","twitter_site":"@ParrishHeimbeck","schema":{"@context":"https:\/\/schema.org","@graph":[{"@type":"WebPage","@id":"https:\/\/parrishandheimbecker-ag.com\/fr\/soil-sampling\/","url":"https:\/\/parrishandheimbecker-ag.com\/fr\/soil-sampling\/","name":"\u00c9chantillonnage du sol | P&H","isPartOf":{"@id":"https:\/\/parrishandheimbecker-ag.com\/fr\/#website"},"datePublished":"2024-08-22T19:27:21+00:00","dateModified":"2026-02-18T08:15:43+00:00","description":"L\u2019\u00e9chantillonnage du sol avec P&H peut vous aider \u00e0 comprendre votre profil nutritionnel et \u00e0 mieux utiliser vos intrants et vos ressources.","breadcrumb":{"@id":"https:\/\/parrishandheimbecker-ag.com\/fr\/soil-sampling\/#breadcrumb"},"inLanguage":"fr-FR","potentialAction":[{"@type":"ReadAction","target":["https:\/\/parrishandheimbecker-ag.com\/fr\/soil-sampling\/"]}]},{"@type":"BreadcrumbList","@id":"https:\/\/parrishandheimbecker-ag.com\/fr\/soil-sampling\/#breadcrumb","itemListElement":[{"@type":"ListItem","position":1,"name":"Home","item":"https:\/\/parrishandheimbecker-ag.com\/fr\/"},{"@type":"ListItem","position":2,"name":"\u00c9chantillonnage du sol"}]},{"@type":"WebSite","@id":"https:\/\/parrishandheimbecker-ag.com\/fr\/#website","url":"https:\/\/parrishandheimbecker-ag.com\/fr\/","name":"P&H Crop Inputs and Grain","description":"","publisher":{"@id":"https:\/\/parrishandheimbecker-ag.com\/fr\/#organization"},"alternateName":"Parrish & Heimbecker Crop Inputs and Grain","potentialAction":[{"@type":"SearchAction","target":{"@type":"EntryPoint","urlTemplate":"https:\/\/parrishandheimbecker-ag.com\/fr\/?s={search_term_string}"},"query-input":{"@type":"PropertyValueSpecification","valueRequired":true,"valueName":"search_term_string"}}],"inLanguage":"fr-FR"},{"@type":"Organization","@id":"https:\/\/parrishandheimbecker-ag.com\/fr\/#organization","name":"P&H Agriculture","url":"https:\/\/parrishandheimbecker-ag.com\/fr\/","logo":{"@type":"ImageObject","inLanguage":"fr-FR","@id":"https:\/\/parrishandheimbecker-ag.com\/fr\/#\/schema\/logo\/image\/","url":"https:\/\/parrishandheimbecker-ag.com\/wp-content\/uploads\/2024\/08\/PH-Shield_Ampersand_Lockup_RGB-300x226-1.png","contentUrl":"https:\/\/parrishandheimbecker-ag.com\/wp-content\/uploads\/2024\/08\/PH-Shield_Ampersand_Lockup_RGB-300x226-1.png","width":300,"height":226,"caption":"P&H Agriculture"},"image":{"@id":"https:\/\/parrishandheimbecker-ag.com\/fr\/#\/schema\/logo\/image\/"},"sameAs":["https:\/\/www.facebook.com\/ParrishHeimbecker","https:\/\/x.com\/ParrishHeimbeck"]}]}},"_links":{"self":[{"href":"https:\/\/parrishandheimbecker-ag.com\/fr\/wp-json\/wp\/v2\/pages\/4276","targetHints":{"allow":["GET"]}}],"collection":[{"href":"https:\/\/parrishandheimbecker-ag.com\/fr\/wp-json\/wp\/v2\/pages"}],"about":[{"href":"https:\/\/parrishandheimbecker-ag.com\/fr\/wp-json\/wp\/v2\/types\/page"}],"author":[{"embeddable":true,"href":"https:\/\/parrishandheimbecker-ag.com\/fr\/wp-json\/wp\/v2\/users\/2"}],"replies":[{"embeddable":true,"href":"https:\/\/parrishandheimbecker-ag.com\/fr\/wp-json\/wp\/v2\/comments?post=4276"}],"version-history":[{"count":0,"href":"https:\/\/parrishandheimbecker-ag.com\/fr\/wp-json\/wp\/v2\/pages\/4276\/revisions"}],"wp:attachment":[{"href":"https:\/\/parrishandheimbecker-ag.com\/fr\/wp-json\/wp\/v2\/media?parent=4276"}],"curies":[{"name":"wp","href":"https:\/\/api.w.org\/{rel}","templated":true}]}}