{"id":4280,"date":"2024-08-22T19:27:34","date_gmt":"2024-08-22T19:27:34","guid":{"rendered":"https:\/\/parrishandheimbecker-ag.com\/crop-inputs\/seed\/"},"modified":"2026-02-18T08:26:44","modified_gmt":"2026-02-18T08:26:44","slug":"seed","status":"publish","type":"page","link":"https:\/\/parrishandheimbecker-ag.com\/fr\/crop-inputs\/seed\/","title":{"rendered":"Semence"},"content":{"rendered":"\n<section class=\"hero image\" style=\"background: url(https:\/\/parrishandheimbecker-ag.com\/wp-content\/uploads\/2024\/08\/seed-e1537972687828.jpg) no-repeat center\/cover;\">\n                <div class=\"overlay\"><\/div>\n    \n    <div class=\"container\">\n         <span class=\"headline\">SEMENCE<\/span>\n                             <\/div>\n    <\/section>\n\n\n\n<section class=\"breadcrumb-block\" style=\"background-color: #ffffff;\">\n    <div class=\"container\">\n        <p id=\"breadcrumbs\"><span><span><a href=\"https:\/\/parrishandheimbecker-ag.com\/fr\/\">Home<\/a><\/span><\/span><\/p>    <\/div>\n<\/section>\n\n\n\n<section class=\"cards bg white nobottom\">\n    <div class=\"container\">\n        <div class=\"intro\"><h1 style=\"text-align: center\">PARTENAIRES DE SEMENCES<\/h1>\n<p style=\"text-align: center\">P&amp;H entretient des partenariats avec des fournisseurs de semences cl\u00e9s pour donner acc\u00e8s \u00e0 une large gamme de g\u00e9n\u00e9tiques et de caract\u00e9ristiques qui nous permettent de cr\u00e9er un ensemble de semences personnalis\u00e9 pour votre ferme. Ces partenariats donnent acc\u00e8s \u00e0 une large gamme de g\u00e9n\u00e9tiques et de caract\u00e9ristiques qui nous permettent de cr\u00e9er des ensembles de semences personnalis\u00e9s pour vos hectares.<\/p>\n<\/div>        \n                <div class=\"card no-content\" style=\"background-image: url(https:\/\/parrishandheimbecker-ag.com\/wp-content\/uploads\/2024\/08\/seed-products.webp);\">\n                    \n                                            <a href=\"\/crop-inputs\/seed\/seed-selection\/\" target=\"\" class=\"button secondary\">\n                            Seed Selection                        <\/a>\n                                    <\/div>\n            \n                <div class=\"card no-content\" style=\"background-image: url(https:\/\/parrishandheimbecker-ag.com\/wp-content\/uploads\/2024\/08\/seed-treatment-web-scaled.webp);\">\n                    \n                                            <a href=\"\/crop-inputs\/seed\/seed-treatments\/\" target=\"\" class=\"button secondary\">\n                            Traitements des semences                        <\/a>\n                                    <\/div>\n                <\/div>\n<\/section>\n\n<section class=\"logo-grid  white\">\n    <div class=\"container\">\n                    <div class=\"intro\"><h3 class=\"decorative-title\" style=\"text-align: center\">Partenaires des Prairies<\/h3>\n<\/div>\n                            <div class=\"logo-grid-row\">\n                                        <div class=\"logo-grid-item\">\n                                                            <a href=\"https:\/\/www.allianceseed.com\/\" target=\"_blank\">\n                                    <img decoding=\"async\" src=\"https:\/\/parrishandheimbecker-ag.com\/wp-content\/uploads\/2024\/09\/Partner_AllianceSeed_200x70.png\" alt=\"Partner Allianceseed 200x70\">\n                                <\/a>\n                                                    <\/div>\n                                            <div class=\"logo-grid-item\">\n                                                            <a href=\"https:\/\/canterra.com\/\" target=\"_blank\">\n                                    <img decoding=\"async\" src=\"https:\/\/parrishandheimbecker-ag.com\/wp-content\/uploads\/2024\/09\/Partner_Canterra_200x70.png\" alt=\"Partner Canterra 200x70\">\n                                <\/a>\n                                                    <\/div>\n                                            <div class=\"logo-grid-item\">\n                                                            <a href=\"https:\/\/www.cropscience.bayer.ca\/en\/products\/dekalb-seed\" target=\"_blank\">\n                                    <img decoding=\"async\" src=\"https:\/\/parrishandheimbecker-ag.com\/wp-content\/uploads\/2024\/09\/Partner_Deklab_200x70.png\" alt=\"Partner Deklab 200x70\">\n                                <\/a>\n                                                    <\/div>\n                                            <div class=\"logo-grid-item\">\n                                                            <a href=\"https:\/\/agriculture.basf.us\/crop-protection\/products\/seeds\/invigor.html\" target=\"_blank\">\n                                    <img decoding=\"async\" src=\"https:\/\/parrishandheimbecker-ag.com\/wp-content\/uploads\/2024\/09\/Partner_InVigor_200x70.png\" alt=\"Partner Invigor 200x70\">\n                                <\/a>\n                                                    <\/div>\n                                            <div class=\"logo-grid-item\">\n                                                            <a href=\"https:\/\/www.syngenta.com\/en\" target=\"_blank\">\n                                    <img decoding=\"async\" src=\"https:\/\/parrishandheimbecker-ag.com\/wp-content\/uploads\/2024\/09\/syngenta-logo-200x70-1.png\" alt=\"Syngenta Logo 200x70\">\n                                <\/a>\n                                                    <\/div>\n                                            <div class=\"logo-grid-item\">\n                                                            <a href=\"https:\/\/dlf.com\/\" target=\"_blank\">\n                                    <img decoding=\"async\" src=\"https:\/\/parrishandheimbecker-ag.com\/wp-content\/uploads\/2024\/09\/Partner_DLF_200x70.png\" alt=\"Partner Dlf 200x70\">\n                                <\/a>\n                                                    <\/div>\n                                            <div class=\"logo-grid-item\">\n                                                            <a href=\"https:\/\/www.corteva.com\/\" target=\"_blank\">\n                                    <img decoding=\"async\" src=\"https:\/\/parrishandheimbecker-ag.com\/wp-content\/uploads\/2024\/09\/corteva-logo-200x70-1.png\" alt=\"Corteva Logo 200x70\">\n                                <\/a>\n                                                    <\/div>\n                                            <div class=\"logo-grid-item\">\n                                                            <a href=\"https:\/\/brettyoung.ca\/\" target=\"_blank\">\n                                    <img decoding=\"async\" src=\"https:\/\/parrishandheimbecker-ag.com\/wp-content\/uploads\/2024\/09\/Partner_Brett_200x70.png\" alt=\"Partner Brett 200x70\">\n                                <\/a>\n                                                    <\/div>\n                                            <div class=\"logo-grid-item\">\n                                                            <a href=\"https:\/\/www.prideseeds.com\/\" target=\"_blank\">\n                                    <img decoding=\"async\" src=\"https:\/\/parrishandheimbecker-ag.com\/wp-content\/uploads\/2024\/09\/Partner_PrideSeed_200x70.png\" alt=\"Partner Prideseed 200x70\">\n                                <\/a>\n                                                    <\/div>\n                                <\/div>\n            <\/div>\n<\/section>\n<section class=\"logo-grid  white notop\">\n    <div class=\"container\">\n                    <div class=\"intro\"><h3 class=\"decorative-title\" style=\"text-align: center\">Partenaires de l&#039;Ontario<\/h3>\n<\/div>\n                            <div class=\"logo-grid-row\">\n                                        <div class=\"logo-grid-item\">\n                                                            <a href=\"https:\/\/www.brevant.com\/\" target=\"_blank\">\n                                    <img decoding=\"async\" src=\"https:\/\/parrishandheimbecker-ag.com\/wp-content\/uploads\/2024\/09\/Partner_Brevant_200x70.png\" alt=\"Partner Brevant 200x70\">\n                                <\/a>\n                                                    <\/div>\n                                            <div class=\"logo-grid-item\">\n                                                            <a href=\"https:\/\/redwheat.com\/\" target=\"_blank\">\n                                    <img decoding=\"async\" src=\"https:\/\/parrishandheimbecker-ag.com\/wp-content\/uploads\/2024\/09\/Partner_CMS_200x70.png\" alt=\"Partner Cms 200x70\">\n                                <\/a>\n                                                    <\/div>\n                                            <div class=\"logo-grid-item\">\n                                                            <a href=\"https:\/\/www.syngenta-us.com\/corn\/nk\" target=\"_blank\">\n                                    <img decoding=\"async\" src=\"https:\/\/parrishandheimbecker-ag.com\/wp-content\/uploads\/2024\/09\/Partner_NK_200x70.png\" alt=\"Partner Nk 200x70\">\n                                <\/a>\n                                                    <\/div>\n                                            <div class=\"logo-grid-item\">\n                                                            <a href=\"https:\/\/www.prideseeds.com\/\" target=\"_blank\">\n                                    <img decoding=\"async\" src=\"https:\/\/parrishandheimbecker-ag.com\/wp-content\/uploads\/2024\/09\/Partner_PrideSeed_200x70-1.png\" alt=\"Partner Prideseed 200x70\">\n                                <\/a>\n                                                    <\/div>\n                                            <div class=\"logo-grid-item\">\n                                                            <a href=\"https:\/\/secan.com\/\" target=\"_blank\">\n                                    <img decoding=\"async\" src=\"https:\/\/parrishandheimbecker-ag.com\/wp-content\/uploads\/2024\/09\/Partner_SeCan_200x70.png\" alt=\"Partner Secan 200x70\">\n                                <\/a>\n                                                    <\/div>\n                                <\/div>\n            <\/div>\n<\/section>\n<section class=\"cta white\">\n    <div class=\"container\">\n        <div class=\"left noimage\">\n            <h2 style=\"text-align: center\">Des options de semences adapt\u00e9es \u00e0 votre ferme<\/h2>\n\n                            <div class=\"buttons\">\n                                            <a class=\"button primary\" href=\"https:\/\/parrishandheimbecker-ag.com\/find-a-location\/\" target=\"\"><span>Ask your P&amp;H Agrologist<\/span><\/a>\n                                                        <\/div>\n                    <\/div>\n            <\/div>\n<\/section>","protected":false},"excerpt":{"rendered":"","protected":false},"author":2,"featured_media":0,"parent":4161,"menu_order":2,"comment_status":"closed","ping_status":"closed","template":"","meta":{"_acf_changed":true,"_relevanssi_hide_post":"","_relevanssi_hide_content":"","_relevanssi_pin_for_all":"","_relevanssi_pin_keywords":"","_relevanssi_unpin_keywords":"","_relevanssi_related_keywords":"","_relevanssi_related_include_ids":"","_relevanssi_related_exclude_ids":"","_relevanssi_related_no_append":"","_relevanssi_related_not_related":"","_relevanssi_related_posts":"2772,2439,2762,2382,343,2745","_relevanssi_noindex_reason":"","footnotes":""},"class_list":["post-4280","page","type-page","status-publish","hentry"],"acf":[],"yoast_head":"<!-- This site is optimized with the Yoast SEO Premium plugin v25.2 (Yoast SEO v27.4) - https:\/\/yoast.com\/product\/yoast-seo-premium-wordpress\/ -->\n<title>Semences | P&amp;H<\/title>\n<meta name=\"description\" content=\"P&amp;H fournit aux producteurs une gamme compl\u00e8te de produits de semences de haute qualit\u00e9 et une expertise.\" \/>\n<meta name=\"robots\" content=\"index, follow, max-snippet:-1, max-image-preview:large, max-video-preview:-1\" \/>\n<link rel=\"canonical\" href=\"https:\/\/parrishandheimbecker-ag.com\/fr\/crop-inputs\/seed\/\" \/>\n<meta property=\"og:locale\" content=\"fr_FR\" \/>\n<meta property=\"og:type\" content=\"article\" \/>\n<meta property=\"og:title\" content=\"Semence\" \/>\n<meta property=\"og:description\" content=\"P&amp;H fournit aux producteurs une gamme compl\u00e8te de produits de semences de haute qualit\u00e9 et une expertise.\" \/>\n<meta property=\"og:url\" content=\"https:\/\/parrishandheimbecker-ag.com\/fr\/crop-inputs\/seed\/\" \/>\n<meta property=\"og:site_name\" content=\"P&amp;H Crop Inputs and Grain\" \/>\n<meta property=\"article:publisher\" content=\"https:\/\/www.facebook.com\/ParrishHeimbecker\" \/>\n<meta property=\"article:modified_time\" content=\"2026-02-18T08:26:44+00:00\" \/>\n<meta name=\"twitter:card\" content=\"summary_large_image\" \/>\n<meta name=\"twitter:site\" content=\"@ParrishHeimbeck\" \/>\n<script type=\"application\/ld+json\" class=\"yoast-schema-graph\">{\"@context\":\"https:\\\/\\\/schema.org\",\"@graph\":[{\"@type\":\"WebPage\",\"@id\":\"https:\\\/\\\/parrishandheimbecker-ag.com\\\/fr\\\/crop-inputs\\\/seed\\\/\",\"url\":\"https:\\\/\\\/parrishandheimbecker-ag.com\\\/fr\\\/crop-inputs\\\/seed\\\/\",\"name\":\"Semences | P&H\",\"isPartOf\":{\"@id\":\"https:\\\/\\\/parrishandheimbecker-ag.com\\\/fr\\\/#website\"},\"datePublished\":\"2024-08-22T19:27:34+00:00\",\"dateModified\":\"2026-02-18T08:26:44+00:00\",\"description\":\"P&H fournit aux producteurs une gamme compl\u00e8te de produits de semences de haute qualit\u00e9 et une expertise.\",\"breadcrumb\":{\"@id\":\"https:\\\/\\\/parrishandheimbecker-ag.com\\\/fr\\\/crop-inputs\\\/seed\\\/#breadcrumb\"},\"inLanguage\":\"fr-FR\",\"potentialAction\":[{\"@type\":\"ReadAction\",\"target\":[\"https:\\\/\\\/parrishandheimbecker-ag.com\\\/fr\\\/crop-inputs\\\/seed\\\/\"]}]},{\"@type\":\"BreadcrumbList\",\"@id\":\"https:\\\/\\\/parrishandheimbecker-ag.com\\\/fr\\\/crop-inputs\\\/seed\\\/#breadcrumb\",\"itemListElement\":[{\"@type\":\"ListItem\",\"position\":1,\"name\":\"Home\",\"item\":\"https:\\\/\\\/parrishandheimbecker-ag.com\\\/fr\\\/\"},{\"@type\":\"ListItem\",\"position\":2,\"name\":\"Intrants agricoles\",\"item\":\"https:\\\/\\\/parrishandheimbecker-ag.com\\\/fr\\\/crop-inputs\\\/\"},{\"@type\":\"ListItem\",\"position\":3,\"name\":\"Semence\"}]},{\"@type\":\"WebSite\",\"@id\":\"https:\\\/\\\/parrishandheimbecker-ag.com\\\/fr\\\/#website\",\"url\":\"https:\\\/\\\/parrishandheimbecker-ag.com\\\/fr\\\/\",\"name\":\"P&H Crop Inputs and Grain\",\"description\":\"\",\"publisher\":{\"@id\":\"https:\\\/\\\/parrishandheimbecker-ag.com\\\/fr\\\/#organization\"},\"alternateName\":\"Parrish & Heimbecker Crop Inputs and Grain\",\"potentialAction\":[{\"@type\":\"SearchAction\",\"target\":{\"@type\":\"EntryPoint\",\"urlTemplate\":\"https:\\\/\\\/parrishandheimbecker-ag.com\\\/fr\\\/?s={search_term_string}\"},\"query-input\":{\"@type\":\"PropertyValueSpecification\",\"valueRequired\":true,\"valueName\":\"search_term_string\"}}],\"inLanguage\":\"fr-FR\"},{\"@type\":\"Organization\",\"@id\":\"https:\\\/\\\/parrishandheimbecker-ag.com\\\/fr\\\/#organization\",\"name\":\"P&H Agriculture\",\"url\":\"https:\\\/\\\/parrishandheimbecker-ag.com\\\/fr\\\/\",\"logo\":{\"@type\":\"ImageObject\",\"inLanguage\":\"fr-FR\",\"@id\":\"https:\\\/\\\/parrishandheimbecker-ag.com\\\/fr\\\/#\\\/schema\\\/logo\\\/image\\\/\",\"url\":\"https:\\\/\\\/parrishandheimbecker-ag.com\\\/wp-content\\\/uploads\\\/2024\\\/08\\\/PH-Shield_Ampersand_Lockup_RGB-300x226-1.png\",\"contentUrl\":\"https:\\\/\\\/parrishandheimbecker-ag.com\\\/wp-content\\\/uploads\\\/2024\\\/08\\\/PH-Shield_Ampersand_Lockup_RGB-300x226-1.png\",\"width\":300,\"height\":226,\"caption\":\"P&H Agriculture\"},\"image\":{\"@id\":\"https:\\\/\\\/parrishandheimbecker-ag.com\\\/fr\\\/#\\\/schema\\\/logo\\\/image\\\/\"},\"sameAs\":[\"https:\\\/\\\/www.facebook.com\\\/ParrishHeimbecker\",\"https:\\\/\\\/x.com\\\/ParrishHeimbeck\"]}]}<\/script>\n<!-- \/ Yoast SEO Premium plugin. -->","yoast_head_json":{"title":"Semences | P&H","description":"P&H fournit aux producteurs une gamme compl\u00e8te de produits de semences de haute qualit\u00e9 et une expertise.","robots":{"index":"index","follow":"follow","max-snippet":"max-snippet:-1","max-image-preview":"max-image-preview:large","max-video-preview":"max-video-preview:-1"},"canonical":"https:\/\/parrishandheimbecker-ag.com\/fr\/crop-inputs\/seed\/","og_locale":"fr_FR","og_type":"article","og_title":"Semence","og_description":"P&H fournit aux producteurs une gamme compl\u00e8te de produits de semences de haute qualit\u00e9 et une expertise.","og_url":"https:\/\/parrishandheimbecker-ag.com\/fr\/crop-inputs\/seed\/","og_site_name":"P&amp;H Crop Inputs and Grain","article_publisher":"https:\/\/www.facebook.com\/ParrishHeimbecker","article_modified_time":"2026-02-18T08:26:44+00:00","twitter_card":"summary_large_image","twitter_site":"@ParrishHeimbeck","schema":{"@context":"https:\/\/schema.org","@graph":[{"@type":"WebPage","@id":"https:\/\/parrishandheimbecker-ag.com\/fr\/crop-inputs\/seed\/","url":"https:\/\/parrishandheimbecker-ag.com\/fr\/crop-inputs\/seed\/","name":"Semences | P&H","isPartOf":{"@id":"https:\/\/parrishandheimbecker-ag.com\/fr\/#website"},"datePublished":"2024-08-22T19:27:34+00:00","dateModified":"2026-02-18T08:26:44+00:00","description":"P&H fournit aux producteurs une gamme compl\u00e8te de produits de semences de haute qualit\u00e9 et une expertise.","breadcrumb":{"@id":"https:\/\/parrishandheimbecker-ag.com\/fr\/crop-inputs\/seed\/#breadcrumb"},"inLanguage":"fr-FR","potentialAction":[{"@type":"ReadAction","target":["https:\/\/parrishandheimbecker-ag.com\/fr\/crop-inputs\/seed\/"]}]},{"@type":"BreadcrumbList","@id":"https:\/\/parrishandheimbecker-ag.com\/fr\/crop-inputs\/seed\/#breadcrumb","itemListElement":[{"@type":"ListItem","position":1,"name":"Home","item":"https:\/\/parrishandheimbecker-ag.com\/fr\/"},{"@type":"ListItem","position":2,"name":"Intrants agricoles","item":"https:\/\/parrishandheimbecker-ag.com\/fr\/crop-inputs\/"},{"@type":"ListItem","position":3,"name":"Semence"}]},{"@type":"WebSite","@id":"https:\/\/parrishandheimbecker-ag.com\/fr\/#website","url":"https:\/\/parrishandheimbecker-ag.com\/fr\/","name":"P&H Crop Inputs and Grain","description":"","publisher":{"@id":"https:\/\/parrishandheimbecker-ag.com\/fr\/#organization"},"alternateName":"Parrish & Heimbecker Crop Inputs and Grain","potentialAction":[{"@type":"SearchAction","target":{"@type":"EntryPoint","urlTemplate":"https:\/\/parrishandheimbecker-ag.com\/fr\/?s={search_term_string}"},"query-input":{"@type":"PropertyValueSpecification","valueRequired":true,"valueName":"search_term_string"}}],"inLanguage":"fr-FR"},{"@type":"Organization","@id":"https:\/\/parrishandheimbecker-ag.com\/fr\/#organization","name":"P&H Agriculture","url":"https:\/\/parrishandheimbecker-ag.com\/fr\/","logo":{"@type":"ImageObject","inLanguage":"fr-FR","@id":"https:\/\/parrishandheimbecker-ag.com\/fr\/#\/schema\/logo\/image\/","url":"https:\/\/parrishandheimbecker-ag.com\/wp-content\/uploads\/2024\/08\/PH-Shield_Ampersand_Lockup_RGB-300x226-1.png","contentUrl":"https:\/\/parrishandheimbecker-ag.com\/wp-content\/uploads\/2024\/08\/PH-Shield_Ampersand_Lockup_RGB-300x226-1.png","width":300,"height":226,"caption":"P&H Agriculture"},"image":{"@id":"https:\/\/parrishandheimbecker-ag.com\/fr\/#\/schema\/logo\/image\/"},"sameAs":["https:\/\/www.facebook.com\/ParrishHeimbecker","https:\/\/x.com\/ParrishHeimbeck"]}]}},"_links":{"self":[{"href":"https:\/\/parrishandheimbecker-ag.com\/fr\/wp-json\/wp\/v2\/pages\/4280","targetHints":{"allow":["GET"]}}],"collection":[{"href":"https:\/\/parrishandheimbecker-ag.com\/fr\/wp-json\/wp\/v2\/pages"}],"about":[{"href":"https:\/\/parrishandheimbecker-ag.com\/fr\/wp-json\/wp\/v2\/types\/page"}],"author":[{"embeddable":true,"href":"https:\/\/parrishandheimbecker-ag.com\/fr\/wp-json\/wp\/v2\/users\/2"}],"replies":[{"embeddable":true,"href":"https:\/\/parrishandheimbecker-ag.com\/fr\/wp-json\/wp\/v2\/comments?post=4280"}],"version-history":[{"count":0,"href":"https:\/\/parrishandheimbecker-ag.com\/fr\/wp-json\/wp\/v2\/pages\/4280\/revisions"}],"up":[{"embeddable":true,"href":"https:\/\/parrishandheimbecker-ag.com\/fr\/wp-json\/wp\/v2\/pages\/4161"}],"wp:attachment":[{"href":"https:\/\/parrishandheimbecker-ag.com\/fr\/wp-json\/wp\/v2\/media?parent=4280"}],"curies":[{"name":"wp","href":"https:\/\/api.w.org\/{rel}","templated":true}]}}