{"id":4283,"date":"2024-08-22T19:27:54","date_gmt":"2024-08-22T19:27:54","guid":{"rendered":"https:\/\/parrishandheimbecker-ag.com\/grain\/grain-pricing-orders\/"},"modified":"2026-02-18T08:26:44","modified_gmt":"2026-02-18T08:26:44","slug":"grain-pricing-orders","status":"publish","type":"page","link":"https:\/\/parrishandheimbecker-ag.com\/fr\/grain\/grain-pricing-orders\/","title":{"rendered":"ordres de tarification des grains"},"content":{"rendered":"\n<section class=\"hero image\" style=\"background: url(https:\/\/parrishandheimbecker-ag.com\/wp-content\/uploads\/2024\/08\/grain-pricing-web-scaled.webp) no-repeat center\/cover;\">\n                <div class=\"overlay\"><\/div>\n    \n    <div class=\"container\">\n         <span class=\"headline\">ORDRES DE TARIFICATION DES GRAINS<\/span>\n                             <\/div>\n    <\/section>\n\n\n\n<section class=\"breadcrumb-block\" style=\"background-color: #ffffff;\">\n    <div class=\"container\">\n        <p id=\"breadcrumbs\"><span><span><a href=\"https:\/\/parrishandheimbecker-ag.com\/fr\/\">Home<\/a><\/span><\/span><\/p>    <\/div>\n<\/section>\n\n\n\n<section class=\"general white top\">\n    <div class=\"container\">\n\n                <div class=\"column\">\n                <div class=\"module text\"><h1>LES ORDRES DE TARIFICATION DES GRAINS VOUS OFFRENT LA TRANQUILLIT\u00c9 D&#039;ESPRIT<\/h1>\n<p>Les ordres de tarification des grains vous offrent une tranquillit\u00e9 d&#039;esprit en vous permettant de d\u00e9finir un prix cible pour un nombre de tonnes et une p\u00e9riode de livraison sp\u00e9cifi\u00e9s.<\/p>\n<p>Fixez votre prix cible avec votre repr\u00e9sentant P&amp;H, et laissez-nous nous occuper du reste. Nous vous appellerons si le march\u00e9 atteint ou d\u00e9passe le prix que vous avez fix\u00e9. Une fois votre objectif de prix atteint, l\u2019OTG devient un contrat juridiquement contraignant.<\/p>\n<p>Les grandes tendances du march\u00e9 sont g\u00e9n\u00e9ralement observ\u00e9es sur des semaines ou des mois. Mais il est difficile de saisir une br\u00e8ve hausse du march\u00e9. Il peut \u00eatre d\u00e9moralisant de r\u00e9aliser que vous avez manqu\u00e9 un bond sur le march\u00e9 nocturne et de voir le prix retomber au moment o\u00f9 vous jetez un \u0153il aux nouvelles.<\/p>\n<h2>Les OTG offrent de la flexibilit\u00e9<\/h2>\n<p>Vous pouvez modifier le prix cible de votre OTG si le march\u00e9 devient haussier et que vous pensez que votre prix cible initial \u00e9tait trop conservateur. Le seul inconv\u00e9nient est que vous devez modifier le prix cible ou annuler la commande pendant les heures ouvrables.<\/p>\n<h2>\u00c9valuez une partie de votre production pr\u00e9vue<\/h2>\n<p>Au fur et \u00e0 mesure que vous \u00e9laborez votre plan marketing, vous pouvez choisir de vendre uniquement la partie de votre r\u00e9colte couverte par l\u2019assurance-r\u00e9colte afin de vous prot\u00e9ger des probl\u00e8mes de production.<\/p>\n<p>Certains analystes recommandent aux producteurs de viser \u00e0 vendre \u00e0 un prix sup\u00e9rieur au prix moyen de l\u2019ann\u00e9e. Discutez avec votre agent d\u2019approvisionnement en grains; il peut vous aider \u00e0 r\u00e9fl\u00e9chir \u00e0 votre prix cible en fonction des donn\u00e9es historiques et des projections du march\u00e9.<\/p>\n<h2>Un marketing disciplin\u00e9 commence par conna\u00eetre votre co\u00fbt de production<\/h2>\n<p>Pour d\u00e9finir un OTG en toute confiance, vous devez conna\u00eetre votre co\u00fbt de production. Divisez votre co\u00fbt total attribu\u00e9 \u00e0 cette culture par le rendement total attendu. Une fois que vous connaissez votre prix d&#039;\u00e9quilibre, vous pouvez examiner les march\u00e9s et vous positionner en fonction de l&#039;\u00e9volution des prix. Bien entendu, les co\u00fbts en esp\u00e8ces, les co\u00fbts fixes et les flux de tr\u00e9sorerie doivent \u00eatre pris en compte lorsque vous fixez les prix. Vous pouvez diviser votre r\u00e9colte projet\u00e9e en fonction de votre app\u00e9tence au risque, en laissant une partie de votre r\u00e9colte pour profiter d&#039;une hausse inattendue.<\/p>\n<p>Les OTG \u00e9liminent une partie de l\u2019\u00e9motion li\u00e9e \u00e0 la commercialisation des grains. La fi\u00e8vre d\u2019un march\u00e9 haussier peut \u00eatre dangereuse, surtout dans un march\u00e9 en \u00e9volution rapide. Si vous pensez que le march\u00e9 va continuer \u00e0 grimper, vous risquez de manquer de bons prix lorsque le march\u00e9 reviendra \u00e0 la normale avant de fixer le prix de votre r\u00e9colte.<\/p>\n<h2>Utiliser les OTG avec d&#039;autres outils marketing<\/h2>\n<p>Les OTG doivent \u00eatre utilis\u00e9s avec d\u2019autres types de contrats dans un plan marketing complet. Un contrat de base est un autre bon outil \u00e0 utiliser. Il vous permet de verrouiller la base, en choisissant une base \u00e9troite avant le mois de livraison.<\/p>\n<p>Travaillez avec votre agent d\u2019approvisionnement en grains. Ils constituent une bonne ressource pour discuter de votre plan marketing et peuvent vous aider \u00e0 mettre en place des OTG pour commercialiser une partie de votre r\u00e9colte.<\/p>\n<p>&nbsp;<\/p>\n<\/div>            <\/div>\n            <\/div>\n<\/section>\n\n<section class=\"cta white\">\n    <div class=\"container\">\n        <div class=\"left noimage\">\n            <h3 style=\"text-align: center\">Votre entreprise, vos r\u00e8gles<br \/>\nG\u00e9rez vos OTG en ligne avec P&amp;H Central<\/h3>\n\n                            <div class=\"buttons\">\n                                            <a class=\"button primary\" href=\"https:\/\/pandhcentral.com\/\" target=\"\"><span>Log In <\/span><\/a>\n                                                        <\/div>\n                    <\/div>\n            <\/div>\n<\/section>","protected":false},"excerpt":{"rendered":"","protected":false},"author":2,"featured_media":0,"parent":4282,"menu_order":0,"comment_status":"closed","ping_status":"closed","template":"","meta":{"_acf_changed":true,"_relevanssi_hide_post":"","_relevanssi_hide_content":"","_relevanssi_pin_for_all":"","_relevanssi_pin_keywords":"","_relevanssi_unpin_keywords":"","_relevanssi_related_keywords":"","_relevanssi_related_include_ids":"","_relevanssi_related_exclude_ids":"","_relevanssi_related_no_append":"","_relevanssi_related_not_related":"","_relevanssi_related_posts":"2782,2176,2092,2052,507,2059","_relevanssi_noindex_reason":"","footnotes":""},"class_list":["post-4283","page","type-page","status-publish","hentry"],"acf":[],"yoast_head":"<!-- This site is optimized with the Yoast SEO Premium plugin v25.2 (Yoast SEO v27.4) - https:\/\/yoast.com\/product\/yoast-seo-premium-wordpress\/ -->\n<title>Ordres de tarification des grains | P&amp;H<\/title>\n<meta name=\"description\" content=\"Maximisez vos ventes de grains gr\u00e2ce aux ordres de tarification des grains (OTG).\" \/>\n<meta name=\"robots\" content=\"index, follow, max-snippet:-1, max-image-preview:large, max-video-preview:-1\" \/>\n<link rel=\"canonical\" href=\"https:\/\/parrishandheimbecker-ag.com\/fr\/grain\/grain-pricing-orders\/\" \/>\n<meta property=\"og:locale\" content=\"fr_FR\" \/>\n<meta property=\"og:type\" content=\"article\" \/>\n<meta property=\"og:title\" content=\"ordres de tarification des grains\" \/>\n<meta property=\"og:description\" content=\"Maximisez vos ventes de grains gr\u00e2ce aux ordres de tarification des grains (OTG).\" \/>\n<meta property=\"og:url\" content=\"https:\/\/parrishandheimbecker-ag.com\/fr\/grain\/grain-pricing-orders\/\" \/>\n<meta property=\"og:site_name\" content=\"P&amp;H Crop Inputs and Grain\" \/>\n<meta property=\"article:publisher\" content=\"https:\/\/www.facebook.com\/ParrishHeimbecker\" \/>\n<meta property=\"article:modified_time\" content=\"2026-02-18T08:26:44+00:00\" \/>\n<meta name=\"twitter:card\" content=\"summary_large_image\" \/>\n<meta name=\"twitter:site\" content=\"@ParrishHeimbeck\" \/>\n<script type=\"application\/ld+json\" class=\"yoast-schema-graph\">{\"@context\":\"https:\\\/\\\/schema.org\",\"@graph\":[{\"@type\":\"WebPage\",\"@id\":\"https:\\\/\\\/parrishandheimbecker-ag.com\\\/fr\\\/grain\\\/grain-pricing-orders\\\/\",\"url\":\"https:\\\/\\\/parrishandheimbecker-ag.com\\\/fr\\\/grain\\\/grain-pricing-orders\\\/\",\"name\":\"Ordres de tarification des grains | P&H\",\"isPartOf\":{\"@id\":\"https:\\\/\\\/parrishandheimbecker-ag.com\\\/fr\\\/#website\"},\"datePublished\":\"2024-08-22T19:27:54+00:00\",\"dateModified\":\"2026-02-18T08:26:44+00:00\",\"description\":\"Maximisez vos ventes de grains gr\u00e2ce aux ordres de tarification des grains (OTG).\",\"breadcrumb\":{\"@id\":\"https:\\\/\\\/parrishandheimbecker-ag.com\\\/fr\\\/grain\\\/grain-pricing-orders\\\/#breadcrumb\"},\"inLanguage\":\"fr-FR\",\"potentialAction\":[{\"@type\":\"ReadAction\",\"target\":[\"https:\\\/\\\/parrishandheimbecker-ag.com\\\/fr\\\/grain\\\/grain-pricing-orders\\\/\"]}]},{\"@type\":\"BreadcrumbList\",\"@id\":\"https:\\\/\\\/parrishandheimbecker-ag.com\\\/fr\\\/grain\\\/grain-pricing-orders\\\/#breadcrumb\",\"itemListElement\":[{\"@type\":\"ListItem\",\"position\":1,\"name\":\"Home\",\"item\":\"https:\\\/\\\/parrishandheimbecker-ag.com\\\/fr\\\/\"},{\"@type\":\"ListItem\",\"position\":2,\"name\":\"Grains\",\"item\":\"https:\\\/\\\/parrishandheimbecker-ag.com\\\/fr\\\/grain\\\/\"},{\"@type\":\"ListItem\",\"position\":3,\"name\":\"ordres de tarification des grains\"}]},{\"@type\":\"WebSite\",\"@id\":\"https:\\\/\\\/parrishandheimbecker-ag.com\\\/fr\\\/#website\",\"url\":\"https:\\\/\\\/parrishandheimbecker-ag.com\\\/fr\\\/\",\"name\":\"P&H Crop Inputs and Grain\",\"description\":\"\",\"publisher\":{\"@id\":\"https:\\\/\\\/parrishandheimbecker-ag.com\\\/fr\\\/#organization\"},\"alternateName\":\"Parrish & Heimbecker Crop Inputs and Grain\",\"potentialAction\":[{\"@type\":\"SearchAction\",\"target\":{\"@type\":\"EntryPoint\",\"urlTemplate\":\"https:\\\/\\\/parrishandheimbecker-ag.com\\\/fr\\\/?s={search_term_string}\"},\"query-input\":{\"@type\":\"PropertyValueSpecification\",\"valueRequired\":true,\"valueName\":\"search_term_string\"}}],\"inLanguage\":\"fr-FR\"},{\"@type\":\"Organization\",\"@id\":\"https:\\\/\\\/parrishandheimbecker-ag.com\\\/fr\\\/#organization\",\"name\":\"P&H Agriculture\",\"url\":\"https:\\\/\\\/parrishandheimbecker-ag.com\\\/fr\\\/\",\"logo\":{\"@type\":\"ImageObject\",\"inLanguage\":\"fr-FR\",\"@id\":\"https:\\\/\\\/parrishandheimbecker-ag.com\\\/fr\\\/#\\\/schema\\\/logo\\\/image\\\/\",\"url\":\"https:\\\/\\\/parrishandheimbecker-ag.com\\\/wp-content\\\/uploads\\\/2024\\\/08\\\/PH-Shield_Ampersand_Lockup_RGB-300x226-1.png\",\"contentUrl\":\"https:\\\/\\\/parrishandheimbecker-ag.com\\\/wp-content\\\/uploads\\\/2024\\\/08\\\/PH-Shield_Ampersand_Lockup_RGB-300x226-1.png\",\"width\":300,\"height\":226,\"caption\":\"P&H Agriculture\"},\"image\":{\"@id\":\"https:\\\/\\\/parrishandheimbecker-ag.com\\\/fr\\\/#\\\/schema\\\/logo\\\/image\\\/\"},\"sameAs\":[\"https:\\\/\\\/www.facebook.com\\\/ParrishHeimbecker\",\"https:\\\/\\\/x.com\\\/ParrishHeimbeck\"]}]}<\/script>\n<!-- \/ Yoast SEO Premium plugin. -->","yoast_head_json":{"title":"Ordres de tarification des grains | P&H","description":"Maximisez vos ventes de grains gr\u00e2ce aux ordres de tarification des grains (OTG).","robots":{"index":"index","follow":"follow","max-snippet":"max-snippet:-1","max-image-preview":"max-image-preview:large","max-video-preview":"max-video-preview:-1"},"canonical":"https:\/\/parrishandheimbecker-ag.com\/fr\/grain\/grain-pricing-orders\/","og_locale":"fr_FR","og_type":"article","og_title":"ordres de tarification des grains","og_description":"Maximisez vos ventes de grains gr\u00e2ce aux ordres de tarification des grains (OTG).","og_url":"https:\/\/parrishandheimbecker-ag.com\/fr\/grain\/grain-pricing-orders\/","og_site_name":"P&amp;H Crop Inputs and Grain","article_publisher":"https:\/\/www.facebook.com\/ParrishHeimbecker","article_modified_time":"2026-02-18T08:26:44+00:00","twitter_card":"summary_large_image","twitter_site":"@ParrishHeimbeck","schema":{"@context":"https:\/\/schema.org","@graph":[{"@type":"WebPage","@id":"https:\/\/parrishandheimbecker-ag.com\/fr\/grain\/grain-pricing-orders\/","url":"https:\/\/parrishandheimbecker-ag.com\/fr\/grain\/grain-pricing-orders\/","name":"Ordres de tarification des grains | P&H","isPartOf":{"@id":"https:\/\/parrishandheimbecker-ag.com\/fr\/#website"},"datePublished":"2024-08-22T19:27:54+00:00","dateModified":"2026-02-18T08:26:44+00:00","description":"Maximisez vos ventes de grains gr\u00e2ce aux ordres de tarification des grains (OTG).","breadcrumb":{"@id":"https:\/\/parrishandheimbecker-ag.com\/fr\/grain\/grain-pricing-orders\/#breadcrumb"},"inLanguage":"fr-FR","potentialAction":[{"@type":"ReadAction","target":["https:\/\/parrishandheimbecker-ag.com\/fr\/grain\/grain-pricing-orders\/"]}]},{"@type":"BreadcrumbList","@id":"https:\/\/parrishandheimbecker-ag.com\/fr\/grain\/grain-pricing-orders\/#breadcrumb","itemListElement":[{"@type":"ListItem","position":1,"name":"Home","item":"https:\/\/parrishandheimbecker-ag.com\/fr\/"},{"@type":"ListItem","position":2,"name":"Grains","item":"https:\/\/parrishandheimbecker-ag.com\/fr\/grain\/"},{"@type":"ListItem","position":3,"name":"ordres de tarification des grains"}]},{"@type":"WebSite","@id":"https:\/\/parrishandheimbecker-ag.com\/fr\/#website","url":"https:\/\/parrishandheimbecker-ag.com\/fr\/","name":"P&H Crop Inputs and Grain","description":"","publisher":{"@id":"https:\/\/parrishandheimbecker-ag.com\/fr\/#organization"},"alternateName":"Parrish & Heimbecker Crop Inputs and Grain","potentialAction":[{"@type":"SearchAction","target":{"@type":"EntryPoint","urlTemplate":"https:\/\/parrishandheimbecker-ag.com\/fr\/?s={search_term_string}"},"query-input":{"@type":"PropertyValueSpecification","valueRequired":true,"valueName":"search_term_string"}}],"inLanguage":"fr-FR"},{"@type":"Organization","@id":"https:\/\/parrishandheimbecker-ag.com\/fr\/#organization","name":"P&H Agriculture","url":"https:\/\/parrishandheimbecker-ag.com\/fr\/","logo":{"@type":"ImageObject","inLanguage":"fr-FR","@id":"https:\/\/parrishandheimbecker-ag.com\/fr\/#\/schema\/logo\/image\/","url":"https:\/\/parrishandheimbecker-ag.com\/wp-content\/uploads\/2024\/08\/PH-Shield_Ampersand_Lockup_RGB-300x226-1.png","contentUrl":"https:\/\/parrishandheimbecker-ag.com\/wp-content\/uploads\/2024\/08\/PH-Shield_Ampersand_Lockup_RGB-300x226-1.png","width":300,"height":226,"caption":"P&H Agriculture"},"image":{"@id":"https:\/\/parrishandheimbecker-ag.com\/fr\/#\/schema\/logo\/image\/"},"sameAs":["https:\/\/www.facebook.com\/ParrishHeimbecker","https:\/\/x.com\/ParrishHeimbeck"]}]}},"_links":{"self":[{"href":"https:\/\/parrishandheimbecker-ag.com\/fr\/wp-json\/wp\/v2\/pages\/4283","targetHints":{"allow":["GET"]}}],"collection":[{"href":"https:\/\/parrishandheimbecker-ag.com\/fr\/wp-json\/wp\/v2\/pages"}],"about":[{"href":"https:\/\/parrishandheimbecker-ag.com\/fr\/wp-json\/wp\/v2\/types\/page"}],"author":[{"embeddable":true,"href":"https:\/\/parrishandheimbecker-ag.com\/fr\/wp-json\/wp\/v2\/users\/2"}],"replies":[{"embeddable":true,"href":"https:\/\/parrishandheimbecker-ag.com\/fr\/wp-json\/wp\/v2\/comments?post=4283"}],"version-history":[{"count":0,"href":"https:\/\/parrishandheimbecker-ag.com\/fr\/wp-json\/wp\/v2\/pages\/4283\/revisions"}],"up":[{"embeddable":true,"href":"https:\/\/parrishandheimbecker-ag.com\/fr\/wp-json\/wp\/v2\/pages\/4282"}],"wp:attachment":[{"href":"https:\/\/parrishandheimbecker-ag.com\/fr\/wp-json\/wp\/v2\/media?parent=4283"}],"curies":[{"name":"wp","href":"https:\/\/api.w.org\/{rel}","templated":true}]}}