{"id":4285,"date":"2024-08-22T19:27:58","date_gmt":"2024-08-22T19:27:58","guid":{"rendered":"https:\/\/parrishandheimbecker-ag.com\/grain\/direct-deposit\/"},"modified":"2026-02-18T08:31:51","modified_gmt":"2026-02-18T08:31:51","slug":"direct-deposit","status":"publish","type":"page","link":"https:\/\/parrishandheimbecker-ag.com\/fr\/grain\/direct-deposit\/","title":{"rendered":"D\u00e9p\u00f4t direct P&amp;H"},"content":{"rendered":"\n<section class=\"hero image\" style=\"background: url(https:\/\/parrishandheimbecker-ag.com\/wp-content\/uploads\/2024\/08\/grain-field-web-scaled.webp) no-repeat center\/cover;\">\n                <div class=\"overlay\"><\/div>\n    \n    <div class=\"container\">\n         <span class=\"headline\">D\u00c9P\u00d4T DIRECT P&amp;H<\/span>\n                             <\/div>\n    <\/section>\n\n\n\n<section class=\"breadcrumb-block\" style=\"background-color: #ffffff;\">\n    <div class=\"container\">\n        <p id=\"breadcrumbs\"><span><span><a href=\"https:\/\/parrishandheimbecker-ag.com\/fr\/\">Home<\/a><\/span><\/span><\/p>    <\/div>\n<\/section>\n\n\n\n<section class=\"general white top\">\n    <div class=\"container\">\n\n                <div class=\"column\">\n                <div class=\"module text\"><h1>RECEVEZ VOS PAIEMENTS PLUS RAPIDEMENT AVEC D\u00c9P\u00d4T DIRECT P&amp;H<\/h1>\n<h2>Pourquoi attendre? Inscrivez-vous d\u00e8s aujourd&#039;hui pour des paiements par d\u00e9p\u00f4t direct rapides et s\u00e9curis\u00e9s<\/h2>\n<p>Parrish &amp; Heimbecker propose un moyen rapide, plus simple et plus s\u00fbr d&#039;\u00eatre pay\u00e9 par d\u00e9p\u00f4t direct. Cela vous permet de recevoir automatiquement des fonds directement sur votre compte bancaire plus rapidement que jamais.<\/p>\n<h2>Commencez le processus d&#039;inscription aujourd&#039;hui<\/h2>\n<ul>\n<li><a href=\"https:\/\/powerforms.docusign.net\/ebc1a4c9-2a08-41e5-9c3d-0221802b564e?env=ca&amp;acct=3f842f11-25bb-4ef7-af6a-3878d5d574fc&amp;accountId=3f842f11-25bb-4ef7-af6a-3878d5d574fc\" target=\"_blank\" rel=\"noopener\">Inscription au d\u00e9p\u00f4t direct DocuSign<\/a><\/li>\n<li><a href=\"https:\/\/parrishandheimbecker-ag.com\/wp-content\/uploads\/2025\/01\/Direct-Deposit-Application-Form-Jan-2025-fillable.pdf\" target=\"_blank\" rel=\"noopener\">Formulaire d&#039;inscription au d\u00e9p\u00f4t direct<\/a><\/li>\n<li><a href=\"https:\/\/parrishandheimbecker-ag.com\/wp-content\/uploads\/2025\/01\/Direct-Deposit-Account-Setup-Guidelines-DocuSign-Jan-2025.pdf\" target=\"_blank\" rel=\"noopener\">Directives de configuration de compte<\/a><\/li>\n<\/ul>\n<\/div>            <\/div>\n            <\/div>\n<\/section>\n\n<section class=\"accordion gray\">\n    <div class=\"container\">\n    <div class=\"intro\"><h2 style=\"text-align: center\">FAQ sur le d\u00e9p\u00f4t direct<\/h2>\n<\/div>        <div class=\"accordionItems  padding\" id=\"accordionItems-1\">\n            \n                    <div class=\"accordionItem\"><div class=\"accordionTitle accordionTitle-1\" id=\"accordionTitle-1-1\"><span>Comment puis-je m&rsquo;inscrire?<\/span><\/div>\n                    <div class=\"accordionCopy accordionCopy-1\" id=\"accordionCopy-1-1\"><p>P&amp;H dispose d&#039;un processus d&#039;inscription au d\u00e9p\u00f4t direct simple et s\u00e9curis\u00e9. Tout ce dont vous avez besoin, ce sont quelques informations bancaires standard pour compl\u00e9ter la demande. Il existe deux m\u00e9thodes pour mettre en place un d\u00e9p\u00f4t direct\u00a0:<\/p>\n<h3>M\u00e9thode n\u00b01 \u2013 DocuSign :<\/h3>\n<ol>\n<li>Pour commencer, vous aurez besoin d&#039;une copie d&#039;un ch\u00e8que \u00ab annul\u00e9 \u00bb ou d&#039;une lettre de votre banque confirmant vos coordonn\u00e9es bancaires et utilisant un format pouvant \u00eatre envoy\u00e9 par voie \u00e9lectronique.\n<ul>\n<li>Si vous \u00eates sur votre ordinateur, enregistrez-les dans un endroit facile \u00e0 trouver.<\/li>\n<\/ul>\n<\/li>\n<li><a href=\"https:\/\/powerforms.docusign.net\/ebc1a4c9-2a08-41e5-9c3d-0221802b564e?env=ca&amp;acct=3f842f11-25bb-4ef7-af6a-3878d5d574fc&amp;accountId=3f842f11-25bb-4ef7-af6a-3878d5d574fc\" target=\"_blank\" rel=\"noopener\">Cliquez ici<\/a>, vous serez redirig\u00e9 vers DocuSign, une plateforme en ligne s\u00e9curis\u00e9e que nous utilisons d\u00e9j\u00e0 pour les contrats P&amp;H, les OTG et autres informations sensibles et prot\u00e9g\u00e9es.<\/li>\n<li>Vous pourrez ensuite utiliser vos informations pour compl\u00e9ter et soumettre le formulaire en ligne pour un paiement s\u00e9curis\u00e9.\n<ul>\n<li>Un guide \u00e9tape par \u00e9tape sur la fa\u00e7on de remplir le formulaire est disponible en t\u00e9l\u00e9chargement ci-dessus.<\/li>\n<\/ul>\n<\/li>\n<\/ol>\n<p><strong>M\u00e9thode n\u00b0 2 \u2013 Courriel\/T\u00e9l\u00e9copieur :<\/strong><\/p>\n<ol>\n<li>Vous pouvez imprimer et nous envoyer par courriel ou par t\u00e9l\u00e9copieur votre formulaire de demande de d\u00e9p\u00f4t direct d\u00fbment rempli et un ch\u00e8que annul\u00e9 \u00e0 <a href=\"mailto:directdeposit@pandh.ca\">directdeposit@pandh.ca<\/a> ou par t\u00e9l\u00e9copieur au 1-877-987-2788. Le formulaire est li\u00e9 ci-dessus.<\/li>\n<\/ol>\n<\/div><\/div>\n                \n                    <div class=\"accordionItem\"><div class=\"accordionTitle accordionTitle-1\" id=\"accordionTitle-2-1\"><span>De quels documents ai-je besoin pour remplir le formulaire? <\/span><\/div>\n                    <div class=\"accordionCopy accordionCopy-1\" id=\"accordionCopy-2-1\"><ul>\n<li><strong>Nom de l&#039;entreprise<\/strong> : tel qu&#039;il appara\u00eet sur votre compte P&amp;H \u2013 il peut s&#039;agir de votre pr\u00e9nom et de votre nom ou du nom r\u00e9el de votre entreprise. REMARQUE : Si le nom de l&#039;entreprise sur votre compte bancaire diff\u00e8re de celui qui appara\u00eet sur votre compte P&amp;H, veuillez envoyer un courriel \u00e0 directdeposit@pandh.ca.<\/li>\n<li>Num\u00e9ro <strong>de compte P&amp;H\u00a0<\/strong>: Si vous ne connaissez pas votre num\u00e9ro de compte P&amp;H, consultez un relev\u00e9 de r\u00e8glement ou un talon de ch\u00e8que ant\u00e9rieur<\/li>\n<li><strong>Nom du contact\u00a0<\/strong>: Qui contacter si P&amp;H a des questions sur ce formulaire<\/li>\n<li><strong>Num\u00e9ro de t\u00e9l\u00e9phone<\/strong> : du nom du contact<\/li>\n<li><strong><\/strong>Courriel pour les r\u00e8glements\u00a0: cela doit correspondre au courriel de votre compte P&amp;H<\/li>\n<\/ul>\n<\/div><\/div>\n                \n                    <div class=\"accordionItem\"><div class=\"accordionTitle accordionTitle-1\" id=\"accordionTitle-3-1\"><span>Combien de temps faut-il pour s&rsquo;inscrire? Quand recevrai-je les paiements? <\/span><\/div>\n                    <div class=\"accordionCopy accordionCopy-1\" id=\"accordionCopy-3-1\"><p>L\u2019inscription devrait prendre 10 minutes ou moins. Votre compte sera enti\u00e8rement configur\u00e9 dans un d\u00e9lai de cinq jours ouvrables, vous permettant de commencer \u00e0 recevoir des d\u00e9p\u00f4ts \u00e0 ce moment-l\u00e0.<\/p>\n<\/div><\/div>\n                \n                    <div class=\"accordionItem\"><div class=\"accordionTitle accordionTitle-1\" id=\"accordionTitle-4-1\"><span>\u00c0 quoi puis-je m\u2019attendre avec mon premier d\u00e9p\u00f4t? Recevrai-je toutes les m\u00eames informations avec un ch\u00e8que physique? <\/span><\/div>\n                    <div class=\"accordionCopy accordionCopy-1\" id=\"accordionCopy-4-1\"><p>Vous recevrez tous les m\u00eames documents de sauvegarde que ceux que vous recevriez avec un ch\u00e8que physique. Ces informations vous seront fournies lorsque vous recevrez votre d\u00e9p\u00f4t direct, y compris les informations de paiement et de r\u00e8glement. Ces r\u00e8glements peuvent vous \u00eatre envoy\u00e9s par courriel ou par courrier.<\/p>\n<\/div><\/div>\n                \n                    <div class=\"accordionItem\"><div class=\"accordionTitle accordionTitle-1\" id=\"accordionTitle-5-1\"><span>Y aura-t-il un appel de confirmation si ma banque n\u2019a pas encore \u00e9t\u00e9 configur\u00e9e pour le d\u00e9p\u00f4t direct P&amp;H? <\/span><\/div>\n                    <div class=\"accordionCopy accordionCopy-1\" id=\"accordionCopy-5-1\"><p>Oui, si vous demandez la configuration d&rsquo;un d\u00e9p\u00f4t direct sur un compte bancaire qui n&rsquo;a pas \u00e9t\u00e9 utilis\u00e9 pr\u00e9c\u00e9demment pour d\u00e9poser un ch\u00e8que P&amp;H, vous recevrez un appel d&rsquo;un employ\u00e9 de P&amp;H pour confirmer les informations bancaires. Cela permet de garantir que le compte bancaire est l\u00e9gitime et que la demande provient bien des personnes officiellement connect\u00e9es \u00e0 votre compte.<\/p>\n<\/div><\/div>\n                \n                    <div class=\"accordionItem\"><div class=\"accordionTitle accordionTitle-1\" id=\"accordionTitle-6-1\"><span>Un paiement par d\u00e9p\u00f4t direct peut-il \u00eatre diff\u00e9r\u00e9? <\/span><\/div>\n                    <div class=\"accordionCopy accordionCopy-1\" id=\"accordionCopy-6-1\"><p>Oui, les paiements par d\u00e9p\u00f4t direct peuvent \u00eatre diff\u00e9r\u00e9s.<\/p>\n<\/div><\/div>\n                \n                    <div class=\"accordionItem\"><div class=\"accordionTitle accordionTitle-1\" id=\"accordionTitle-7-1\"><span>Qui dois-je contacter si je rencontre des probl\u00e8mes avec le formulaire?\u202f <\/span><\/div>\n                    <div class=\"accordionCopy accordionCopy-1\" id=\"accordionCopy-7-1\"><p>Veuillez nous envoyer un courriel \u00e0 <a href=\"mailto:directdeposit@pandh.ca\">directdeposit@pandh.ca<\/a> ou contacter votre <a href=\"https:\/\/parrishandheimbecker-ag.com\/fr\/find-a-location\/\">succursale P&amp;H<\/a> locale.<\/p>\n<\/div><\/div>\n                        <\/div>\n    <\/div>\n<\/section>\n<section class=\"cta white\">\n    <div class=\"container\">\n        <div class=\"left noimage\">\n            <h3 style=\"text-align: center\">Recevez vos paiements plus rapidement<\/h3>\n\n                            <div class=\"buttons\">\n                                            <a class=\"button primary\" href=\"https:\/\/parrishandheimbecker-ag.com\/wp-content\/uploads\/2024\/08\/Direct-Deposit-Application-Form-Nov-2021-fillable-updated.pdf\" target=\"\"><span>Sign-up today<\/span><\/a>\n                                                        <\/div>\n                    <\/div>\n            <\/div>\n<\/section>","protected":false},"excerpt":{"rendered":"","protected":false},"author":2,"featured_media":0,"parent":4282,"menu_order":2,"comment_status":"closed","ping_status":"closed","template":"","meta":{"_acf_changed":false,"_relevanssi_hide_post":"","_relevanssi_hide_content":"","_relevanssi_pin_for_all":"","_relevanssi_pin_keywords":"","_relevanssi_unpin_keywords":"","_relevanssi_related_keywords":"","_relevanssi_related_include_ids":"","_relevanssi_related_exclude_ids":"","_relevanssi_related_no_append":"","_relevanssi_related_not_related":"","_relevanssi_related_posts":"2782,2176,2092,2052,507,2059","_relevanssi_noindex_reason":"","footnotes":""},"class_list":["post-4285","page","type-page","status-publish","hentry"],"acf":[],"yoast_head":"<!-- This site is optimized with the Yoast SEO Premium plugin v25.2 (Yoast SEO v27.4) - https:\/\/yoast.com\/product\/yoast-seo-premium-wordpress\/ -->\n<title>D\u00e9p\u00f4t direct P&amp;H | P&amp;H<\/title>\n<meta name=\"description\" content=\"Recevez vos paiements plus rapidement gr\u00e2ce aux d\u00e9p\u00f4ts directs P&amp;H d\u00e8s aujourd\u2019hui.\" \/>\n<meta name=\"robots\" content=\"index, follow, max-snippet:-1, max-image-preview:large, max-video-preview:-1\" \/>\n<link rel=\"canonical\" href=\"https:\/\/parrishandheimbecker-ag.com\/fr\/grain\/direct-deposit\/\" \/>\n<meta property=\"og:locale\" content=\"fr_FR\" \/>\n<meta property=\"og:type\" content=\"article\" \/>\n<meta property=\"og:title\" content=\"D\u00e9p\u00f4t direct P&amp;H\" \/>\n<meta property=\"og:description\" content=\"Recevez vos paiements plus rapidement gr\u00e2ce aux d\u00e9p\u00f4ts directs P&amp;H d\u00e8s aujourd\u2019hui.\" \/>\n<meta property=\"og:url\" content=\"https:\/\/parrishandheimbecker-ag.com\/fr\/grain\/direct-deposit\/\" \/>\n<meta property=\"og:site_name\" content=\"P&amp;H Crop Inputs and Grain\" \/>\n<meta property=\"article:publisher\" content=\"https:\/\/www.facebook.com\/ParrishHeimbecker\" \/>\n<meta property=\"article:modified_time\" content=\"2026-02-18T08:31:51+00:00\" \/>\n<meta name=\"twitter:card\" content=\"summary_large_image\" \/>\n<meta name=\"twitter:site\" content=\"@ParrishHeimbeck\" \/>\n<script type=\"application\/ld+json\" class=\"yoast-schema-graph\">{\"@context\":\"https:\\\/\\\/schema.org\",\"@graph\":[{\"@type\":\"WebPage\",\"@id\":\"https:\\\/\\\/parrishandheimbecker-ag.com\\\/fr\\\/grain\\\/direct-deposit\\\/\",\"url\":\"https:\\\/\\\/parrishandheimbecker-ag.com\\\/fr\\\/grain\\\/direct-deposit\\\/\",\"name\":\"D\u00e9p\u00f4t direct P&H | P&H\",\"isPartOf\":{\"@id\":\"https:\\\/\\\/parrishandheimbecker-ag.com\\\/fr\\\/#website\"},\"datePublished\":\"2024-08-22T19:27:58+00:00\",\"dateModified\":\"2026-02-18T08:31:51+00:00\",\"description\":\"Recevez vos paiements plus rapidement gr\u00e2ce aux d\u00e9p\u00f4ts directs P&H d\u00e8s aujourd\u2019hui.\",\"breadcrumb\":{\"@id\":\"https:\\\/\\\/parrishandheimbecker-ag.com\\\/fr\\\/grain\\\/direct-deposit\\\/#breadcrumb\"},\"inLanguage\":\"fr-FR\",\"potentialAction\":[{\"@type\":\"ReadAction\",\"target\":[\"https:\\\/\\\/parrishandheimbecker-ag.com\\\/fr\\\/grain\\\/direct-deposit\\\/\"]}]},{\"@type\":\"BreadcrumbList\",\"@id\":\"https:\\\/\\\/parrishandheimbecker-ag.com\\\/fr\\\/grain\\\/direct-deposit\\\/#breadcrumb\",\"itemListElement\":[{\"@type\":\"ListItem\",\"position\":1,\"name\":\"Home\",\"item\":\"https:\\\/\\\/parrishandheimbecker-ag.com\\\/fr\\\/\"},{\"@type\":\"ListItem\",\"position\":2,\"name\":\"Grains\",\"item\":\"https:\\\/\\\/parrishandheimbecker-ag.com\\\/fr\\\/grain\\\/\"},{\"@type\":\"ListItem\",\"position\":3,\"name\":\"D\u00e9p\u00f4t direct P&amp;H\"}]},{\"@type\":\"WebSite\",\"@id\":\"https:\\\/\\\/parrishandheimbecker-ag.com\\\/fr\\\/#website\",\"url\":\"https:\\\/\\\/parrishandheimbecker-ag.com\\\/fr\\\/\",\"name\":\"P&H Crop Inputs and Grain\",\"description\":\"\",\"publisher\":{\"@id\":\"https:\\\/\\\/parrishandheimbecker-ag.com\\\/fr\\\/#organization\"},\"alternateName\":\"Parrish & Heimbecker Crop Inputs and Grain\",\"potentialAction\":[{\"@type\":\"SearchAction\",\"target\":{\"@type\":\"EntryPoint\",\"urlTemplate\":\"https:\\\/\\\/parrishandheimbecker-ag.com\\\/fr\\\/?s={search_term_string}\"},\"query-input\":{\"@type\":\"PropertyValueSpecification\",\"valueRequired\":true,\"valueName\":\"search_term_string\"}}],\"inLanguage\":\"fr-FR\"},{\"@type\":\"Organization\",\"@id\":\"https:\\\/\\\/parrishandheimbecker-ag.com\\\/fr\\\/#organization\",\"name\":\"P&H Agriculture\",\"url\":\"https:\\\/\\\/parrishandheimbecker-ag.com\\\/fr\\\/\",\"logo\":{\"@type\":\"ImageObject\",\"inLanguage\":\"fr-FR\",\"@id\":\"https:\\\/\\\/parrishandheimbecker-ag.com\\\/fr\\\/#\\\/schema\\\/logo\\\/image\\\/\",\"url\":\"https:\\\/\\\/parrishandheimbecker-ag.com\\\/wp-content\\\/uploads\\\/2024\\\/08\\\/PH-Shield_Ampersand_Lockup_RGB-300x226-1.png\",\"contentUrl\":\"https:\\\/\\\/parrishandheimbecker-ag.com\\\/wp-content\\\/uploads\\\/2024\\\/08\\\/PH-Shield_Ampersand_Lockup_RGB-300x226-1.png\",\"width\":300,\"height\":226,\"caption\":\"P&H Agriculture\"},\"image\":{\"@id\":\"https:\\\/\\\/parrishandheimbecker-ag.com\\\/fr\\\/#\\\/schema\\\/logo\\\/image\\\/\"},\"sameAs\":[\"https:\\\/\\\/www.facebook.com\\\/ParrishHeimbecker\",\"https:\\\/\\\/x.com\\\/ParrishHeimbeck\"]}]}<\/script>\n<!-- \/ Yoast SEO Premium plugin. -->","yoast_head_json":{"title":"D\u00e9p\u00f4t direct P&H | P&H","description":"Recevez vos paiements plus rapidement gr\u00e2ce aux d\u00e9p\u00f4ts directs P&H d\u00e8s aujourd\u2019hui.","robots":{"index":"index","follow":"follow","max-snippet":"max-snippet:-1","max-image-preview":"max-image-preview:large","max-video-preview":"max-video-preview:-1"},"canonical":"https:\/\/parrishandheimbecker-ag.com\/fr\/grain\/direct-deposit\/","og_locale":"fr_FR","og_type":"article","og_title":"D\u00e9p\u00f4t direct P&amp;H","og_description":"Recevez vos paiements plus rapidement gr\u00e2ce aux d\u00e9p\u00f4ts directs P&H d\u00e8s aujourd\u2019hui.","og_url":"https:\/\/parrishandheimbecker-ag.com\/fr\/grain\/direct-deposit\/","og_site_name":"P&amp;H Crop Inputs and Grain","article_publisher":"https:\/\/www.facebook.com\/ParrishHeimbecker","article_modified_time":"2026-02-18T08:31:51+00:00","twitter_card":"summary_large_image","twitter_site":"@ParrishHeimbeck","schema":{"@context":"https:\/\/schema.org","@graph":[{"@type":"WebPage","@id":"https:\/\/parrishandheimbecker-ag.com\/fr\/grain\/direct-deposit\/","url":"https:\/\/parrishandheimbecker-ag.com\/fr\/grain\/direct-deposit\/","name":"D\u00e9p\u00f4t direct P&H | P&H","isPartOf":{"@id":"https:\/\/parrishandheimbecker-ag.com\/fr\/#website"},"datePublished":"2024-08-22T19:27:58+00:00","dateModified":"2026-02-18T08:31:51+00:00","description":"Recevez vos paiements plus rapidement gr\u00e2ce aux d\u00e9p\u00f4ts directs P&H d\u00e8s aujourd\u2019hui.","breadcrumb":{"@id":"https:\/\/parrishandheimbecker-ag.com\/fr\/grain\/direct-deposit\/#breadcrumb"},"inLanguage":"fr-FR","potentialAction":[{"@type":"ReadAction","target":["https:\/\/parrishandheimbecker-ag.com\/fr\/grain\/direct-deposit\/"]}]},{"@type":"BreadcrumbList","@id":"https:\/\/parrishandheimbecker-ag.com\/fr\/grain\/direct-deposit\/#breadcrumb","itemListElement":[{"@type":"ListItem","position":1,"name":"Home","item":"https:\/\/parrishandheimbecker-ag.com\/fr\/"},{"@type":"ListItem","position":2,"name":"Grains","item":"https:\/\/parrishandheimbecker-ag.com\/fr\/grain\/"},{"@type":"ListItem","position":3,"name":"D\u00e9p\u00f4t direct P&amp;H"}]},{"@type":"WebSite","@id":"https:\/\/parrishandheimbecker-ag.com\/fr\/#website","url":"https:\/\/parrishandheimbecker-ag.com\/fr\/","name":"P&H Crop Inputs and Grain","description":"","publisher":{"@id":"https:\/\/parrishandheimbecker-ag.com\/fr\/#organization"},"alternateName":"Parrish & Heimbecker Crop Inputs and Grain","potentialAction":[{"@type":"SearchAction","target":{"@type":"EntryPoint","urlTemplate":"https:\/\/parrishandheimbecker-ag.com\/fr\/?s={search_term_string}"},"query-input":{"@type":"PropertyValueSpecification","valueRequired":true,"valueName":"search_term_string"}}],"inLanguage":"fr-FR"},{"@type":"Organization","@id":"https:\/\/parrishandheimbecker-ag.com\/fr\/#organization","name":"P&H Agriculture","url":"https:\/\/parrishandheimbecker-ag.com\/fr\/","logo":{"@type":"ImageObject","inLanguage":"fr-FR","@id":"https:\/\/parrishandheimbecker-ag.com\/fr\/#\/schema\/logo\/image\/","url":"https:\/\/parrishandheimbecker-ag.com\/wp-content\/uploads\/2024\/08\/PH-Shield_Ampersand_Lockup_RGB-300x226-1.png","contentUrl":"https:\/\/parrishandheimbecker-ag.com\/wp-content\/uploads\/2024\/08\/PH-Shield_Ampersand_Lockup_RGB-300x226-1.png","width":300,"height":226,"caption":"P&H Agriculture"},"image":{"@id":"https:\/\/parrishandheimbecker-ag.com\/fr\/#\/schema\/logo\/image\/"},"sameAs":["https:\/\/www.facebook.com\/ParrishHeimbecker","https:\/\/x.com\/ParrishHeimbeck"]}]}},"_links":{"self":[{"href":"https:\/\/parrishandheimbecker-ag.com\/fr\/wp-json\/wp\/v2\/pages\/4285","targetHints":{"allow":["GET"]}}],"collection":[{"href":"https:\/\/parrishandheimbecker-ag.com\/fr\/wp-json\/wp\/v2\/pages"}],"about":[{"href":"https:\/\/parrishandheimbecker-ag.com\/fr\/wp-json\/wp\/v2\/types\/page"}],"author":[{"embeddable":true,"href":"https:\/\/parrishandheimbecker-ag.com\/fr\/wp-json\/wp\/v2\/users\/2"}],"replies":[{"embeddable":true,"href":"https:\/\/parrishandheimbecker-ag.com\/fr\/wp-json\/wp\/v2\/comments?post=4285"}],"version-history":[{"count":0,"href":"https:\/\/parrishandheimbecker-ag.com\/fr\/wp-json\/wp\/v2\/pages\/4285\/revisions"}],"up":[{"embeddable":true,"href":"https:\/\/parrishandheimbecker-ag.com\/fr\/wp-json\/wp\/v2\/pages\/4282"}],"wp:attachment":[{"href":"https:\/\/parrishandheimbecker-ag.com\/fr\/wp-json\/wp\/v2\/media?parent=4285"}],"curies":[{"name":"wp","href":"https:\/\/api.w.org\/{rel}","templated":true}]}}